{"id":20056,"date":"2022-09-24T16:08:13","date_gmt":"2022-09-24T14:08:13","guid":{"rendered":"https:\/\/3r-prev.com\/gba\/?post_type=product&#038;p=20056"},"modified":"2024-09-27T12:42:55","modified_gmt":"2024-09-27T10:42:55","slug":"pierre-henry-gomont-tirage-de-luxe-slava-1-apres-la-chute","status":"publish","type":"product","link":"https:\/\/3r-prev.com\/gba\/produit\/pierre-henry-gomont-tirage-de-luxe-slava-1-apres-la-chute\/","title":{"rendered":"PIERRE-HENRY GOMONT &#8211; Tirage de luxe &#8211; Slava 1. Apr\u00e8s la chute"},"content":{"rendered":"<p>Edit\u00e9 par \u00c9ditions Barbier<\/p>\n<p>Tirage de luxe noir et blanc limit\u00e9 \u00e0 180 exemplaires num\u00e9rot\u00e9s avec une couverture in\u00e9dite, accompagn\u00e9s d\u2019une lithographie in\u00e9dite num\u00e9rot\u00e9e et sign\u00e9e par l\u2019artiste, augment\u00e9e de pages de dessins pr\u00e9paratoires, croquis et storyboards. Ouvrage initialement paru aux \u00e9ditions Dargaud.<\/p>\n<p>En vente exclusivement \u00e0 la galerie Barbier.<\/p>\n<div class=\"page\" title=\"Page 3\">\n<div class=\"layoutArea\">\n<div class=\"column\">\nISBN : 9782919243464<br \/>\n144 pages<br \/>\n21 x 28 cm<\/p>\n<p>Tirage limite\u0301 a\u0300 200 exemplaires (dont 20 HC) nume\u0301rote\u0301s accompagne\u0301s d\u2019une lithographie nume\u0301rote\u0301e et signe\u0301e.<br \/>\nPARUTION 13 OCTOBRE 2022<\/p>\n<\/div>\n<\/div>\n<\/div>\n","protected":false},"excerpt":{"rendered":"<p>Edit\u00e9 par \u00c9ditions Barbier Tirage de luxe noir et blanc limit\u00e9 \u00e0 180 exemplaires num\u00e9rot\u00e9s avec une couverture in\u00e9dite, accompagn\u00e9s d\u2019une lithographie in\u00e9dite num\u00e9rot\u00e9e et sign\u00e9e par l\u2019artiste, augment\u00e9e de<\/p>\n","protected":false},"featured_media":41337,"template":"","meta":{"_acf_changed":false},"product_cat":[19],"product_tag":[],"exhibition":[229],"artist":[78],"class_list":{"0":"post-20056","1":"product","2":"type-product","3":"status-publish","4":"has-post-thumbnail","6":"product_cat-livres","7":"exhibition-slava-apres-la-chute","8":"artist-pierre-henry-gomont","10":"first","11":"instock","12":"shipping-taxable","13":"purchasable","14":"product-type-simple"},"acf":[],"_links":{"self":[{"href":"https:\/\/3r-prev.com\/gba\/wp-json\/wp\/v2\/product\/20056","targetHints":{"allow":["GET"]}}],"collection":[{"href":"https:\/\/3r-prev.com\/gba\/wp-json\/wp\/v2\/product"}],"about":[{"href":"https:\/\/3r-prev.com\/gba\/wp-json\/wp\/v2\/types\/product"}],"wp:featuredmedia":[{"embeddable":true,"href":"https:\/\/3r-prev.com\/gba\/wp-json\/wp\/v2\/media\/41337"}],"wp:attachment":[{"href":"https:\/\/3r-prev.com\/gba\/wp-json\/wp\/v2\/media?parent=20056"}],"wp:term":[{"taxonomy":"product_cat","embeddable":true,"href":"https:\/\/3r-prev.com\/gba\/wp-json\/wp\/v2\/product_cat?post=20056"},{"taxonomy":"product_tag","embeddable":true,"href":"https:\/\/3r-prev.com\/gba\/wp-json\/wp\/v2\/product_tag?post=20056"},{"taxonomy":"exhibition","embeddable":true,"href":"https:\/\/3r-prev.com\/gba\/wp-json\/wp\/v2\/exhibition?post=20056"},{"taxonomy":"artist","embeddable":true,"href":"https:\/\/3r-prev.com\/gba\/wp-json\/wp\/v2\/artist?post=20056"}],"curies":[{"name":"wp","href":"https:\/\/api.w.org\/{rel}","templated":true}]}}