{"id":18679,"date":"2022-05-31T16:16:30","date_gmt":"2022-05-31T14:16:30","guid":{"rendered":"https:\/\/3r-prev.com\/gba\/?post_type=product&#038;p=18679"},"modified":"2024-09-27T12:42:54","modified_gmt":"2024-09-27T10:42:54","slug":"charles-berberian-albin-de-la-simone-happy-end","status":"publish","type":"product","link":"https:\/\/3r-prev.com\/gba\/produit\/charles-berberian-albin-de-la-simone-happy-end\/","title":{"rendered":"CHARLES BERBERIAN &#8211; ALBIN DE LA SIMONE &#8211; Happy end"},"content":{"rendered":"<div class=\"page\" title=\"Page 6\">\n<div class=\"layoutArea\">\n<div class=\"column\">\n<p>\u00ab\u00a0Charles Berberian est un dessinateur. Albin de la Simone est un musicien. Il est apparu ces derni\u00e8res ann\u00e9es que l\u2019inverse \u00e9tait aussi vrai. Et s\u2019ils pratiquent la musique ensemble dans de nombreux contextes, on ne les avait encore jamais vus dessiner sur le m\u00eame papier. Jusqu\u2019\u00e0 la sortie de Happy End, l\u2019album instrumental d\u2019Albin, dont les morceaux \u00e0 la musique tr\u00e8s imag\u00e9e ont chacun inspir\u00e9 \u00e0 Charles une interpr\u00e9tation libre, \u00e0 l\u2019aquarelle. Les tulipes, Soleil, La chambre, La falaise&#8230; douze aquarelles chatoyantes sont ainsi n\u00e9es sous le pinceau m\u00e9lomane de Charles, autour desquelles Albin a ajout\u00e9 dessins et textes \u00e0 la plume noire pour pr\u00e9ciser son intention originelle (parfois diff\u00e9rente de l\u2019interpr\u00e9tation de Charles), ainsi que quelques secrets de fabrication desdits morceaux de musique.\u00a0\u00bb<\/p>\n<p>Cet ouvrage publi\u00e9 par les \u00e9ditions Barbier regroupe les dessins pr\u00e9sent\u00e9s \u00e0 l\u2019exposition Happy End de Charles Berberian et Albin de la Simone.<\/p>\n<p>Tirage limit\u00e9 \u00e0 80 exemplaires num\u00e9rot\u00e9s et sign\u00e9s par les deux artistes.<br \/>\nEn vente exclusivement \u00e0 la galerie Barbier<br \/>\n21 x 29,7 cm. 28 pages.<\/p>\n<\/div>\n<\/div>\n<\/div>\n","protected":false},"excerpt":{"rendered":"<p>\u00ab\u00a0Charles Berberian est un dessinateur. Albin de la Simone est un musicien. Il est apparu ces derni\u00e8res ann\u00e9es que l\u2019inverse \u00e9tait aussi vrai. Et s\u2019ils pratiquent la musique ensemble dans<\/p>\n","protected":false},"featured_media":41333,"template":"","meta":{"_acf_changed":false},"product_cat":[19],"product_tag":[],"exhibition":[220],"artist":[221,46],"class_list":{"0":"post-18679","1":"product","2":"type-product","3":"status-publish","4":"has-post-thumbnail","6":"product_cat-livres","7":"exhibition-happy-end-dessins","8":"artist-albin-de-la-simone","9":"artist-charles-berberian","11":"first","12":"instock","13":"shipping-taxable","14":"purchasable","15":"product-type-simple"},"acf":[],"_links":{"self":[{"href":"https:\/\/3r-prev.com\/gba\/wp-json\/wp\/v2\/product\/18679","targetHints":{"allow":["GET"]}}],"collection":[{"href":"https:\/\/3r-prev.com\/gba\/wp-json\/wp\/v2\/product"}],"about":[{"href":"https:\/\/3r-prev.com\/gba\/wp-json\/wp\/v2\/types\/product"}],"wp:featuredmedia":[{"embeddable":true,"href":"https:\/\/3r-prev.com\/gba\/wp-json\/wp\/v2\/media\/41333"}],"wp:attachment":[{"href":"https:\/\/3r-prev.com\/gba\/wp-json\/wp\/v2\/media?parent=18679"}],"wp:term":[{"taxonomy":"product_cat","embeddable":true,"href":"https:\/\/3r-prev.com\/gba\/wp-json\/wp\/v2\/product_cat?post=18679"},{"taxonomy":"product_tag","embeddable":true,"href":"https:\/\/3r-prev.com\/gba\/wp-json\/wp\/v2\/product_tag?post=18679"},{"taxonomy":"exhibition","embeddable":true,"href":"https:\/\/3r-prev.com\/gba\/wp-json\/wp\/v2\/exhibition?post=18679"},{"taxonomy":"artist","embeddable":true,"href":"https:\/\/3r-prev.com\/gba\/wp-json\/wp\/v2\/artist?post=18679"}],"curies":[{"name":"wp","href":"https:\/\/api.w.org\/{rel}","templated":true}]}}