{"id":18666,"date":"2022-05-31T15:41:02","date_gmt":"2022-05-31T13:41:02","guid":{"rendered":"https:\/\/3r-prev.com\/gba\/?post_type=product&#038;p=18666"},"modified":"2024-09-27T12:42:53","modified_gmt":"2024-09-27T10:42:53","slug":"charles-berberian-dessiner-en-concert","status":"publish","type":"product","link":"https:\/\/3r-prev.com\/gba\/produit\/charles-berberian-dessiner-en-concert\/","title":{"rendered":"CHARLES BERBERIAN &#8211; Dessiner en concert"},"content":{"rendered":"<p>Recueil de dessins r\u00e9alis\u00e9s pendant des concerts \u00a0par Charles Berberian. R\u00e9alis\u00e9s \u00e0 l\u2019aquarelle sur de grandes feuilles, ils sont enlev\u00e9s, color\u00e9s, po\u00e9tiques.<\/p>\n<p>On assiste aux concerts de ses amis tels que Rodolphe Burger, Bastien Lallemant, Pascal Comelade, JP Nataf, Albin de la Simone ou encore Erik Truffaz.<\/p>\n<p>&nbsp;<\/p>\n<p>Tirage limit\u00e9 \u00e0 180 exemplaires num\u00e9rot\u00e9s assortis d\u2019une lithographie num\u00e9rot\u00e9e et sign\u00e9e.<br \/>\nEn vente exclusivement \u00e0 la galerie Barbier.<br \/>\n16 x 20,5 cm. 228 pages.<\/p>\n","protected":false},"excerpt":{"rendered":"<p>Recueil de dessins r\u00e9alis\u00e9s pendant des concerts \u00a0par Charles Berberian. R\u00e9alis\u00e9s \u00e0 l\u2019aquarelle sur de grandes feuilles, ils sont enlev\u00e9s, color\u00e9s, po\u00e9tiques. On assiste aux concerts de ses amis tels<\/p>\n","protected":false},"featured_media":41326,"template":"","meta":{"_acf_changed":false},"product_cat":[19],"product_tag":[],"exhibition":[220],"artist":[46],"class_list":{"0":"post-18666","1":"product","2":"type-product","3":"status-publish","4":"has-post-thumbnail","6":"product_cat-livres","7":"exhibition-happy-end-dessins","8":"artist-charles-berberian","10":"first","11":"outofstock","12":"shipping-taxable","13":"purchasable","14":"product-type-simple"},"acf":[],"_links":{"self":[{"href":"https:\/\/3r-prev.com\/gba\/wp-json\/wp\/v2\/product\/18666","targetHints":{"allow":["GET"]}}],"collection":[{"href":"https:\/\/3r-prev.com\/gba\/wp-json\/wp\/v2\/product"}],"about":[{"href":"https:\/\/3r-prev.com\/gba\/wp-json\/wp\/v2\/types\/product"}],"wp:featuredmedia":[{"embeddable":true,"href":"https:\/\/3r-prev.com\/gba\/wp-json\/wp\/v2\/media\/41326"}],"wp:attachment":[{"href":"https:\/\/3r-prev.com\/gba\/wp-json\/wp\/v2\/media?parent=18666"}],"wp:term":[{"taxonomy":"product_cat","embeddable":true,"href":"https:\/\/3r-prev.com\/gba\/wp-json\/wp\/v2\/product_cat?post=18666"},{"taxonomy":"product_tag","embeddable":true,"href":"https:\/\/3r-prev.com\/gba\/wp-json\/wp\/v2\/product_tag?post=18666"},{"taxonomy":"exhibition","embeddable":true,"href":"https:\/\/3r-prev.com\/gba\/wp-json\/wp\/v2\/exhibition?post=18666"},{"taxonomy":"artist","embeddable":true,"href":"https:\/\/3r-prev.com\/gba\/wp-json\/wp\/v2\/artist?post=18666"}],"curies":[{"name":"wp","href":"https:\/\/api.w.org\/{rel}","templated":true}]}}