{"id":18338,"date":"2022-05-04T16:01:12","date_gmt":"2022-05-04T14:01:12","guid":{"rendered":"https:\/\/3r-prev.com\/gba\/?post_type=product&#038;p=18338"},"modified":"2024-09-27T12:42:52","modified_gmt":"2024-09-27T10:42:52","slug":"jean-michel-nicollet-tarot","status":"publish","type":"product","link":"https:\/\/3r-prev.com\/gba\/produit\/jean-michel-nicollet-tarot\/","title":{"rendered":"JEAN-MICHEL NICOLLET &#8211; Tarot"},"content":{"rendered":"<p><em>Tarot<\/em> par Jean-Michel Nicollet<\/p>\n<p>Publi\u00e9 \u00e0 l&rsquo;occasion de l&rsquo;exposition Tarot qui s&rsquo;est tenue du 10 mai au 4 juin 2022 \u00e0 la galerie Barbier. Cet ouvrage est \u00e0 la fois un catalogue d&rsquo;exposition autant qu&rsquo;une invitation \u00e0 d\u00e9couvrir les symboles du tarot.<\/p>\n<p>Edit\u00e9 par \u00c9ditions Barbier.<\/p>\n<p>&nbsp;<\/p>\n<p>Tirage limit\u00e9 \u00e0 180 exemplaires num\u00e9rot\u00e9s et sign\u00e9s par l&rsquo;artiste. En vente exclusivement \u00e0 la Galerie Barbier.<\/p>\n<p>&nbsp;<\/p>\n<p>&nbsp;<\/p>\n<p>Parution 10 mai 2022<br \/>\nISBN\u2009: 978-2-919243-43-3<\/p>\n<p>&nbsp;<\/p>\n<p>56 pages<br \/>\n22 x 37 cm<br \/>\nCouverture rigide, toil\u00e9e avec dorure<\/p>\n","protected":false},"excerpt":{"rendered":"<p>Tarot par Jean-Michel Nicollet Publi\u00e9 \u00e0 l&rsquo;occasion de l&rsquo;exposition Tarot qui s&rsquo;est tenue du 10 mai au 4 juin 2022 \u00e0 la galerie Barbier. Cet ouvrage est \u00e0 la fois<\/p>\n","protected":false},"featured_media":41322,"template":"","meta":{"_acf_changed":false},"product_cat":[19],"product_tag":[],"exhibition":[218],"artist":[102],"class_list":{"0":"post-18338","1":"product","2":"type-product","3":"status-publish","4":"has-post-thumbnail","6":"product_cat-livres","7":"exhibition-tarot","8":"artist-jean-michel-nicollet","10":"first","11":"outofstock","12":"shipping-taxable","13":"purchasable","14":"product-type-simple"},"acf":[],"_links":{"self":[{"href":"https:\/\/3r-prev.com\/gba\/wp-json\/wp\/v2\/product\/18338","targetHints":{"allow":["GET"]}}],"collection":[{"href":"https:\/\/3r-prev.com\/gba\/wp-json\/wp\/v2\/product"}],"about":[{"href":"https:\/\/3r-prev.com\/gba\/wp-json\/wp\/v2\/types\/product"}],"wp:featuredmedia":[{"embeddable":true,"href":"https:\/\/3r-prev.com\/gba\/wp-json\/wp\/v2\/media\/41322"}],"wp:attachment":[{"href":"https:\/\/3r-prev.com\/gba\/wp-json\/wp\/v2\/media?parent=18338"}],"wp:term":[{"taxonomy":"product_cat","embeddable":true,"href":"https:\/\/3r-prev.com\/gba\/wp-json\/wp\/v2\/product_cat?post=18338"},{"taxonomy":"product_tag","embeddable":true,"href":"https:\/\/3r-prev.com\/gba\/wp-json\/wp\/v2\/product_tag?post=18338"},{"taxonomy":"exhibition","embeddable":true,"href":"https:\/\/3r-prev.com\/gba\/wp-json\/wp\/v2\/exhibition?post=18338"},{"taxonomy":"artist","embeddable":true,"href":"https:\/\/3r-prev.com\/gba\/wp-json\/wp\/v2\/artist?post=18338"}],"curies":[{"name":"wp","href":"https:\/\/api.w.org\/{rel}","templated":true}]}}