{"id":18102,"date":"2022-04-07T17:30:14","date_gmt":"2022-04-07T15:30:14","guid":{"rendered":"https:\/\/3r-prev.com\/gba\/?post_type=product&#038;p=18102"},"modified":"2024-09-27T12:42:52","modified_gmt":"2024-09-27T10:42:52","slug":"francois-avril-philippe-druillet-lile-des-morts-estampe","status":"publish","type":"product","link":"https:\/\/3r-prev.com\/gba\/produit\/francois-avril-philippe-druillet-lile-des-morts-estampe\/","title":{"rendered":"FRAN\u00c7OIS AVRIL &#038; PHILIPPE DRUILLET &#8211; L&rsquo;\u00eele des morts &#8211; Estampe"},"content":{"rendered":"<p><em>L&rsquo;\u00eele des morts<\/em><br \/>\nEstampe num\u00e9rique, impression pigmentaire sur papier Hahnem\u00fchle Photorag Bright White 310g<br \/>\nFormat 100 x 120 cm<br \/>\nTirage limit\u00e9 \u00e0 25 exemplaires num\u00e9rot\u00e9s et sign\u00e9s par les artistes<\/p>\n","protected":false},"excerpt":{"rendered":"<p>L&rsquo;\u00eele des morts Estampe num\u00e9rique, impression pigmentaire sur papier Hahnem\u00fchle Photorag Bright White 310g Format 100 x 120 cm Tirage limit\u00e9 \u00e0 25 exemplaires num\u00e9rot\u00e9s et sign\u00e9s par les artistes<\/p>\n","protected":false},"featured_media":41321,"template":"","meta":{"_acf_changed":false},"product_cat":[20],"product_tag":[],"exhibition":[217],"artist":[35,37,38],"class_list":{"0":"post-18102","1":"product","2":"type-product","3":"status-publish","4":"has-post-thumbnail","6":"product_cat-tirages-dart","7":"exhibition-lile-des-morts","8":"artist-francois-avril","9":"artist-francois-avril-philippe-druillet","10":"artist-philippe-druillet","12":"first","13":"instock","14":"shipping-taxable","15":"purchasable","16":"product-type-simple"},"acf":[],"_links":{"self":[{"href":"https:\/\/3r-prev.com\/gba\/wp-json\/wp\/v2\/product\/18102","targetHints":{"allow":["GET"]}}],"collection":[{"href":"https:\/\/3r-prev.com\/gba\/wp-json\/wp\/v2\/product"}],"about":[{"href":"https:\/\/3r-prev.com\/gba\/wp-json\/wp\/v2\/types\/product"}],"wp:featuredmedia":[{"embeddable":true,"href":"https:\/\/3r-prev.com\/gba\/wp-json\/wp\/v2\/media\/41321"}],"wp:attachment":[{"href":"https:\/\/3r-prev.com\/gba\/wp-json\/wp\/v2\/media?parent=18102"}],"wp:term":[{"taxonomy":"product_cat","embeddable":true,"href":"https:\/\/3r-prev.com\/gba\/wp-json\/wp\/v2\/product_cat?post=18102"},{"taxonomy":"product_tag","embeddable":true,"href":"https:\/\/3r-prev.com\/gba\/wp-json\/wp\/v2\/product_tag?post=18102"},{"taxonomy":"exhibition","embeddable":true,"href":"https:\/\/3r-prev.com\/gba\/wp-json\/wp\/v2\/exhibition?post=18102"},{"taxonomy":"artist","embeddable":true,"href":"https:\/\/3r-prev.com\/gba\/wp-json\/wp\/v2\/artist?post=18102"}],"curies":[{"name":"wp","href":"https:\/\/api.w.org\/{rel}","templated":true}]}}