{"id":18093,"date":"2022-04-07T15:46:39","date_gmt":"2022-04-07T13:46:39","guid":{"rendered":"https:\/\/3r-prev.com\/gba\/?post_type=product&#038;p=18093"},"modified":"2024-09-27T12:42:51","modified_gmt":"2024-09-27T10:42:51","slug":"francois-avril-philippe-druillet-lile-des-morts","status":"publish","type":"product","link":"https:\/\/3r-prev.com\/gba\/produit\/francois-avril-philippe-druillet-lile-des-morts\/","title":{"rendered":"FRAN\u00c7OIS AVRIL &#038; PHILIPPE DRUILLET &#8211; L&rsquo;\u00eele des morts"},"content":{"rendered":"<p>Catalogue de l\u2019exposition <em>L&rsquo;\u00eele des morts<\/em> de Fran\u00e7ois Avril et Philippe Druillet<\/p>\n<p>&nbsp;<\/p>\n<p>Edit\u00e9 par \u00c9ditions Barbier.<\/p>\n<p>&nbsp;<\/p>\n<p>Tirage limit\u00e9 \u00e0 270 exemplaires num\u00e9rot\u00e9s accompagn\u00e9s d\u2019une digigraphie num\u00e9rot\u00e9e et sign\u00e9e par les deux artistes. En vente exclusivement \u00e0 la Galerie Barbier.<\/p>\n<p>&nbsp;<\/p>\n<p>\u00ab Dans l\u2019atelier de Philippe il y avait toujours contre un mur cette grande toile e\u0301bauche\u0301e dans les anne\u0301es 80 sur le the\u0300me de l\u2019I\u0302le des morts. Lors d\u2019une se\u0301ance de travail sur l\u2019estampe, je lui ai demande\u0301 s\u2019il comptait la finir un jour. Il me re\u0301pondit : \u00ab NON \u00bb, puis \u00ab nous allons l\u2019achever ensemble. \u00bb<\/p>\n<p>Fran\u00e7ois AVRIL<\/p>\n<p>&nbsp;<\/p>\n<p>\u00ab Il y a des peintures obse\u0301dantes, magiques, myste\u0301rieuses, hypnotiques. \u00bb<\/p>\n<p>Philippe DRUILLET<\/p>\n<p>&nbsp;<\/p>\n<p>Parution 21 avril 2022<br \/>\nISBN\u2009: 978-2-919243-57-0<\/p>\n<p>&nbsp;<\/p>\n<p>48 pages<br \/>\n32 x 21\u00a0cm<br \/>\nCouverture rigide<\/p>\n","protected":false},"excerpt":{"rendered":"<p>Catalogue de l\u2019exposition L&rsquo;\u00eele des morts de Fran\u00e7ois Avril et Philippe Druillet &nbsp; Edit\u00e9 par \u00c9ditions Barbier. &nbsp; Tirage limit\u00e9 \u00e0 270 exemplaires num\u00e9rot\u00e9s accompagn\u00e9s d\u2019une digigraphie num\u00e9rot\u00e9e et sign\u00e9e<\/p>\n","protected":false},"featured_media":41315,"template":"","meta":{"_acf_changed":false},"product_cat":[19],"product_tag":[],"exhibition":[217],"artist":[35,37,38],"class_list":{"0":"post-18093","1":"product","2":"type-product","3":"status-publish","4":"has-post-thumbnail","6":"product_cat-livres","7":"exhibition-lile-des-morts","8":"artist-francois-avril","9":"artist-francois-avril-philippe-druillet","10":"artist-philippe-druillet","12":"first","13":"outofstock","14":"shipping-taxable","15":"purchasable","16":"product-type-simple"},"acf":[],"_links":{"self":[{"href":"https:\/\/3r-prev.com\/gba\/wp-json\/wp\/v2\/product\/18093","targetHints":{"allow":["GET"]}}],"collection":[{"href":"https:\/\/3r-prev.com\/gba\/wp-json\/wp\/v2\/product"}],"about":[{"href":"https:\/\/3r-prev.com\/gba\/wp-json\/wp\/v2\/types\/product"}],"wp:featuredmedia":[{"embeddable":true,"href":"https:\/\/3r-prev.com\/gba\/wp-json\/wp\/v2\/media\/41315"}],"wp:attachment":[{"href":"https:\/\/3r-prev.com\/gba\/wp-json\/wp\/v2\/media?parent=18093"}],"wp:term":[{"taxonomy":"product_cat","embeddable":true,"href":"https:\/\/3r-prev.com\/gba\/wp-json\/wp\/v2\/product_cat?post=18093"},{"taxonomy":"product_tag","embeddable":true,"href":"https:\/\/3r-prev.com\/gba\/wp-json\/wp\/v2\/product_tag?post=18093"},{"taxonomy":"exhibition","embeddable":true,"href":"https:\/\/3r-prev.com\/gba\/wp-json\/wp\/v2\/exhibition?post=18093"},{"taxonomy":"artist","embeddable":true,"href":"https:\/\/3r-prev.com\/gba\/wp-json\/wp\/v2\/artist?post=18093"}],"curies":[{"name":"wp","href":"https:\/\/api.w.org\/{rel}","templated":true}]}}