{"id":17361,"date":"2022-03-15T15:02:54","date_gmt":"2022-03-15T14:02:54","guid":{"rendered":"https:\/\/3r-prev.com\/gba\/?post_type=product&#038;p=17361"},"modified":"2024-09-27T12:42:50","modified_gmt":"2024-09-27T10:42:50","slug":"vince-gorgones-skateboard-1","status":"publish","type":"product","link":"https:\/\/3r-prev.com\/gba\/produit\/vince-gorgones-skateboard-1\/","title":{"rendered":"VINCE &#8211; Gorgones &#8211; skateboard Silver bumbum bullet"},"content":{"rendered":"<p><strong>Silver bumbum bullet<\/strong><\/p>\n<p>&nbsp;<\/p>\n<p>Planche de skateboard dessin\u00e9e par Vince<br \/>\nImpression sur planche 7 plis d&rsquo;\u00e9rable.<br \/>\n\u00c9dition limit\u00e9e \u00e0 30 exemplaires num\u00e9rot\u00e9s et sign\u00e9s par l&rsquo;artiste.<\/p>\n<p>&nbsp;<\/p>\n","protected":false},"excerpt":{"rendered":"<p>Silver bumbum bullet &nbsp; Planche de skateboard dessin\u00e9e par Vince Impression sur planche 7 plis d&rsquo;\u00e9rable. \u00c9dition limit\u00e9e \u00e0 30 exemplaires num\u00e9rot\u00e9s et sign\u00e9s par l&rsquo;artiste. &nbsp;<\/p>\n","protected":false},"featured_media":41313,"template":"","meta":{"_acf_changed":false},"product_cat":[20],"product_tag":[],"exhibition":[216],"artist":[190],"class_list":{"0":"post-17361","1":"product","2":"type-product","3":"status-publish","4":"has-post-thumbnail","6":"product_cat-tirages-dart","7":"exhibition-gorgones","8":"artist-vince","10":"first","11":"instock","12":"shipping-taxable","13":"purchasable","14":"product-type-simple"},"acf":[],"_links":{"self":[{"href":"https:\/\/3r-prev.com\/gba\/wp-json\/wp\/v2\/product\/17361","targetHints":{"allow":["GET"]}}],"collection":[{"href":"https:\/\/3r-prev.com\/gba\/wp-json\/wp\/v2\/product"}],"about":[{"href":"https:\/\/3r-prev.com\/gba\/wp-json\/wp\/v2\/types\/product"}],"wp:featuredmedia":[{"embeddable":true,"href":"https:\/\/3r-prev.com\/gba\/wp-json\/wp\/v2\/media\/41313"}],"wp:attachment":[{"href":"https:\/\/3r-prev.com\/gba\/wp-json\/wp\/v2\/media?parent=17361"}],"wp:term":[{"taxonomy":"product_cat","embeddable":true,"href":"https:\/\/3r-prev.com\/gba\/wp-json\/wp\/v2\/product_cat?post=17361"},{"taxonomy":"product_tag","embeddable":true,"href":"https:\/\/3r-prev.com\/gba\/wp-json\/wp\/v2\/product_tag?post=17361"},{"taxonomy":"exhibition","embeddable":true,"href":"https:\/\/3r-prev.com\/gba\/wp-json\/wp\/v2\/exhibition?post=17361"},{"taxonomy":"artist","embeddable":true,"href":"https:\/\/3r-prev.com\/gba\/wp-json\/wp\/v2\/artist?post=17361"}],"curies":[{"name":"wp","href":"https:\/\/api.w.org\/{rel}","templated":true}]}}