{"id":17229,"date":"2022-03-04T15:20:39","date_gmt":"2022-03-04T14:20:39","guid":{"rendered":"https:\/\/3r-prev.com\/gba\/?post_type=product&#038;p=17229"},"modified":"2024-09-27T12:42:47","modified_gmt":"2024-09-27T10:42:47","slug":"enki-bilal-tirage-de-luxe-catalogue-aux-frontieres-de-lhumain","status":"publish","type":"product","link":"https:\/\/3r-prev.com\/gba\/produit\/enki-bilal-tirage-de-luxe-catalogue-aux-frontieres-de-lhumain\/","title":{"rendered":"ENKI BILAL &#8211; Tirage de luxe &#8211; catalogue Aux fronti\u00e8res de l&rsquo;humain"},"content":{"rendered":"<p><em>Humains-machines, humains reconstruits, humains mutants, humains immortels et humains-animaux, le ma\u00eetre de l\u2019art de la prospective n\u2019a jamais cess\u00e9 de repousser les fronti\u00e8res.\u00a0Dessins originaux, tableaux, reproductions et extraits de films\u00a0en t\u00e9moignent, dans cette exposition consacr\u00e9e \u00e0 l\u2019univers de l\u2019artiste.<\/em><\/p>\n<p>Cet album est un tirage limit\u00e9 \u00e0 350 exemplaires num\u00e9rot\u00e9s en version de luxe du catalogue de l&rsquo;exposition\u00a0 <em>Aux fronti\u00e8res de l&rsquo;humain<\/em>, de Enki Bilal pr\u00e9sent\u00e9e au Mus\u00e9e de l&rsquo;homme de Paris du 16 mars au 13 juin 2022.<\/p>\n<p>Il comporte une couverture cartonn\u00e9e ainsi qu&rsquo;un ex libris en digigraphie num\u00e9rot\u00e9e et sign\u00e9e par l&rsquo;artiste.<\/p>\n<p>112\u00a0 pages.<\/p>\n<p>21 x 26 cm.<\/p>\n<p>ISBN 9782919243426<\/p>\n<p>En vente uniquement \u00e0 la galerie Barbier<\/p>\n<p>&nbsp;<\/p>\n","protected":false},"excerpt":{"rendered":"<p>Humains-machines, humains reconstruits, humains mutants, humains immortels et humains-animaux, le ma\u00eetre de l\u2019art de la prospective n\u2019a jamais cess\u00e9 de repousser les fronti\u00e8res.\u00a0Dessins originaux, tableaux, reproductions et extraits de films\u00a0en<\/p>\n","protected":false},"featured_media":41301,"template":"","meta":{"_acf_changed":false},"product_cat":[19],"product_tag":[],"exhibition":[],"artist":[50],"class_list":{"0":"post-17229","1":"product","2":"type-product","3":"status-publish","4":"has-post-thumbnail","6":"product_cat-livres","7":"artist-enki-bilal","9":"first","10":"outofstock","11":"shipping-taxable","12":"purchasable","13":"product-type-simple"},"acf":[],"_links":{"self":[{"href":"https:\/\/3r-prev.com\/gba\/wp-json\/wp\/v2\/product\/17229","targetHints":{"allow":["GET"]}}],"collection":[{"href":"https:\/\/3r-prev.com\/gba\/wp-json\/wp\/v2\/product"}],"about":[{"href":"https:\/\/3r-prev.com\/gba\/wp-json\/wp\/v2\/types\/product"}],"wp:featuredmedia":[{"embeddable":true,"href":"https:\/\/3r-prev.com\/gba\/wp-json\/wp\/v2\/media\/41301"}],"wp:attachment":[{"href":"https:\/\/3r-prev.com\/gba\/wp-json\/wp\/v2\/media?parent=17229"}],"wp:term":[{"taxonomy":"product_cat","embeddable":true,"href":"https:\/\/3r-prev.com\/gba\/wp-json\/wp\/v2\/product_cat?post=17229"},{"taxonomy":"product_tag","embeddable":true,"href":"https:\/\/3r-prev.com\/gba\/wp-json\/wp\/v2\/product_tag?post=17229"},{"taxonomy":"exhibition","embeddable":true,"href":"https:\/\/3r-prev.com\/gba\/wp-json\/wp\/v2\/exhibition?post=17229"},{"taxonomy":"artist","embeddable":true,"href":"https:\/\/3r-prev.com\/gba\/wp-json\/wp\/v2\/artist?post=17229"}],"curies":[{"name":"wp","href":"https:\/\/api.w.org\/{rel}","templated":true}]}}