{"id":17203,"date":"2022-02-23T18:08:39","date_gmt":"2022-02-23T17:08:39","guid":{"rendered":"https:\/\/3r-prev.com\/gba\/?post_type=product&#038;p=17203"},"modified":"2024-09-27T12:42:46","modified_gmt":"2024-09-27T10:42:46","slug":"marc-bati-bords-cadres-estampe-4","status":"publish","type":"product","link":"https:\/\/3r-prev.com\/gba\/produit\/marc-bati-bords-cadres-estampe-4\/","title":{"rendered":"MARC BATI &#8211; Bords Cadres &#8211; Estampe 4"},"content":{"rendered":"<p>Bords Cadres 4<br \/>\nEstampe num\u00e9rique, impression pigmentaire sur papier Hahnem\u00fchle Photorag Bright White 310g<br \/>\nFormat 33 x 44,5 cm<br \/>\nTirage limit\u00e9 \u00e0 10 exemplaires num\u00e9rot\u00e9s et sign\u00e9s<\/p>\n","protected":false},"excerpt":{"rendered":"<p>Bords Cadres 4 Estampe num\u00e9rique, impression pigmentaire sur papier Hahnem\u00fchle Photorag Bright White 310g Format 33 x 44,5 cm Tirage limit\u00e9 \u00e0 10 exemplaires num\u00e9rot\u00e9s et sign\u00e9s<\/p>\n","protected":false},"featured_media":41300,"template":"","meta":{"_acf_changed":false},"product_cat":[20],"product_tag":[],"exhibition":[215],"artist":[43],"class_list":{"0":"post-17203","1":"product","2":"type-product","3":"status-publish","4":"has-post-thumbnail","6":"product_cat-tirages-dart","7":"exhibition-bords-cadres","8":"artist-marc-bati","10":"first","11":"outofstock","12":"shipping-taxable","13":"purchasable","14":"product-type-simple"},"acf":[],"_links":{"self":[{"href":"https:\/\/3r-prev.com\/gba\/wp-json\/wp\/v2\/product\/17203","targetHints":{"allow":["GET"]}}],"collection":[{"href":"https:\/\/3r-prev.com\/gba\/wp-json\/wp\/v2\/product"}],"about":[{"href":"https:\/\/3r-prev.com\/gba\/wp-json\/wp\/v2\/types\/product"}],"wp:featuredmedia":[{"embeddable":true,"href":"https:\/\/3r-prev.com\/gba\/wp-json\/wp\/v2\/media\/41300"}],"wp:attachment":[{"href":"https:\/\/3r-prev.com\/gba\/wp-json\/wp\/v2\/media?parent=17203"}],"wp:term":[{"taxonomy":"product_cat","embeddable":true,"href":"https:\/\/3r-prev.com\/gba\/wp-json\/wp\/v2\/product_cat?post=17203"},{"taxonomy":"product_tag","embeddable":true,"href":"https:\/\/3r-prev.com\/gba\/wp-json\/wp\/v2\/product_tag?post=17203"},{"taxonomy":"exhibition","embeddable":true,"href":"https:\/\/3r-prev.com\/gba\/wp-json\/wp\/v2\/exhibition?post=17203"},{"taxonomy":"artist","embeddable":true,"href":"https:\/\/3r-prev.com\/gba\/wp-json\/wp\/v2\/artist?post=17203"}],"curies":[{"name":"wp","href":"https:\/\/api.w.org\/{rel}","templated":true}]}}