{"id":17024,"date":"2022-02-01T16:21:41","date_gmt":"2022-02-01T15:21:41","guid":{"rendered":"https:\/\/3r-prev.com\/gba\/?post_type=product&#038;p=17024"},"modified":"2024-09-27T12:42:44","modified_gmt":"2024-09-27T10:42:44","slug":"christophe-blain-tirage-de-luxe-dessiner-le-temps","status":"publish","type":"product","link":"https:\/\/3r-prev.com\/gba\/produit\/christophe-blain-tirage-de-luxe-dessiner-le-temps\/","title":{"rendered":"CHRISTOPHE BLAIN &#8211; Tirage de luxe &#8211; catalogue Dessiner le temps"},"content":{"rendered":"<p><em>Le cin\u00e9ma irrigue depuis pr\u00e8s de trente ans l\u2019\u0153uvre de Christophe Blain. De La R\u00e9volte d\u2019Hop-Frog au Monde sans fin, d\u2019Isaac le pirate \u00e0\u00a0Gus, de La Fille \u00e0 Quai d\u2019Orsay, ses albums fourmillent d\u2019hommages et de r\u00e9f\u00e9rences \u00e0 son panth\u00e9on cin\u00e9matographique, que ce catalogue propose de d\u00e9couvrir gr\u00e2ce \u00e0 un guide de choix : l\u2019auteur lui-m\u00eame, qui commente pour l\u2019occasion plus d\u2019une centaine de planches.\u00a0<\/em><\/p>\n<p>Cet album est un tirage limit\u00e9 \u00e0 350 exemplaires num\u00e9rot\u00e9s en version de luxe du catalogue de l&rsquo;exposition\u00a0\u00a0<em>Dessiner le temps<\/em>, de Christophe Blain pr\u00e9sent\u00e9e au Vaisseau Moebius \u00e0 Angoul\u00eame du 17 au 20 mars 2022, dans le cadre du 49\u00e8me Festival International de la Bande Dessin\u00e9e.<\/p>\n<p>Il comporte une couverture in\u00e9dite ainsi qu&rsquo;un ex libris en\u00a0 digigraphie num\u00e9rot\u00e9 et sign\u00e9 par l&rsquo;artiste.<\/p>\n<p>160 \u00a0pages.<\/p>\n<p>25 x 35 cm.<\/p>\n<p>ISBN 9782919243402<\/p>\n<p>En vente uniquement \u00e0 la galerie Barbier<\/p>\n<p>&nbsp;<\/p>\n","protected":false},"excerpt":{"rendered":"<p>Le cin\u00e9ma irrigue depuis pr\u00e8s de trente ans l\u2019\u0153uvre de Christophe Blain. De La R\u00e9volte d\u2019Hop-Frog au Monde sans fin, d\u2019Isaac le pirate \u00e0\u00a0Gus, de La Fille \u00e0 Quai d\u2019Orsay,<\/p>\n","protected":false},"featured_media":41286,"template":"","meta":{"_acf_changed":false},"product_cat":[19],"product_tag":[],"exhibition":[211],"artist":[53],"class_list":{"0":"post-17024","1":"product","2":"type-product","3":"status-publish","4":"has-post-thumbnail","6":"product_cat-livres","7":"exhibition-retrospective","8":"artist-christophe-blain","10":"first","11":"outofstock","12":"shipping-taxable","13":"purchasable","14":"product-type-simple"},"acf":[],"_links":{"self":[{"href":"https:\/\/3r-prev.com\/gba\/wp-json\/wp\/v2\/product\/17024","targetHints":{"allow":["GET"]}}],"collection":[{"href":"https:\/\/3r-prev.com\/gba\/wp-json\/wp\/v2\/product"}],"about":[{"href":"https:\/\/3r-prev.com\/gba\/wp-json\/wp\/v2\/types\/product"}],"wp:featuredmedia":[{"embeddable":true,"href":"https:\/\/3r-prev.com\/gba\/wp-json\/wp\/v2\/media\/41286"}],"wp:attachment":[{"href":"https:\/\/3r-prev.com\/gba\/wp-json\/wp\/v2\/media?parent=17024"}],"wp:term":[{"taxonomy":"product_cat","embeddable":true,"href":"https:\/\/3r-prev.com\/gba\/wp-json\/wp\/v2\/product_cat?post=17024"},{"taxonomy":"product_tag","embeddable":true,"href":"https:\/\/3r-prev.com\/gba\/wp-json\/wp\/v2\/product_tag?post=17024"},{"taxonomy":"exhibition","embeddable":true,"href":"https:\/\/3r-prev.com\/gba\/wp-json\/wp\/v2\/exhibition?post=17024"},{"taxonomy":"artist","embeddable":true,"href":"https:\/\/3r-prev.com\/gba\/wp-json\/wp\/v2\/artist?post=17024"}],"curies":[{"name":"wp","href":"https:\/\/api.w.org\/{rel}","templated":true}]}}