{"id":15824,"date":"2021-10-27T15:44:59","date_gmt":"2021-10-27T13:44:59","guid":{"rendered":"https:\/\/3r-prev.com\/gba\/?post_type=product&#038;p=15824"},"modified":"2024-09-27T12:42:39","modified_gmt":"2024-09-27T10:42:39","slug":"enki-bilal-reconstrukt","status":"publish","type":"product","link":"https:\/\/3r-prev.com\/gba\/produit\/enki-bilal-reconstrukt\/","title":{"rendered":"ENKI BILAL &#8211; RECONSTRUKT ?"},"content":{"rendered":"<p>\u00ab\u00a0RECONSTRUKT, du verbe reconstrukter (qui n\u2019existe pas encore, car en construktion) d\u00e9finit un \u00e9tat transitoire de mutation du vivant humain. Sept premi\u00e8res peintures sur papier (il en est pr\u00e9vu encore quatorze) pour \u00e9voquer ce que la d\u00e9construction g\u00e9n\u00e9ralis\u00e9e du monde pr\u00e9tend offrir au mammif\u00e8re supr\u00eame que nous croyons \u00eatre. Canceller et d\u00e9boulonner des parties de corps pour assainir le terrain et en prolonger la dur\u00e9e est la premi\u00e8re r\u00e8gle.\u00a0\u00bb<\/p>\n<p>&nbsp;<\/p>\n<p>Enki Bilal<\/p>\n<p>&nbsp;<\/p>\n<p>Ce livre a \u00e9t\u00e9 \u00e9dit\u00e9 \u00e0 la suite de l&rsquo;exposition Reconstrukt ? d&rsquo;Enki Bilal, pr\u00e9sent\u00e9e \u00e0 la galerie Barbier en juillet et ao\u00fbt 2021.<\/p>\n<p>&nbsp;<\/p>\n<p>Reliure cousue apparente.<\/p>\n<p>88 pages<\/p>\n<p>24 x 31,5 cm.<\/p>\n<p>ISBN 9782919243549<\/p>\n<p>En vente \u00e0 la galerie Barbier et en librairie.<\/p>\n","protected":false},"excerpt":{"rendered":"<p>\u00ab\u00a0RECONSTRUKT, du verbe reconstrukter (qui n\u2019existe pas encore, car en construktion) d\u00e9finit un \u00e9tat transitoire de mutation du vivant humain. Sept premi\u00e8res peintures sur papier (il en est pr\u00e9vu encore<\/p>\n","protected":false},"featured_media":41268,"template":"","meta":{"_acf_changed":false},"product_cat":[19],"product_tag":[],"exhibition":[195],"artist":[50],"class_list":{"0":"post-15824","1":"product","2":"type-product","3":"status-publish","4":"has-post-thumbnail","6":"product_cat-livres","7":"exhibition-reconstrukt","8":"artist-enki-bilal","10":"first","11":"outofstock","12":"shipping-taxable","13":"purchasable","14":"product-type-simple"},"acf":[],"_links":{"self":[{"href":"https:\/\/3r-prev.com\/gba\/wp-json\/wp\/v2\/product\/15824","targetHints":{"allow":["GET"]}}],"collection":[{"href":"https:\/\/3r-prev.com\/gba\/wp-json\/wp\/v2\/product"}],"about":[{"href":"https:\/\/3r-prev.com\/gba\/wp-json\/wp\/v2\/types\/product"}],"wp:featuredmedia":[{"embeddable":true,"href":"https:\/\/3r-prev.com\/gba\/wp-json\/wp\/v2\/media\/41268"}],"wp:attachment":[{"href":"https:\/\/3r-prev.com\/gba\/wp-json\/wp\/v2\/media?parent=15824"}],"wp:term":[{"taxonomy":"product_cat","embeddable":true,"href":"https:\/\/3r-prev.com\/gba\/wp-json\/wp\/v2\/product_cat?post=15824"},{"taxonomy":"product_tag","embeddable":true,"href":"https:\/\/3r-prev.com\/gba\/wp-json\/wp\/v2\/product_tag?post=15824"},{"taxonomy":"exhibition","embeddable":true,"href":"https:\/\/3r-prev.com\/gba\/wp-json\/wp\/v2\/exhibition?post=15824"},{"taxonomy":"artist","embeddable":true,"href":"https:\/\/3r-prev.com\/gba\/wp-json\/wp\/v2\/artist?post=15824"}],"curies":[{"name":"wp","href":"https:\/\/api.w.org\/{rel}","templated":true}]}}