{"id":15317,"date":"2021-09-18T13:36:27","date_gmt":"2021-09-18T11:36:27","guid":{"rendered":"https:\/\/3r-prev.com\/gba\/?post_type=product&#038;p=15317"},"modified":"2024-09-27T12:42:38","modified_gmt":"2024-09-27T10:42:38","slug":"dominique-bertail-tirage-de-luxe-madeleine-resistante-tome-1-la-rose-degoupillee","status":"publish","type":"product","link":"https:\/\/3r-prev.com\/gba\/produit\/dominique-bertail-tirage-de-luxe-madeleine-resistante-tome-1-la-rose-degoupillee\/","title":{"rendered":"DOMINIQUE BERTAIL &#8211; Tirage de luxe &#8211; Madeleine, R\u00e9sistante &#8211; Tome 1. La Rose d\u00e9goupill\u00e9e"},"content":{"rendered":"<p><strong>DERNIERS EXEMPLAIRES DISPONIBLES !<\/strong><\/p>\n<p>&nbsp;<\/p>\n<p>La galerie publie une \u00e9dition de luxe de\u00a0<em>Madeleine, R\u00e9sistante. Tome 1.<\/em>\u00a0<em>La Rose d\u00e9goupill\u00e9e<\/em><\/p>\n<p>L&rsquo;ouvrage reprend la version publi\u00e9e dans la collection Aire Libre chez Dupuis, au format des planches originales, avec une couverture in\u00e9dite et enrichie d&rsquo;un cahier graphique de quarante pages.<br \/>\nTirage limit\u00e9 \u00e0 180 exemplaires num\u00e9rot\u00e9s, accompagn\u00e9s d&rsquo;une s\u00e9rigraphie in\u00e9dite num\u00e9rot\u00e9e et sign\u00e9e par l&rsquo;artiste. En vente exclusivement \u00e0 la galerie Barbier.<\/p>\n<p>*** Madeleine, R\u00e9sistante, mais aussi po\u00e9tesse, journaliste, aventuri\u00e8re&#8230; C\u2019est le destin hors du commun de cette jeune femme \u00e0 la d\u00e9termination sans faille, entr\u00e9e dans la r\u00e9sistance \u00e0 18 ans, que Dominique Bertail raconte dans ce premier album d\u2019une s\u00e9rie qui en comptera trois.<span class=\"Apple-converted-space\">\u00a0<\/span>Dans des tons de bleu cher \u00e0 l\u2019artiste, on suit son \u00e9veil \u00e0 la R\u00e9sistance : de son enfance dans la Somme, entre souvenirs de la premi\u00e8re guerre mondiale et mont\u00e9e du nazisme, jusqu\u2019aux Alpes o\u00f9, soign\u00e9e dans un Sanatorium elle rencontre l\u2019amour en m\u00eame temps que la R\u00e9sistance et enfin Paris, o\u00f9 elle confirme son engagement. Compos\u00e9 avec Jean-David Morvan \u00e0 partir de centaines d\u2019heures d\u2019entretien avec Madeleine Riffaud, aujourd\u2019hui \u00e2g\u00e9e de 97 ans, Dominique Bertail a r\u00e9alis\u00e9 son portrait ainsi que celui de son \u00e9poque, avec pr\u00e9cision et sensibilit\u00e9.<span class=\"Apple-converted-space\">\u00a0***<\/span><\/p>\n<p>\u00c9ditions Barbier<br \/>\nParution : octobre 2021<br \/>\nISBN : 978-2-919243-56-3<br \/>\n176 pages.<br \/>\n26 x 36 cm.<br \/>\nCouverture cartonn\u00e9e.<\/p>\n<p>&nbsp;<\/p>\n<p><strong>DERNIERS EXEMPLAIRES DISPONIBLES !<\/strong><\/p>\n","protected":false},"excerpt":{"rendered":"<p>DERNIERS EXEMPLAIRES DISPONIBLES ! &nbsp; La galerie publie une \u00e9dition de luxe de\u00a0Madeleine, R\u00e9sistante. Tome 1.\u00a0La Rose d\u00e9goupill\u00e9e L&rsquo;ouvrage reprend la version publi\u00e9e dans la collection Aire Libre chez Dupuis,<\/p>\n","protected":false},"featured_media":41263,"template":"","meta":{"_acf_changed":false},"product_cat":[19],"product_tag":[],"exhibition":[201],"artist":[188],"class_list":{"0":"post-15317","1":"product","2":"type-product","3":"status-publish","4":"has-post-thumbnail","6":"product_cat-livres","7":"exhibition-madeleine-resistante","8":"artist-dominique-bertail","10":"first","11":"outofstock","12":"shipping-taxable","13":"purchasable","14":"product-type-simple"},"acf":[],"_links":{"self":[{"href":"https:\/\/3r-prev.com\/gba\/wp-json\/wp\/v2\/product\/15317","targetHints":{"allow":["GET"]}}],"collection":[{"href":"https:\/\/3r-prev.com\/gba\/wp-json\/wp\/v2\/product"}],"about":[{"href":"https:\/\/3r-prev.com\/gba\/wp-json\/wp\/v2\/types\/product"}],"wp:featuredmedia":[{"embeddable":true,"href":"https:\/\/3r-prev.com\/gba\/wp-json\/wp\/v2\/media\/41263"}],"wp:attachment":[{"href":"https:\/\/3r-prev.com\/gba\/wp-json\/wp\/v2\/media?parent=15317"}],"wp:term":[{"taxonomy":"product_cat","embeddable":true,"href":"https:\/\/3r-prev.com\/gba\/wp-json\/wp\/v2\/product_cat?post=15317"},{"taxonomy":"product_tag","embeddable":true,"href":"https:\/\/3r-prev.com\/gba\/wp-json\/wp\/v2\/product_tag?post=15317"},{"taxonomy":"exhibition","embeddable":true,"href":"https:\/\/3r-prev.com\/gba\/wp-json\/wp\/v2\/exhibition?post=15317"},{"taxonomy":"artist","embeddable":true,"href":"https:\/\/3r-prev.com\/gba\/wp-json\/wp\/v2\/artist?post=15317"}],"curies":[{"name":"wp","href":"https:\/\/api.w.org\/{rel}","templated":true}]}}