{"id":15091,"date":"2021-08-18T15:53:18","date_gmt":"2021-08-18T13:53:18","guid":{"rendered":"https:\/\/3r-prev.com\/gba\/?post_type=product&#038;p=15091"},"modified":"2024-09-27T12:42:37","modified_gmt":"2024-09-27T10:42:37","slug":"ptiluc-tirage-de-luxe-jefferson","status":"publish","type":"product","link":"https:\/\/3r-prev.com\/gba\/produit\/ptiluc-tirage-de-luxe-jefferson\/","title":{"rendered":"PTILUC &#8211; Tirage de luxe (fac-simil\u00e9) &#8211; Jefferson"},"content":{"rendered":"<div class=\"o9v6fnle cxmmr5t8 oygrvhab hcukyx3x c1et5uql\">La galerie publie une \u00e9dition en fac-simil\u00e9 de <em>Jefferson ou le mal de vivre<\/em>, deuxi\u00e8me tome de la s\u00e9rie<em> Pacush Blues.<\/em><\/div>\n<div class=\"o9v6fnle cxmmr5t8 oygrvhab hcukyx3x c1et5uql\">L&rsquo;ouvrage, enrichi d&rsquo;archives personnelles et d&rsquo;une postface, reprend, au format original, les planches de l&rsquo;album, publi\u00e9 initialement aux \u00c9ditions Vents d&rsquo;Ouest en 1983.<\/div>\n<p>&nbsp;<\/p>\n<p><em>Jefferson ou le mal de vivre<\/em> nous m\u00e8ne dans un lieu sombre aux airs de d\u00e9charge o\u00f9 un des fameux rats de Ptiluc erre \u00e0 la recherche de la mort, ou d\u2019une raison de vivre, son \u00ab Jefferson \u00bb. Dans cette qu\u00eate existentielle, semblable \u00e0 un douloureux purgatoire, il rencontre une s\u00e9rie de personnages, certains id\u00e9alistes, d\u2019autres maniaco-d\u00e9pressifs, tous extraordinaires, avec lesquels il philosophe sur le sens de la vie.<\/p>\n<p>&nbsp;<\/p>\n<p>\u00c9ditions Barbier<\/p>\n<p>&nbsp;<\/p>\n<p>Tirage limit\u00e9 \u00e0 270 exemplaires num\u00e9rot\u00e9s, accompagn\u00e9s d&rsquo;une s\u00e9rigraphie, avec 6 passages couleur, num\u00e9rot\u00e9e et sign\u00e9e par l&rsquo;artiste. \u00a0En vente exclusivement \u00e0 la galerie Barbier.<\/p>\n<p>&nbsp;<\/p>\n<p>Parution : septembre 2021<br \/>\nISBN : 978-2-919243-53-2<\/p>\n<p>&nbsp;<\/p>\n<p>80 pages.<br \/>\n32 x 45 cm.<br \/>\nCouverture cartonn\u00e9e.<\/p>\n","protected":false},"excerpt":{"rendered":"<p>La galerie publie une \u00e9dition en fac-simil\u00e9 de Jefferson ou le mal de vivre, deuxi\u00e8me tome de la s\u00e9rie Pacush Blues. L&rsquo;ouvrage, enrichi d&rsquo;archives personnelles et d&rsquo;une postface, reprend, au<\/p>\n","protected":false},"featured_media":41261,"template":"","meta":{"_acf_changed":false},"product_cat":[19],"product_tag":[],"exhibition":[197],"artist":[198],"class_list":{"0":"post-15091","1":"product","2":"type-product","3":"status-publish","4":"has-post-thumbnail","6":"product_cat-livres","7":"exhibition-jefferson","8":"artist-ptiluc","10":"first","11":"outofstock","12":"shipping-taxable","13":"purchasable","14":"product-type-simple"},"acf":[],"_links":{"self":[{"href":"https:\/\/3r-prev.com\/gba\/wp-json\/wp\/v2\/product\/15091","targetHints":{"allow":["GET"]}}],"collection":[{"href":"https:\/\/3r-prev.com\/gba\/wp-json\/wp\/v2\/product"}],"about":[{"href":"https:\/\/3r-prev.com\/gba\/wp-json\/wp\/v2\/types\/product"}],"wp:featuredmedia":[{"embeddable":true,"href":"https:\/\/3r-prev.com\/gba\/wp-json\/wp\/v2\/media\/41261"}],"wp:attachment":[{"href":"https:\/\/3r-prev.com\/gba\/wp-json\/wp\/v2\/media?parent=15091"}],"wp:term":[{"taxonomy":"product_cat","embeddable":true,"href":"https:\/\/3r-prev.com\/gba\/wp-json\/wp\/v2\/product_cat?post=15091"},{"taxonomy":"product_tag","embeddable":true,"href":"https:\/\/3r-prev.com\/gba\/wp-json\/wp\/v2\/product_tag?post=15091"},{"taxonomy":"exhibition","embeddable":true,"href":"https:\/\/3r-prev.com\/gba\/wp-json\/wp\/v2\/exhibition?post=15091"},{"taxonomy":"artist","embeddable":true,"href":"https:\/\/3r-prev.com\/gba\/wp-json\/wp\/v2\/artist?post=15091"}],"curies":[{"name":"wp","href":"https:\/\/api.w.org\/{rel}","templated":true}]}}