{"id":14796,"date":"2021-07-06T17:28:13","date_gmt":"2021-07-06T15:28:13","guid":{"rendered":"https:\/\/3r-prev.com\/gba\/?post_type=product&#038;p=14796"},"modified":"2024-09-27T12:42:37","modified_gmt":"2024-09-27T10:42:37","slug":"enki-bilal-tirage-de-luxe-reconstrukt","status":"publish","type":"product","link":"https:\/\/3r-prev.com\/gba\/produit\/enki-bilal-tirage-de-luxe-reconstrukt\/","title":{"rendered":"ENKI BILAL &#8211; Tirage de luxe &#8211; RECONSTRUKT ?"},"content":{"rendered":"<p>\u00ab\u00a0RECONSTRUKT, du verbe reconstrukter (qui n\u2019existe pas encore, car en construktion) d\u00e9finit un \u00e9tat transitoire de mutation du vivant humain. Sept premi\u00e8res peintures sur papier (il en est pr\u00e9vu encore quatorze) pour \u00e9voquer ce que la d\u00e9construction g\u00e9n\u00e9ralis\u00e9e du monde pr\u00e9tend offrir au mammif\u00e8re supr\u00eame que nous croyons \u00eatre. Canceller et d\u00e9boulonner des parties de corps pour assainir le terrain et en prolonger la dur\u00e9e est la premi\u00e8re r\u00e8gle.\u00a0\u00bb<\/p>\n<p>&nbsp;<\/p>\n<p>Enki Bilal<\/p>\n<p>&nbsp;<\/p>\n<p>Ce livre a \u00e9t\u00e9 \u00e9dit\u00e9 \u00e0 l&rsquo;occasion de l&rsquo;exposition Reconstrukt ? d&rsquo;Enki Bilal, pr\u00e9sent\u00e9 \u00e0 la galerie Barbier en juillet et ao\u00fbt 2021.<\/p>\n<p>Tirage de t\u00eate : 470 exemplaires num\u00e9rot\u00e9s, accompagn\u00e9s d&rsquo;une s\u00e9rigraphie num\u00e9rot\u00e9e et sign\u00e9e par l&rsquo;artiste.<\/p>\n<p>&nbsp;<\/p>\n<p>Couverture reli\u00e9e tranch\u00e9e avec fer \u00e0 chaud.<\/p>\n<p>96 pages en couleur dont 8 pages de calques et un d\u00e9pliant de 6 pages.<\/p>\n<p>24 x 32 cm.<\/p>\n<p>&nbsp;<\/p>\n<p>En vente exclusivement \u00e0 la galerie Barbier.<\/p>\n","protected":false},"excerpt":{"rendered":"<p>\u00ab\u00a0RECONSTRUKT, du verbe reconstrukter (qui n\u2019existe pas encore, car en construktion) d\u00e9finit un \u00e9tat transitoire de mutation du vivant humain. Sept premi\u00e8res peintures sur papier (il en est pr\u00e9vu encore<\/p>\n","protected":false},"featured_media":41259,"template":"","meta":{"_acf_changed":false},"product_cat":[19],"product_tag":[],"exhibition":[195],"artist":[50],"class_list":{"0":"post-14796","1":"product","2":"type-product","3":"status-publish","4":"has-post-thumbnail","6":"product_cat-livres","7":"exhibition-reconstrukt","8":"artist-enki-bilal","10":"first","11":"outofstock","12":"shipping-taxable","13":"purchasable","14":"product-type-simple"},"acf":[],"_links":{"self":[{"href":"https:\/\/3r-prev.com\/gba\/wp-json\/wp\/v2\/product\/14796","targetHints":{"allow":["GET"]}}],"collection":[{"href":"https:\/\/3r-prev.com\/gba\/wp-json\/wp\/v2\/product"}],"about":[{"href":"https:\/\/3r-prev.com\/gba\/wp-json\/wp\/v2\/types\/product"}],"wp:featuredmedia":[{"embeddable":true,"href":"https:\/\/3r-prev.com\/gba\/wp-json\/wp\/v2\/media\/41259"}],"wp:attachment":[{"href":"https:\/\/3r-prev.com\/gba\/wp-json\/wp\/v2\/media?parent=14796"}],"wp:term":[{"taxonomy":"product_cat","embeddable":true,"href":"https:\/\/3r-prev.com\/gba\/wp-json\/wp\/v2\/product_cat?post=14796"},{"taxonomy":"product_tag","embeddable":true,"href":"https:\/\/3r-prev.com\/gba\/wp-json\/wp\/v2\/product_tag?post=14796"},{"taxonomy":"exhibition","embeddable":true,"href":"https:\/\/3r-prev.com\/gba\/wp-json\/wp\/v2\/exhibition?post=14796"},{"taxonomy":"artist","embeddable":true,"href":"https:\/\/3r-prev.com\/gba\/wp-json\/wp\/v2\/artist?post=14796"}],"curies":[{"name":"wp","href":"https:\/\/api.w.org\/{rel}","templated":true}]}}