{"id":14783,"date":"2021-07-06T15:07:08","date_gmt":"2021-07-06T13:07:08","guid":{"rendered":"https:\/\/3r-prev.com\/gba\/?post_type=product&#038;p=14783"},"modified":"2024-09-27T12:42:36","modified_gmt":"2024-09-27T10:42:36","slug":"enki-bilal-affiche-exposition-reconstrukt","status":"publish","type":"product","link":"https:\/\/3r-prev.com\/gba\/produit\/enki-bilal-affiche-exposition-reconstrukt\/","title":{"rendered":"ENKI BILAL &#8211; Affiche exposition &#8211; RECONSTRUKT ?"},"content":{"rendered":"<p>50 x 70\u00a0cm<br \/>\n\u00c9dition limit\u00e9e \u00e0 500 exemplaires<br \/>\nDisponible uniquement \u00e0 la galerie.<\/p>\n","protected":false},"excerpt":{"rendered":"<p>50 x 70\u00a0cm \u00c9dition limit\u00e9e \u00e0 500 exemplaires Disponible uniquement \u00e0 la galerie.<\/p>\n","protected":false},"featured_media":41258,"template":"","meta":{"_acf_changed":false},"product_cat":[20],"product_tag":[],"exhibition":[195],"artist":[50],"class_list":{"0":"post-14783","1":"product","2":"type-product","3":"status-publish","4":"has-post-thumbnail","6":"product_cat-tirages-dart","7":"exhibition-reconstrukt","8":"artist-enki-bilal","10":"first","11":"instock","12":"shipping-taxable","13":"purchasable","14":"product-type-simple"},"acf":[],"_links":{"self":[{"href":"https:\/\/3r-prev.com\/gba\/wp-json\/wp\/v2\/product\/14783","targetHints":{"allow":["GET"]}}],"collection":[{"href":"https:\/\/3r-prev.com\/gba\/wp-json\/wp\/v2\/product"}],"about":[{"href":"https:\/\/3r-prev.com\/gba\/wp-json\/wp\/v2\/types\/product"}],"wp:featuredmedia":[{"embeddable":true,"href":"https:\/\/3r-prev.com\/gba\/wp-json\/wp\/v2\/media\/41258"}],"wp:attachment":[{"href":"https:\/\/3r-prev.com\/gba\/wp-json\/wp\/v2\/media?parent=14783"}],"wp:term":[{"taxonomy":"product_cat","embeddable":true,"href":"https:\/\/3r-prev.com\/gba\/wp-json\/wp\/v2\/product_cat?post=14783"},{"taxonomy":"product_tag","embeddable":true,"href":"https:\/\/3r-prev.com\/gba\/wp-json\/wp\/v2\/product_tag?post=14783"},{"taxonomy":"exhibition","embeddable":true,"href":"https:\/\/3r-prev.com\/gba\/wp-json\/wp\/v2\/exhibition?post=14783"},{"taxonomy":"artist","embeddable":true,"href":"https:\/\/3r-prev.com\/gba\/wp-json\/wp\/v2\/artist?post=14783"}],"curies":[{"name":"wp","href":"https:\/\/api.w.org\/{rel}","templated":true}]}}