{"id":14673,"date":"2021-06-16T15:52:22","date_gmt":"2021-06-16T13:52:22","guid":{"rendered":"https:\/\/3r-prev.com\/gba\/?post_type=product&#038;p=14673"},"modified":"2024-09-27T12:42:36","modified_gmt":"2024-09-27T10:42:36","slug":"aj-dungo-in-waves-skateboard-2","status":"publish","type":"product","link":"https:\/\/3r-prev.com\/gba\/produit\/aj-dungo-in-waves-skateboard-2\/","title":{"rendered":"AJ DUNGO &#8211; In Waves &#8211; Skateboard 2"},"content":{"rendered":"<p>Planche de skateboard dessin\u00e9e par AJ Dungo.<br \/>\nImpression sur planche 7 plis d&rsquo;\u00e9rable.<br \/>\n\u00c9dition limit\u00e9e \u00e0 20 exemplaires num\u00e9rot\u00e9s et sign\u00e9s par l&rsquo;artiste.<\/p>\n","protected":false},"excerpt":{"rendered":"<p>Planche de skateboard dessin\u00e9e par AJ Dungo. Impression sur planche 7 plis d&rsquo;\u00e9rable. \u00c9dition limit\u00e9e \u00e0 20 exemplaires num\u00e9rot\u00e9s et sign\u00e9s par l&rsquo;artiste.<\/p>\n","protected":false},"featured_media":41257,"template":"","meta":{"_acf_changed":false},"product_cat":[20],"product_tag":[],"exhibition":[176],"artist":[186],"class_list":{"0":"post-14673","1":"product","2":"type-product","3":"status-publish","4":"has-post-thumbnail","6":"product_cat-tirages-dart","7":"exhibition-in-waves","8":"artist-aj-dungo","10":"first","11":"outofstock","12":"shipping-taxable","13":"purchasable","14":"product-type-simple"},"acf":[],"_links":{"self":[{"href":"https:\/\/3r-prev.com\/gba\/wp-json\/wp\/v2\/product\/14673","targetHints":{"allow":["GET"]}}],"collection":[{"href":"https:\/\/3r-prev.com\/gba\/wp-json\/wp\/v2\/product"}],"about":[{"href":"https:\/\/3r-prev.com\/gba\/wp-json\/wp\/v2\/types\/product"}],"wp:featuredmedia":[{"embeddable":true,"href":"https:\/\/3r-prev.com\/gba\/wp-json\/wp\/v2\/media\/41257"}],"wp:attachment":[{"href":"https:\/\/3r-prev.com\/gba\/wp-json\/wp\/v2\/media?parent=14673"}],"wp:term":[{"taxonomy":"product_cat","embeddable":true,"href":"https:\/\/3r-prev.com\/gba\/wp-json\/wp\/v2\/product_cat?post=14673"},{"taxonomy":"product_tag","embeddable":true,"href":"https:\/\/3r-prev.com\/gba\/wp-json\/wp\/v2\/product_tag?post=14673"},{"taxonomy":"exhibition","embeddable":true,"href":"https:\/\/3r-prev.com\/gba\/wp-json\/wp\/v2\/exhibition?post=14673"},{"taxonomy":"artist","embeddable":true,"href":"https:\/\/3r-prev.com\/gba\/wp-json\/wp\/v2\/artist?post=14673"}],"curies":[{"name":"wp","href":"https:\/\/api.w.org\/{rel}","templated":true}]}}