{"id":14553,"date":"2021-06-08T18:05:36","date_gmt":"2021-06-08T16:05:36","guid":{"rendered":"https:\/\/3r-prev.com\/gba\/?post_type=product&#038;p=14553"},"modified":"2024-09-27T12:42:35","modified_gmt":"2024-09-27T10:42:35","slug":"aj-dungo-affiche-exposition-in-waves","status":"publish","type":"product","link":"https:\/\/3r-prev.com\/gba\/produit\/aj-dungo-affiche-exposition-in-waves\/","title":{"rendered":"AJ DUNGO &#8211; Affiche exposition &#8211; In Waves"},"content":{"rendered":"<p>50 x 70\u00a0cm<br \/>\n\u00c9dition limit\u00e9e \u00e0 100 exemplaires<br \/>\nDisponible uniquement \u00e0 la galerie.<\/p>\n","protected":false},"excerpt":{"rendered":"<p>50 x 70\u00a0cm \u00c9dition limit\u00e9e \u00e0 100 exemplaires Disponible uniquement \u00e0 la galerie.<\/p>\n","protected":false},"featured_media":41256,"template":"","meta":{"_acf_changed":false},"product_cat":[20],"product_tag":[],"exhibition":[176],"artist":[186],"class_list":{"0":"post-14553","1":"product","2":"type-product","3":"status-publish","4":"has-post-thumbnail","6":"product_cat-tirages-dart","7":"exhibition-in-waves","8":"artist-aj-dungo","10":"first","11":"outofstock","12":"shipping-taxable","13":"purchasable","14":"product-type-simple"},"acf":[],"_links":{"self":[{"href":"https:\/\/3r-prev.com\/gba\/wp-json\/wp\/v2\/product\/14553","targetHints":{"allow":["GET"]}}],"collection":[{"href":"https:\/\/3r-prev.com\/gba\/wp-json\/wp\/v2\/product"}],"about":[{"href":"https:\/\/3r-prev.com\/gba\/wp-json\/wp\/v2\/types\/product"}],"wp:featuredmedia":[{"embeddable":true,"href":"https:\/\/3r-prev.com\/gba\/wp-json\/wp\/v2\/media\/41256"}],"wp:attachment":[{"href":"https:\/\/3r-prev.com\/gba\/wp-json\/wp\/v2\/media?parent=14553"}],"wp:term":[{"taxonomy":"product_cat","embeddable":true,"href":"https:\/\/3r-prev.com\/gba\/wp-json\/wp\/v2\/product_cat?post=14553"},{"taxonomy":"product_tag","embeddable":true,"href":"https:\/\/3r-prev.com\/gba\/wp-json\/wp\/v2\/product_tag?post=14553"},{"taxonomy":"exhibition","embeddable":true,"href":"https:\/\/3r-prev.com\/gba\/wp-json\/wp\/v2\/exhibition?post=14553"},{"taxonomy":"artist","embeddable":true,"href":"https:\/\/3r-prev.com\/gba\/wp-json\/wp\/v2\/artist?post=14553"}],"curies":[{"name":"wp","href":"https:\/\/api.w.org\/{rel}","templated":true}]}}