{"id":14425,"date":"2021-06-04T15:15:07","date_gmt":"2021-06-04T13:15:07","guid":{"rendered":"https:\/\/3r-prev.com\/gba\/?post_type=product&#038;p=14425"},"modified":"2024-09-27T12:42:35","modified_gmt":"2024-09-27T10:42:35","slug":"aj-dungo-in-waves","status":"publish","type":"product","link":"https:\/\/3r-prev.com\/gba\/produit\/aj-dungo-in-waves\/","title":{"rendered":"AJ DUNGO &#8211; Tirage de luxe In Waves"},"content":{"rendered":"<p>\u00c9ditions Barbier<\/p>\n<p>&nbsp;<\/p>\n<p>Tirage limit\u00e9 \u00e0 270 exemplaires num\u00e9rot\u00e9s, chacun accompagn\u00e9 d\u2019une s\u00e9rigraphie in\u00e9dite, num\u00e9rot\u00e9e et sign\u00e9e par l\u2019artiste.<\/p>\n<p>&nbsp;<\/p>\n<p>En vente exclusivement \u00e0 la galerie Barbier.<\/p>\n<p>&nbsp;<\/p>\n<div class=\"page\" title=\"Page 3\">\n<div class=\"layoutArea\">\n<div class=\"column\">\n<p>La galerie publie une e\u0301dition de luxe en noir et blanc de l\u2019album <em>In Waves<\/em>. L\u2019ouvrage, pr\u00e9fac\u00e9 par Antoine de Caunes, reprend la version publi\u00e9e par Nobrow et Casterman pour l\u2019\u00e9dition franc\u0327aise, enrichie de quarante dessins in\u00e9dits.<\/p>\n<div class=\"page\" title=\"Page 2\">\n<div class=\"layoutArea\">\n<div class=\"column\">\n<p>Deux r\u00e9cits s\u2019entrem\u00ealent dans<em> In Waves<\/em>. Celui du surf, autour des deux figures tut\u00e9laires Tom Blake et Duke Kahanamoku, et celui de l\u2019amour, fou et tragique, de AJ et Kristen. Tandis que se d\u00e9ploie une chronologie lin\u00e9aire de l\u2019histoire du surf, AJ Dungo de\u0301voile, en quelques sc\u00e8nes d\u2019une grande pudeur, sa relation avec Kristen, de leur rencontre \u00e0 son dernier souffle. Du r\u00e9cit historique au deuil personnel, la houle narrative transporte et propulse le lecteur sur une planche de surf. Le temps se dilate, se fragmente jusqu\u2019\u00e0 s\u2019abolir dans le va-et-vient des vagues.<\/p>\n<\/div>\n<\/div>\n<\/div>\n<\/div>\n<\/div>\n<\/div>\n<p>&nbsp;<\/p>\n<p>Parution : 06\/2021<br \/>\nISBN\u2009: 978-2-919243-52-5<\/p>\n<p>Format : 17 x 22,7 cm &#8211; cartonne\u0301 avec jaquette<\/p>\n<p>424 pages<\/p>\n","protected":false},"excerpt":{"rendered":"<p>\u00c9ditions Barbier &nbsp; Tirage limit\u00e9 \u00e0 270 exemplaires num\u00e9rot\u00e9s, chacun accompagn\u00e9 d\u2019une s\u00e9rigraphie in\u00e9dite, num\u00e9rot\u00e9e et sign\u00e9e par l\u2019artiste. &nbsp; En vente exclusivement \u00e0 la galerie Barbier. &nbsp; La galerie<\/p>\n","protected":false},"featured_media":41249,"template":"","meta":{"_acf_changed":false},"product_cat":[19],"product_tag":[],"exhibition":[176],"artist":[186],"class_list":{"0":"post-14425","1":"product","2":"type-product","3":"status-publish","4":"has-post-thumbnail","6":"product_cat-livres","7":"exhibition-in-waves","8":"artist-aj-dungo","10":"first","11":"outofstock","12":"shipping-taxable","13":"purchasable","14":"product-type-simple"},"acf":[],"_links":{"self":[{"href":"https:\/\/3r-prev.com\/gba\/wp-json\/wp\/v2\/product\/14425","targetHints":{"allow":["GET"]}}],"collection":[{"href":"https:\/\/3r-prev.com\/gba\/wp-json\/wp\/v2\/product"}],"about":[{"href":"https:\/\/3r-prev.com\/gba\/wp-json\/wp\/v2\/types\/product"}],"wp:featuredmedia":[{"embeddable":true,"href":"https:\/\/3r-prev.com\/gba\/wp-json\/wp\/v2\/media\/41249"}],"wp:attachment":[{"href":"https:\/\/3r-prev.com\/gba\/wp-json\/wp\/v2\/media?parent=14425"}],"wp:term":[{"taxonomy":"product_cat","embeddable":true,"href":"https:\/\/3r-prev.com\/gba\/wp-json\/wp\/v2\/product_cat?post=14425"},{"taxonomy":"product_tag","embeddable":true,"href":"https:\/\/3r-prev.com\/gba\/wp-json\/wp\/v2\/product_tag?post=14425"},{"taxonomy":"exhibition","embeddable":true,"href":"https:\/\/3r-prev.com\/gba\/wp-json\/wp\/v2\/exhibition?post=14425"},{"taxonomy":"artist","embeddable":true,"href":"https:\/\/3r-prev.com\/gba\/wp-json\/wp\/v2\/artist?post=14425"}],"curies":[{"name":"wp","href":"https:\/\/api.w.org\/{rel}","templated":true}]}}