{"id":13487,"date":"2021-04-20T11:46:36","date_gmt":"2021-04-20T09:46:36","guid":{"rendered":"https:\/\/3r-prev.com\/gba\/?post_type=product&#038;p=13487"},"modified":"2024-09-27T12:42:32","modified_gmt":"2024-09-27T10:42:32","slug":"catalogue-exposition-metal-hurlant-a-suivre","status":"publish","type":"product","link":"https:\/\/3r-prev.com\/gba\/produit\/catalogue-exposition-metal-hurlant-a-suivre\/","title":{"rendered":"CATALOGUE EXPOSITION &#8211; M\u00e9tal Hurlant &#038; \u00c0 suivre"},"content":{"rendered":"<p>Catalogue \u00e9dit\u00e9 \u00e0 l&rsquo;occasion de l&rsquo;exposition \u00ab\u00a0M\u00e9tal Hurlant (\u00c0 suivre) 1975-1997 : La bande dessin\u00e9e fait sa r\u00e9volution&#8230;\u00a0\u00bb pr\u00e9sent\u00e9e au Fond H\u00e9l\u00e8ne &amp; \u00c9douard Leclerc pour la culture \u00e0 Landerneau entre d\u00e9cembre 2013 et mai 2014.<\/p>\n<p>Cet ouvrage de r\u00e9f\u00e9rence contient de nombreuses reproductions des oeuvres originales et des entretiens avec les artistes : Philippe Druillet, Jean-Pierre Dionnet, Enki Bilal, Frank Margerin, Nicolas de Cr\u00e9cy&#8230; et bien d&rsquo;autres.<\/p>\n<p>La maquette a \u00e9t\u00e9 r\u00e9alis\u00e9e par Etienne Robial.<\/p>\n","protected":false},"excerpt":{"rendered":"<p>Catalogue \u00e9dit\u00e9 \u00e0 l&rsquo;occasion de l&rsquo;exposition \u00ab\u00a0M\u00e9tal Hurlant (\u00c0 suivre) 1975-1997 : La bande dessin\u00e9e fait sa r\u00e9volution&#8230;\u00a0\u00bb pr\u00e9sent\u00e9e au Fond H\u00e9l\u00e8ne &amp; \u00c9douard Leclerc pour la culture \u00e0 Landerneau<\/p>\n","protected":false},"featured_media":41247,"template":"","meta":{"_acf_changed":false},"product_cat":[19],"product_tag":[],"exhibition":[],"artist":[50,38],"class_list":{"0":"post-13487","1":"product","2":"type-product","3":"status-publish","4":"has-post-thumbnail","6":"product_cat-livres","7":"artist-enki-bilal","8":"artist-philippe-druillet","10":"first","11":"outofstock","12":"shipping-taxable","13":"purchasable","14":"product-type-simple"},"acf":[],"_links":{"self":[{"href":"https:\/\/3r-prev.com\/gba\/wp-json\/wp\/v2\/product\/13487","targetHints":{"allow":["GET"]}}],"collection":[{"href":"https:\/\/3r-prev.com\/gba\/wp-json\/wp\/v2\/product"}],"about":[{"href":"https:\/\/3r-prev.com\/gba\/wp-json\/wp\/v2\/types\/product"}],"wp:featuredmedia":[{"embeddable":true,"href":"https:\/\/3r-prev.com\/gba\/wp-json\/wp\/v2\/media\/41247"}],"wp:attachment":[{"href":"https:\/\/3r-prev.com\/gba\/wp-json\/wp\/v2\/media?parent=13487"}],"wp:term":[{"taxonomy":"product_cat","embeddable":true,"href":"https:\/\/3r-prev.com\/gba\/wp-json\/wp\/v2\/product_cat?post=13487"},{"taxonomy":"product_tag","embeddable":true,"href":"https:\/\/3r-prev.com\/gba\/wp-json\/wp\/v2\/product_tag?post=13487"},{"taxonomy":"exhibition","embeddable":true,"href":"https:\/\/3r-prev.com\/gba\/wp-json\/wp\/v2\/exhibition?post=13487"},{"taxonomy":"artist","embeddable":true,"href":"https:\/\/3r-prev.com\/gba\/wp-json\/wp\/v2\/artist?post=13487"}],"curies":[{"name":"wp","href":"https:\/\/api.w.org\/{rel}","templated":true}]}}