{"id":13462,"date":"2021-04-20T11:06:06","date_gmt":"2021-04-20T09:06:06","guid":{"rendered":"https:\/\/3r-prev.com\/gba\/?post_type=product&#038;p=13462"},"modified":"2024-09-27T12:42:31","modified_gmt":"2024-09-27T10:42:31","slug":"francois-roca-corps-toiles","status":"publish","type":"product","link":"https:\/\/3r-prev.com\/gba\/produit\/francois-roca-corps-toiles\/","title":{"rendered":"FRAN\u00c7OIS ROCA &#8211; Corps &#038; Toiles"},"content":{"rendered":"<p><em>Corps &amp; Toiles<\/em> &#8211; Fran\u00e7ois Roca<br \/>\nPr\u00e9face de Joy Sorman<\/p>\n<p>Catalogue d\u2019exposition \u00e9dit\u00e9 \u00e0 600 exemplaires dont 100 hors-commerce, num\u00e9rot\u00e9s et sign\u00e9s.<br \/>\nCollection \u201cGrandes Cimaises\u201d<br \/>\n29&#215;23\u00a0cm<br \/>\n56 pages couleurs<br \/>\nCouverture souple<br \/>\nISBN\u00a0: 978-2-919-243-12-9<br \/>\nJuin 2015<\/p>\n","protected":false},"excerpt":{"rendered":"<p>Corps &amp; Toiles &#8211; Fran\u00e7ois Roca Pr\u00e9face de Joy Sorman Catalogue d\u2019exposition \u00e9dit\u00e9 \u00e0 600 exemplaires dont 100 hors-commerce, num\u00e9rot\u00e9s et sign\u00e9s. Collection \u201cGrandes Cimaises\u201d 29&#215;23\u00a0cm 56 pages couleurs Couverture<\/p>\n","protected":false},"featured_media":41244,"template":"","meta":{"_acf_changed":false},"product_cat":[19],"product_tag":[],"exhibition":[161],"artist":[162],"class_list":{"0":"post-13462","1":"product","2":"type-product","3":"status-publish","4":"has-post-thumbnail","6":"product_cat-livres","7":"exhibition-corps-toiles","8":"artist-francois-roca","10":"first","11":"instock","12":"shipping-taxable","13":"purchasable","14":"product-type-simple"},"acf":[],"_links":{"self":[{"href":"https:\/\/3r-prev.com\/gba\/wp-json\/wp\/v2\/product\/13462","targetHints":{"allow":["GET"]}}],"collection":[{"href":"https:\/\/3r-prev.com\/gba\/wp-json\/wp\/v2\/product"}],"about":[{"href":"https:\/\/3r-prev.com\/gba\/wp-json\/wp\/v2\/types\/product"}],"wp:featuredmedia":[{"embeddable":true,"href":"https:\/\/3r-prev.com\/gba\/wp-json\/wp\/v2\/media\/41244"}],"wp:attachment":[{"href":"https:\/\/3r-prev.com\/gba\/wp-json\/wp\/v2\/media?parent=13462"}],"wp:term":[{"taxonomy":"product_cat","embeddable":true,"href":"https:\/\/3r-prev.com\/gba\/wp-json\/wp\/v2\/product_cat?post=13462"},{"taxonomy":"product_tag","embeddable":true,"href":"https:\/\/3r-prev.com\/gba\/wp-json\/wp\/v2\/product_tag?post=13462"},{"taxonomy":"exhibition","embeddable":true,"href":"https:\/\/3r-prev.com\/gba\/wp-json\/wp\/v2\/exhibition?post=13462"},{"taxonomy":"artist","embeddable":true,"href":"https:\/\/3r-prev.com\/gba\/wp-json\/wp\/v2\/artist?post=13462"}],"curies":[{"name":"wp","href":"https:\/\/api.w.org\/{rel}","templated":true}]}}