{"id":10821,"date":"2021-01-21T15:55:25","date_gmt":"2021-01-21T14:55:25","guid":{"rendered":"https:\/\/3r-prev.com\/gba\/?post_type=product&#038;p=10821"},"modified":"2024-09-27T12:42:30","modified_gmt":"2024-09-27T10:42:30","slug":"mecha-sloane","status":"publish","type":"product","link":"https:\/\/3r-prev.com\/gba\/produit\/mecha-sloane\/","title":{"rendered":"PHILIPPE DRUILLET &#8211; Mecha-Sloane"},"content":{"rendered":"<p>Edit\u00e9 par Barbier<\/p>\n<p>&nbsp;<\/p>\n<p>Tirage limit\u00e9 \u00e0 275 exemplaires num\u00e9rot\u00e9s, chacun accompagn\u00e9 d\u2019une s\u00e9rigraphie in\u00e9dite, num\u00e9rot\u00e9e et sign\u00e9e par l\u2019artiste.<\/p>\n<p>&nbsp;<\/p>\n<p>En vente exclusivement \u00e0 la Galerie Barbier.<\/p>\n<p>&nbsp;<\/p>\n<p><em>\u00ab\u00a0JE VAIS VOUS RACONTER UNE HISTOIRE.<\/em><\/p>\n<p><em><br \/>\nJe passe ma vie avec un personnage de papier !<\/em><\/p>\n<p><em><br \/>\nEXPLOSION ! La gueule de Marlon Brando jeune dans<\/em> L\u2019\u00c9quip\u00e9e sauvage<em> et, ensuite, <\/em>Shambleau<em> de Catherine Moore, roman de SF. 1953. Son h\u00e9ros<br \/>\nNorthwest SMITH.<\/em><\/p>\n<p><em><br \/>\nOBSESSION ! Je l\u2019ai souvent \u00e9crit : naissance de SLOANE.\u00a0 (&#8230;) il m\u2019accompagne toujours, cinquante ans plus tard. Il est vivant et existe encore (&#8230;) Parfois je me demande si ce n\u2019est pas lui qui m\u2019a cr\u00e9\u00e9. Allez savoir !<br \/>\nCes \u00e9tudes pr\u00e9sent\u00e9es \u00e0 la galerie Barbier &#8211; crayon, touches rouges, simples &#8211; lui sont un hommage de plus.\u00a0\u00bb<\/em><\/p>\n<p>&nbsp;<\/p>\n<p>Philippe Druillet,<br \/>\nextrait de la pr\u00e9face.<\/p>\n<p>&nbsp;<\/p>\n<p>Parution avril 2021<br \/>\nISBN\u2009: 978-2-919243-38-9<br \/>\n16 x 20,5\u00a0cm<br \/>\nCouverture souple avec jaquette calque<br \/>\n104 pages en quadricolor, sur papier Munken pure 140 g<\/p>\n","protected":false},"excerpt":{"rendered":"<p>Edit\u00e9 par Barbier &nbsp; Tirage limit\u00e9 \u00e0 275 exemplaires num\u00e9rot\u00e9s, chacun accompagn\u00e9 d\u2019une s\u00e9rigraphie in\u00e9dite, num\u00e9rot\u00e9e et sign\u00e9e par l\u2019artiste. &nbsp; En vente exclusivement \u00e0 la Galerie Barbier. &nbsp; \u00ab\u00a0JE<\/p>\n","protected":false},"featured_media":41236,"template":"","meta":{"_acf_changed":false},"product_cat":[19],"product_tag":[],"exhibition":[113],"artist":[38],"class_list":{"0":"post-10821","1":"product","2":"type-product","3":"status-publish","4":"has-post-thumbnail","6":"product_cat-livres","7":"exhibition-mecha-sloane","8":"artist-philippe-druillet","10":"first","11":"outofstock","12":"shipping-taxable","13":"purchasable","14":"product-type-simple"},"acf":[],"_links":{"self":[{"href":"https:\/\/3r-prev.com\/gba\/wp-json\/wp\/v2\/product\/10821","targetHints":{"allow":["GET"]}}],"collection":[{"href":"https:\/\/3r-prev.com\/gba\/wp-json\/wp\/v2\/product"}],"about":[{"href":"https:\/\/3r-prev.com\/gba\/wp-json\/wp\/v2\/types\/product"}],"wp:featuredmedia":[{"embeddable":true,"href":"https:\/\/3r-prev.com\/gba\/wp-json\/wp\/v2\/media\/41236"}],"wp:attachment":[{"href":"https:\/\/3r-prev.com\/gba\/wp-json\/wp\/v2\/media?parent=10821"}],"wp:term":[{"taxonomy":"product_cat","embeddable":true,"href":"https:\/\/3r-prev.com\/gba\/wp-json\/wp\/v2\/product_cat?post=10821"},{"taxonomy":"product_tag","embeddable":true,"href":"https:\/\/3r-prev.com\/gba\/wp-json\/wp\/v2\/product_tag?post=10821"},{"taxonomy":"exhibition","embeddable":true,"href":"https:\/\/3r-prev.com\/gba\/wp-json\/wp\/v2\/exhibition?post=10821"},{"taxonomy":"artist","embeddable":true,"href":"https:\/\/3r-prev.com\/gba\/wp-json\/wp\/v2\/artist?post=10821"}],"curies":[{"name":"wp","href":"https:\/\/api.w.org\/{rel}","templated":true}]}}