{"id":10598,"date":"2021-01-20T16:50:56","date_gmt":"2021-01-20T15:50:56","guid":{"rendered":"https:\/\/3r-prev.com\/gba\/?post_type=product&#038;p=10598"},"modified":"2024-09-27T12:42:27","modified_gmt":"2024-09-27T10:42:27","slug":"affiche-explorations","status":"publish","type":"product","link":"https:\/\/3r-prev.com\/gba\/produit\/affiche-explorations\/","title":{"rendered":"PHILIPPE DRUILLET &#8211; Affiche exposition &#8211; Explorations"},"content":{"rendered":"<p>50&#215;70\u00a0cm<br \/>\n\u00c9dition limit\u00e9e \u00e0 300 exemplaires<br \/>\nDisponible uniquement \u00e0 la galerie (pas d\u2019exp\u00e9dition)<\/p>\n","protected":false},"excerpt":{"rendered":"<p>50&#215;70\u00a0cm \u00c9dition limit\u00e9e \u00e0 300 exemplaires Disponible uniquement \u00e0 la galerie (pas d\u2019exp\u00e9dition)<\/p>\n","protected":false},"featured_media":41234,"template":"","meta":{"_acf_changed":false},"product_cat":[20],"product_tag":[],"exhibition":[70],"artist":[38],"class_list":{"0":"post-10598","1":"product","2":"type-product","3":"status-publish","4":"has-post-thumbnail","6":"product_cat-tirages-dart","7":"exhibition-explorations","8":"artist-philippe-druillet","10":"first","11":"outofstock","12":"shipping-taxable","13":"purchasable","14":"product-type-simple"},"acf":[],"_links":{"self":[{"href":"https:\/\/3r-prev.com\/gba\/wp-json\/wp\/v2\/product\/10598","targetHints":{"allow":["GET"]}}],"collection":[{"href":"https:\/\/3r-prev.com\/gba\/wp-json\/wp\/v2\/product"}],"about":[{"href":"https:\/\/3r-prev.com\/gba\/wp-json\/wp\/v2\/types\/product"}],"wp:featuredmedia":[{"embeddable":true,"href":"https:\/\/3r-prev.com\/gba\/wp-json\/wp\/v2\/media\/41234"}],"wp:attachment":[{"href":"https:\/\/3r-prev.com\/gba\/wp-json\/wp\/v2\/media?parent=10598"}],"wp:term":[{"taxonomy":"product_cat","embeddable":true,"href":"https:\/\/3r-prev.com\/gba\/wp-json\/wp\/v2\/product_cat?post=10598"},{"taxonomy":"product_tag","embeddable":true,"href":"https:\/\/3r-prev.com\/gba\/wp-json\/wp\/v2\/product_tag?post=10598"},{"taxonomy":"exhibition","embeddable":true,"href":"https:\/\/3r-prev.com\/gba\/wp-json\/wp\/v2\/exhibition?post=10598"},{"taxonomy":"artist","embeddable":true,"href":"https:\/\/3r-prev.com\/gba\/wp-json\/wp\/v2\/artist?post=10598"}],"curies":[{"name":"wp","href":"https:\/\/api.w.org\/{rel}","templated":true}]}}