{"id":10591,"date":"2021-01-20T16:48:24","date_gmt":"2021-01-20T15:48:24","guid":{"rendered":"https:\/\/3r-prev.com\/gba\/?post_type=product&#038;p=10591"},"modified":"2024-09-27T12:42:27","modified_gmt":"2024-09-27T10:42:27","slug":"explorations","status":"publish","type":"product","link":"https:\/\/3r-prev.com\/gba\/produit\/explorations\/","title":{"rendered":"PHILIPPE DRUILLET &#8211; Explorations"},"content":{"rendered":"<p>Edit\u00e9 par Barbier &amp; Mathon<\/p>\n<p>&nbsp;<\/p>\n<p>Tirage limit\u00e9 \u00e0 245 exemplaires num\u00e9rot\u00e9s, chacun accompagn\u00e9 d\u2019une s\u00e9rigraphie in\u00e9dite, num\u00e9rot\u00e9e et sign\u00e9e par l\u2019artiste.<\/p>\n<p>&nbsp;<\/p>\n<p>En vente exclusivement \u00e0 la galerie Barbier.<\/p>\n<p>&nbsp;<\/p>\n<p>(..)\u00a0<em>La simplicit\u00e9 absolue du crayon sur le papier a \u00e9t\u00e9 une lib\u00e9ration tr\u00e8s importante pour moi sur le plan de l\u2019expression du trait. J\u2019y ai trouv\u00e9 l\u00e0 un plaisir, une sensualit\u00e9, que j\u2019avais perdue il y a longtemps. C\u2019\u00e9tait comme \u00e9crire une partition musicale de dessin. \u04aaa venait tout seul, avec une facilit\u00e9 \u00e9tonnante.\u00a0<\/em>Philippe Druillet<br \/>\n(Extrait de la pr\u00e9face de \u201cExplorations\u201d, Barbier &amp; Mathon 2018)<\/p>\n<p>&nbsp;<\/p>\n<p>Parution avril 2018<br \/>\nISBN\u2009: 978-2-919243-20-4<br \/>\n16 x 20,5\u00a0cm<br \/>\nCouverture souple avec jaquette calque<br \/>\n154 pages en quadricolor, sur papier Munken pure 140\u00a0g<\/p>\n","protected":false},"excerpt":{"rendered":"<p>Edit\u00e9 par Barbier &amp; Mathon &nbsp; Tirage limit\u00e9 \u00e0 245 exemplaires num\u00e9rot\u00e9s, chacun accompagn\u00e9 d\u2019une s\u00e9rigraphie in\u00e9dite, num\u00e9rot\u00e9e et sign\u00e9e par l\u2019artiste. &nbsp; En vente exclusivement \u00e0 la galerie Barbier.<\/p>\n","protected":false},"featured_media":41228,"template":"","meta":{"_acf_changed":false},"product_cat":[19],"product_tag":[],"exhibition":[70],"artist":[38],"class_list":{"0":"post-10591","1":"product","2":"type-product","3":"status-publish","4":"has-post-thumbnail","6":"product_cat-livres","7":"exhibition-explorations","8":"artist-philippe-druillet","10":"first","11":"outofstock","12":"shipping-taxable","13":"purchasable","14":"product-type-simple"},"acf":[],"_links":{"self":[{"href":"https:\/\/3r-prev.com\/gba\/wp-json\/wp\/v2\/product\/10591","targetHints":{"allow":["GET"]}}],"collection":[{"href":"https:\/\/3r-prev.com\/gba\/wp-json\/wp\/v2\/product"}],"about":[{"href":"https:\/\/3r-prev.com\/gba\/wp-json\/wp\/v2\/types\/product"}],"wp:featuredmedia":[{"embeddable":true,"href":"https:\/\/3r-prev.com\/gba\/wp-json\/wp\/v2\/media\/41228"}],"wp:attachment":[{"href":"https:\/\/3r-prev.com\/gba\/wp-json\/wp\/v2\/media?parent=10591"}],"wp:term":[{"taxonomy":"product_cat","embeddable":true,"href":"https:\/\/3r-prev.com\/gba\/wp-json\/wp\/v2\/product_cat?post=10591"},{"taxonomy":"product_tag","embeddable":true,"href":"https:\/\/3r-prev.com\/gba\/wp-json\/wp\/v2\/product_tag?post=10591"},{"taxonomy":"exhibition","embeddable":true,"href":"https:\/\/3r-prev.com\/gba\/wp-json\/wp\/v2\/exhibition?post=10591"},{"taxonomy":"artist","embeddable":true,"href":"https:\/\/3r-prev.com\/gba\/wp-json\/wp\/v2\/artist?post=10591"}],"curies":[{"name":"wp","href":"https:\/\/api.w.org\/{rel}","templated":true}]}}