{"id":10589,"date":"2021-01-20T16:34:09","date_gmt":"2021-01-20T15:34:09","guid":{"rendered":"https:\/\/3r-prev.com\/gba\/?post_type=product&#038;p=10589"},"modified":"2024-09-27T12:42:26","modified_gmt":"2024-09-27T10:42:26","slug":"tirage-dart-blutch","status":"publish","type":"product","link":"https:\/\/3r-prev.com\/gba\/produit\/tirage-dart-blutch\/","title":{"rendered":"BLUTCH &#8211; Estampe"},"content":{"rendered":"<p>Estampe num\u00e9rique, impression pigmentaire, sur papier Arches Museum 315\u00a0g<br \/>\nR\u00e9alis\u00e9e au studio Franck Bordas<\/p>\n<p>Format 77 x 105\u00a0cm<br \/>\nTirage limit\u00e9 \u00e0 10 exemplaires, num\u00e9rot\u00e9s et sign\u00e9s<\/p>\n","protected":false},"excerpt":{"rendered":"<p>Estampe num\u00e9rique, impression pigmentaire, sur papier Arches Museum 315\u00a0g R\u00e9alis\u00e9e au studio Franck Bordas Format 77 x 105\u00a0cm Tirage limit\u00e9 \u00e0 10 exemplaires, num\u00e9rot\u00e9s et sign\u00e9s<\/p>\n","protected":false},"featured_media":41227,"template":"","meta":{"_acf_changed":false},"product_cat":[20],"product_tag":[],"exhibition":[],"artist":[54],"class_list":{"0":"post-10589","1":"product","2":"type-product","3":"status-publish","4":"has-post-thumbnail","6":"product_cat-tirages-dart","7":"artist-blutch","9":"first","10":"instock","11":"shipping-taxable","12":"purchasable","13":"product-type-simple"},"acf":[],"_links":{"self":[{"href":"https:\/\/3r-prev.com\/gba\/wp-json\/wp\/v2\/product\/10589","targetHints":{"allow":["GET"]}}],"collection":[{"href":"https:\/\/3r-prev.com\/gba\/wp-json\/wp\/v2\/product"}],"about":[{"href":"https:\/\/3r-prev.com\/gba\/wp-json\/wp\/v2\/types\/product"}],"wp:featuredmedia":[{"embeddable":true,"href":"https:\/\/3r-prev.com\/gba\/wp-json\/wp\/v2\/media\/41227"}],"wp:attachment":[{"href":"https:\/\/3r-prev.com\/gba\/wp-json\/wp\/v2\/media?parent=10589"}],"wp:term":[{"taxonomy":"product_cat","embeddable":true,"href":"https:\/\/3r-prev.com\/gba\/wp-json\/wp\/v2\/product_cat?post=10589"},{"taxonomy":"product_tag","embeddable":true,"href":"https:\/\/3r-prev.com\/gba\/wp-json\/wp\/v2\/product_tag?post=10589"},{"taxonomy":"exhibition","embeddable":true,"href":"https:\/\/3r-prev.com\/gba\/wp-json\/wp\/v2\/exhibition?post=10589"},{"taxonomy":"artist","embeddable":true,"href":"https:\/\/3r-prev.com\/gba\/wp-json\/wp\/v2\/artist?post=10589"}],"curies":[{"name":"wp","href":"https:\/\/api.w.org\/{rel}","templated":true}]}}