{"id":10587,"date":"2021-01-20T16:32:35","date_gmt":"2021-01-20T15:32:35","guid":{"rendered":"https:\/\/3r-prev.com\/gba\/?post_type=product&#038;p=10587"},"modified":"2024-09-27T12:42:26","modified_gmt":"2024-09-27T10:42:26","slug":"serigraphie-miles","status":"publish","type":"product","link":"https:\/\/3r-prev.com\/gba\/produit\/serigraphie-miles\/","title":{"rendered":"BLUTCH &#8211; S\u00e9rigraphie &#8211; Miles"},"content":{"rendered":"<p><em>Miles<\/em><br \/>\nHommage \u00e0 un grand artiste du jazz, le trompettiste Miles Davis.<br \/>\nImpression 4 passages couleur sur papier Arches BFK Rives 280 grammes<br \/>\nFormat 50 x 60\u00a0cm<br \/>\nTirage limit\u00e9 \u00e0 75 exemplaires, num\u00e9rot\u00e9s et sign\u00e9s<\/p>\n","protected":false},"excerpt":{"rendered":"<p>Miles Hommage \u00e0 un grand artiste du jazz, le trompettiste Miles Davis. Impression 4 passages couleur sur papier Arches BFK Rives 280 grammes Format 50 x 60\u00a0cm Tirage limit\u00e9 \u00e0<\/p>\n","protected":false},"featured_media":41226,"template":"","meta":{"_acf_changed":false},"product_cat":[20],"product_tag":[],"exhibition":[],"artist":[54],"class_list":{"0":"post-10587","1":"product","2":"type-product","3":"status-publish","4":"has-post-thumbnail","6":"product_cat-tirages-dart","7":"artist-blutch","9":"first","10":"instock","11":"shipping-taxable","12":"purchasable","13":"product-type-simple"},"acf":[],"_links":{"self":[{"href":"https:\/\/3r-prev.com\/gba\/wp-json\/wp\/v2\/product\/10587","targetHints":{"allow":["GET"]}}],"collection":[{"href":"https:\/\/3r-prev.com\/gba\/wp-json\/wp\/v2\/product"}],"about":[{"href":"https:\/\/3r-prev.com\/gba\/wp-json\/wp\/v2\/types\/product"}],"wp:featuredmedia":[{"embeddable":true,"href":"https:\/\/3r-prev.com\/gba\/wp-json\/wp\/v2\/media\/41226"}],"wp:attachment":[{"href":"https:\/\/3r-prev.com\/gba\/wp-json\/wp\/v2\/media?parent=10587"}],"wp:term":[{"taxonomy":"product_cat","embeddable":true,"href":"https:\/\/3r-prev.com\/gba\/wp-json\/wp\/v2\/product_cat?post=10587"},{"taxonomy":"product_tag","embeddable":true,"href":"https:\/\/3r-prev.com\/gba\/wp-json\/wp\/v2\/product_tag?post=10587"},{"taxonomy":"exhibition","embeddable":true,"href":"https:\/\/3r-prev.com\/gba\/wp-json\/wp\/v2\/exhibition?post=10587"},{"taxonomy":"artist","embeddable":true,"href":"https:\/\/3r-prev.com\/gba\/wp-json\/wp\/v2\/artist?post=10587"}],"curies":[{"name":"wp","href":"https:\/\/api.w.org\/{rel}","templated":true}]}}