{"id":10577,"date":"2021-01-20T16:25:06","date_gmt":"2021-01-20T15:25:06","guid":{"rendered":"https:\/\/3r-prev.com\/gba\/?post_type=product&#038;p=10577"},"modified":"2024-09-27T12:42:25","modified_gmt":"2024-09-27T10:42:25","slug":"king-kong","status":"publish","type":"product","link":"https:\/\/3r-prev.com\/gba\/produit\/king-kong\/","title":{"rendered":"CHRISTOPHE BLAIN &#8211; Tirage de luxe &#8211; King Kong"},"content":{"rendered":"<p>Tirage de luxe noir et blanc de\u00a0<em>King Kong<\/em>\u00a0de<strong>\u00a0Christophe Blain<\/strong><\/p>\n<p>&nbsp;<\/p>\n<p>Edit\u00e9 par Barbier &amp; Mathon<\/p>\n<p>&nbsp;<\/p>\n<p>\u00c0 l\u2019occasion de l\u2019exposition King Kong de Christophe Blain du 28 juin au 27 juillet 2019.<\/p>\n<p>&nbsp;<\/p>\n<p>Tirage limit\u00e9 \u00e0 180 exemplaires num\u00e9rot\u00e9s avec une couverture in\u00e9dite, accompagn\u00e9 d\u2019une s\u00e9rigraphie huit passages couleur, num\u00e9rot\u00e9e et sign\u00e9e par l\u2019artiste.<\/p>\n<p>&nbsp;<\/p>\n<p>En vente exclusivement \u00e0 la galerie Barbier.<\/p>\n<p>&nbsp;<\/p>\n<p>Parution 27 juin 2019<br \/>\nISBN\u2009: 978-2-919243-29-7<\/p>\n<p>48 pages<br \/>\n24 x 28\u00a0cm<br \/>\nCouverture rigide<\/p>\n","protected":false},"excerpt":{"rendered":"<p>Tirage de luxe noir et blanc de\u00a0King Kong\u00a0de\u00a0Christophe Blain &nbsp; Edit\u00e9 par Barbier &amp; Mathon &nbsp; \u00c0 l\u2019occasion de l\u2019exposition King Kong de Christophe Blain du 28 juin au 27<\/p>\n","protected":false},"featured_media":41218,"template":"","meta":{"_acf_changed":false},"product_cat":[19],"product_tag":[],"exhibition":[111],"artist":[53],"class_list":{"0":"post-10577","1":"product","2":"type-product","3":"status-publish","4":"has-post-thumbnail","6":"product_cat-livres","7":"exhibition-king-kong","8":"artist-christophe-blain","10":"first","11":"outofstock","12":"shipping-taxable","13":"purchasable","14":"product-type-simple"},"acf":[],"_links":{"self":[{"href":"https:\/\/3r-prev.com\/gba\/wp-json\/wp\/v2\/product\/10577","targetHints":{"allow":["GET"]}}],"collection":[{"href":"https:\/\/3r-prev.com\/gba\/wp-json\/wp\/v2\/product"}],"about":[{"href":"https:\/\/3r-prev.com\/gba\/wp-json\/wp\/v2\/types\/product"}],"wp:featuredmedia":[{"embeddable":true,"href":"https:\/\/3r-prev.com\/gba\/wp-json\/wp\/v2\/media\/41218"}],"wp:attachment":[{"href":"https:\/\/3r-prev.com\/gba\/wp-json\/wp\/v2\/media?parent=10577"}],"wp:term":[{"taxonomy":"product_cat","embeddable":true,"href":"https:\/\/3r-prev.com\/gba\/wp-json\/wp\/v2\/product_cat?post=10577"},{"taxonomy":"product_tag","embeddable":true,"href":"https:\/\/3r-prev.com\/gba\/wp-json\/wp\/v2\/product_tag?post=10577"},{"taxonomy":"exhibition","embeddable":true,"href":"https:\/\/3r-prev.com\/gba\/wp-json\/wp\/v2\/exhibition?post=10577"},{"taxonomy":"artist","embeddable":true,"href":"https:\/\/3r-prev.com\/gba\/wp-json\/wp\/v2\/artist?post=10577"}],"curies":[{"name":"wp","href":"https:\/\/api.w.org\/{rel}","templated":true}]}}