{"id":10572,"date":"2021-01-20T16:10:44","date_gmt":"2021-01-20T15:10:44","guid":{"rendered":"https:\/\/3r-prev.com\/gba\/?post_type=product&#038;p=10572"},"modified":"2024-09-27T12:42:24","modified_gmt":"2024-09-27T10:42:24","slug":"dessins-de-nuit","status":"publish","type":"product","link":"https:\/\/3r-prev.com\/gba\/produit\/dessins-de-nuit\/","title":{"rendered":"CHARLES BERBERIAN &#8211; Dessins de nuit"},"content":{"rendered":"<p>Edit\u00e9 par Barbier &amp; Mathon<\/p>\n<p>&nbsp;<\/p>\n<p>\u00ab\u00a0Les dessins de nuit sont sans cons\u00e9quence. Ils n\u2019ont pas de sens cach\u00e9 ou figur\u00e9. C\u2019est comme une conversation apr\u00e8s minuit o\u00f9 le plaisir de parler, en buvant un verre, surpasse le besoin de convaincre ou de d\u00e9montrer, mais pas forc\u00e9ment le d\u00e9sir de s\u00e9duire.\u00a0\u00bb Charles Berberian<\/p>\n<p>&nbsp;<\/p>\n<p>Parution mars 2013<br \/>\n35 euros<\/p>\n<p>&nbsp;<\/p>\n<p>16 x 21\u00a0cm<br \/>\nCouverture rigide avec jaquette en calque bleu<br \/>\n252 pages en noir et blanc, sur papier munken pure 140\u00a0g<\/p>\n","protected":false},"excerpt":{"rendered":"<p>Edit\u00e9 par Barbier &amp; Mathon &nbsp; \u00ab\u00a0Les dessins de nuit sont sans cons\u00e9quence. Ils n\u2019ont pas de sens cach\u00e9 ou figur\u00e9. C\u2019est comme une conversation apr\u00e8s minuit o\u00f9 le plaisir<\/p>\n","protected":false},"featured_media":41216,"template":"","meta":{"_acf_changed":false},"product_cat":[19],"product_tag":[],"exhibition":[110],"artist":[46],"class_list":{"0":"post-10572","1":"product","2":"type-product","3":"status-publish","4":"has-post-thumbnail","6":"product_cat-livres","7":"exhibition-dessins-de-nuit","8":"artist-charles-berberian","10":"first","11":"outofstock","12":"shipping-taxable","13":"purchasable","14":"product-type-simple"},"acf":[],"_links":{"self":[{"href":"https:\/\/3r-prev.com\/gba\/wp-json\/wp\/v2\/product\/10572","targetHints":{"allow":["GET"]}}],"collection":[{"href":"https:\/\/3r-prev.com\/gba\/wp-json\/wp\/v2\/product"}],"about":[{"href":"https:\/\/3r-prev.com\/gba\/wp-json\/wp\/v2\/types\/product"}],"wp:featuredmedia":[{"embeddable":true,"href":"https:\/\/3r-prev.com\/gba\/wp-json\/wp\/v2\/media\/41216"}],"wp:attachment":[{"href":"https:\/\/3r-prev.com\/gba\/wp-json\/wp\/v2\/media?parent=10572"}],"wp:term":[{"taxonomy":"product_cat","embeddable":true,"href":"https:\/\/3r-prev.com\/gba\/wp-json\/wp\/v2\/product_cat?post=10572"},{"taxonomy":"product_tag","embeddable":true,"href":"https:\/\/3r-prev.com\/gba\/wp-json\/wp\/v2\/product_tag?post=10572"},{"taxonomy":"exhibition","embeddable":true,"href":"https:\/\/3r-prev.com\/gba\/wp-json\/wp\/v2\/exhibition?post=10572"},{"taxonomy":"artist","embeddable":true,"href":"https:\/\/3r-prev.com\/gba\/wp-json\/wp\/v2\/artist?post=10572"}],"curies":[{"name":"wp","href":"https:\/\/api.w.org\/{rel}","templated":true}]}}