{"id":10570,"date":"2021-01-20T15:40:41","date_gmt":"2021-01-20T14:40:41","guid":{"rendered":"https:\/\/3r-prev.com\/gba\/?post_type=product&#038;p=10570"},"modified":"2024-09-27T12:42:23","modified_gmt":"2024-09-27T10:42:23","slug":"lithographie-les-passages","status":"publish","type":"product","link":"https:\/\/3r-prev.com\/gba\/produit\/lithographie-les-passages\/","title":{"rendered":"CHARLES BERBERIAN &#8211; Lithographie &#8211; Les Passages"},"content":{"rendered":"<p><em>Les Passages<\/em><br \/>\nLithographie<br \/>\nFormat de la feuille\u00a0: 65 x 50\u00a0cm<br \/>\nFormat du dessin\u00a0: 47 x 34\u00a0cm<br \/>\nTirage limit\u00e9 \u00e0 25 exemplaires, num\u00e9rot\u00e9s et sign\u00e9s par l\u2019artiste<\/p>\n<p>&nbsp;<\/p>\n<p>En vente exclusivement \u00e0 la galerie<\/p>\n","protected":false},"excerpt":{"rendered":"<p>Les Passages Lithographie Format de la feuille\u00a0: 65 x 50\u00a0cm Format du dessin\u00a0: 47 x 34\u00a0cm Tirage limit\u00e9 \u00e0 25 exemplaires, num\u00e9rot\u00e9s et sign\u00e9s par l\u2019artiste &nbsp; En vente exclusivement<\/p>\n","protected":false},"featured_media":41215,"template":"","meta":{"_acf_changed":false},"product_cat":[20],"product_tag":[],"exhibition":[109],"artist":[46],"class_list":{"0":"post-10570","1":"product","2":"type-product","3":"status-publish","4":"has-post-thumbnail","6":"product_cat-tirages-dart","7":"exhibition-paris-helsinki","8":"artist-charles-berberian","10":"first","11":"instock","12":"shipping-taxable","13":"purchasable","14":"product-type-simple"},"acf":[],"_links":{"self":[{"href":"https:\/\/3r-prev.com\/gba\/wp-json\/wp\/v2\/product\/10570","targetHints":{"allow":["GET"]}}],"collection":[{"href":"https:\/\/3r-prev.com\/gba\/wp-json\/wp\/v2\/product"}],"about":[{"href":"https:\/\/3r-prev.com\/gba\/wp-json\/wp\/v2\/types\/product"}],"wp:featuredmedia":[{"embeddable":true,"href":"https:\/\/3r-prev.com\/gba\/wp-json\/wp\/v2\/media\/41215"}],"wp:attachment":[{"href":"https:\/\/3r-prev.com\/gba\/wp-json\/wp\/v2\/media?parent=10570"}],"wp:term":[{"taxonomy":"product_cat","embeddable":true,"href":"https:\/\/3r-prev.com\/gba\/wp-json\/wp\/v2\/product_cat?post=10570"},{"taxonomy":"product_tag","embeddable":true,"href":"https:\/\/3r-prev.com\/gba\/wp-json\/wp\/v2\/product_tag?post=10570"},{"taxonomy":"exhibition","embeddable":true,"href":"https:\/\/3r-prev.com\/gba\/wp-json\/wp\/v2\/exhibition?post=10570"},{"taxonomy":"artist","embeddable":true,"href":"https:\/\/3r-prev.com\/gba\/wp-json\/wp\/v2\/artist?post=10570"}],"curies":[{"name":"wp","href":"https:\/\/api.w.org\/{rel}","templated":true}]}}