{"id":10080,"date":"2021-01-15T10:06:56","date_gmt":"2021-01-15T09:06:56","guid":{"rendered":"https:\/\/3r-prev.com\/gba\/?post_type=product&#038;p=10080"},"modified":"2024-09-27T12:42:23","modified_gmt":"2024-09-27T10:42:23","slug":"serigraphie-alack-1","status":"publish","type":"product","link":"https:\/\/3r-prev.com\/gba\/produit\/serigraphie-alack-1\/","title":{"rendered":"JOSE MU\u00d1OZ &#8211; S\u00e9rigraphie &#8211; Alack 1"},"content":{"rendered":"<p>Cette magnifique s\u00e9rigraphie reprend l&rsquo;univers noir et jazzy du c\u00e9l\u00e8bre detective Alac Sinner<\/p>\n<p>&nbsp;<\/p>\n<p>1 passage couleur<br \/>\nFormat 50 x 70 cm (livr\u00e9e sans encadrement)<br \/>\nNum\u00e9rot\u00e9e \u00e0 75 exemplaires et sign\u00e9e par l&rsquo;artiste<br \/>\nsur papier Arches 88<\/p>\n","protected":false},"excerpt":{"rendered":"<p>Cette magnifique s\u00e9rigraphie reprend l&rsquo;univers noir et jazzy du c\u00e9l\u00e8bre detective Alac Sinner &nbsp; 1 passage couleur Format 50 x 70 cm (livr\u00e9e sans encadrement) Num\u00e9rot\u00e9e \u00e0 75 exemplaires et<\/p>\n","protected":false},"featured_media":41214,"template":"","meta":{"_acf_changed":false},"product_cat":[20],"product_tag":[],"exhibition":[],"artist":[101],"class_list":{"0":"post-10080","1":"product","2":"type-product","3":"status-publish","4":"has-post-thumbnail","6":"product_cat-tirages-dart","7":"artist-jose-munoz","9":"first","10":"instock","11":"shipping-taxable","12":"purchasable","13":"product-type-simple"},"acf":[],"_links":{"self":[{"href":"https:\/\/3r-prev.com\/gba\/wp-json\/wp\/v2\/product\/10080","targetHints":{"allow":["GET"]}}],"collection":[{"href":"https:\/\/3r-prev.com\/gba\/wp-json\/wp\/v2\/product"}],"about":[{"href":"https:\/\/3r-prev.com\/gba\/wp-json\/wp\/v2\/types\/product"}],"wp:featuredmedia":[{"embeddable":true,"href":"https:\/\/3r-prev.com\/gba\/wp-json\/wp\/v2\/media\/41214"}],"wp:attachment":[{"href":"https:\/\/3r-prev.com\/gba\/wp-json\/wp\/v2\/media?parent=10080"}],"wp:term":[{"taxonomy":"product_cat","embeddable":true,"href":"https:\/\/3r-prev.com\/gba\/wp-json\/wp\/v2\/product_cat?post=10080"},{"taxonomy":"product_tag","embeddable":true,"href":"https:\/\/3r-prev.com\/gba\/wp-json\/wp\/v2\/product_tag?post=10080"},{"taxonomy":"exhibition","embeddable":true,"href":"https:\/\/3r-prev.com\/gba\/wp-json\/wp\/v2\/exhibition?post=10080"},{"taxonomy":"artist","embeddable":true,"href":"https:\/\/3r-prev.com\/gba\/wp-json\/wp\/v2\/artist?post=10080"}],"curies":[{"name":"wp","href":"https:\/\/api.w.org\/{rel}","templated":true}]}}