{"id":10007,"date":"2021-01-14T16:08:15","date_gmt":"2021-01-14T15:08:15","guid":{"rendered":"https:\/\/3r-prev.com\/gba\/?post_type=product&#038;p=10007"},"modified":"2024-09-27T12:42:21","modified_gmt":"2024-09-27T10:42:21","slug":"delacroix","status":"publish","type":"product","link":"https:\/\/3r-prev.com\/gba\/produit\/delacroix\/","title":{"rendered":"CATHERINE MEURISSE &#8211; Tirage de luxe Delacroix"},"content":{"rendered":"<p>Edit\u00e9 par Barbier &amp; Mathon<\/p>\n<p>&nbsp;<\/p>\n<p>\u00c0 l\u2019occasion de l\u2019exposition Delacroix de Catherine Meurisse du 13 d\u00e9cembre 2019 au 11 janvier 2020.<\/p>\n<p>&nbsp;<\/p>\n<p>Tirage limit\u00e9 \u00e0 180 exemplaires num\u00e9rot\u00e9s et sign\u00e9s avec une couverture in\u00e9dite. Cette \u00e9dition contient 50 pages de dessins, planches et peintures in\u00e9dits.<\/p>\n<p>&nbsp;<\/p>\n<p>En vente exclusivement \u00e0 la galerie Barbier.<\/p>\n<p>&nbsp;<\/p>\n<p>Parution 12 d\u00e9cembre 2019<br \/>\nISBN\u2009: 978-2-919243-32-7<\/p>\n<p>&nbsp;<\/p>\n<p>190 pages<br \/>\n20,5 x 27\u00a0cm<br \/>\nCouverture rigide<\/p>\n<p>&nbsp;<\/p>\n","protected":false},"excerpt":{"rendered":"<p>Edit\u00e9 par Barbier &amp; Mathon &nbsp; \u00c0 l\u2019occasion de l\u2019exposition Delacroix de Catherine Meurisse du 13 d\u00e9cembre 2019 au 11 janvier 2020. &nbsp; Tirage limit\u00e9 \u00e0 180 exemplaires num\u00e9rot\u00e9s et<\/p>\n","protected":false},"featured_media":41207,"template":"","meta":{"_acf_changed":false},"product_cat":[19],"product_tag":[],"exhibition":[98],"artist":[99],"class_list":{"0":"post-10007","1":"product","2":"type-product","3":"status-publish","4":"has-post-thumbnail","6":"product_cat-livres","7":"exhibition-delacroix","8":"artist-catherine-meurisse","10":"first","11":"instock","12":"shipping-taxable","13":"purchasable","14":"product-type-simple"},"acf":[],"_links":{"self":[{"href":"https:\/\/3r-prev.com\/gba\/wp-json\/wp\/v2\/product\/10007","targetHints":{"allow":["GET"]}}],"collection":[{"href":"https:\/\/3r-prev.com\/gba\/wp-json\/wp\/v2\/product"}],"about":[{"href":"https:\/\/3r-prev.com\/gba\/wp-json\/wp\/v2\/types\/product"}],"wp:featuredmedia":[{"embeddable":true,"href":"https:\/\/3r-prev.com\/gba\/wp-json\/wp\/v2\/media\/41207"}],"wp:attachment":[{"href":"https:\/\/3r-prev.com\/gba\/wp-json\/wp\/v2\/media?parent=10007"}],"wp:term":[{"taxonomy":"product_cat","embeddable":true,"href":"https:\/\/3r-prev.com\/gba\/wp-json\/wp\/v2\/product_cat?post=10007"},{"taxonomy":"product_tag","embeddable":true,"href":"https:\/\/3r-prev.com\/gba\/wp-json\/wp\/v2\/product_tag?post=10007"},{"taxonomy":"exhibition","embeddable":true,"href":"https:\/\/3r-prev.com\/gba\/wp-json\/wp\/v2\/exhibition?post=10007"},{"taxonomy":"artist","embeddable":true,"href":"https:\/\/3r-prev.com\/gba\/wp-json\/wp\/v2\/artist?post=10007"}],"curies":[{"name":"wp","href":"https:\/\/api.w.org\/{rel}","templated":true}]}}