{"id":10004,"date":"2021-01-14T16:03:54","date_gmt":"2021-01-14T15:03:54","guid":{"rendered":"https:\/\/3r-prev.com\/gba\/?post_type=product&#038;p=10004"},"modified":"2024-09-27T12:42:20","modified_gmt":"2024-09-27T10:42:20","slug":"caustic","status":"publish","type":"product","link":"https:\/\/3r-prev.com\/gba\/produit\/caustic\/","title":{"rendered":"DAVE McKEAN &#8211; Caustic"},"content":{"rendered":"<p>Edit\u00e9 par Barbier &amp; Mathon<\/p>\n<p>&nbsp;<\/p>\n<p>\u00c0 l\u2019occasion de l\u2019exposition C comme Cages, Celluloid et Caustic de Dave McKean du 13 septembre au 2 novembre 2019.<\/p>\n<p>&nbsp;<\/p>\n<p>Tirage limit\u00e9 \u00e0 500 exemplaires num\u00e9rot\u00e9s et sign\u00e9s par l\u2019artiste. En vente exclusivement \u00e0 la galerie Barbier.<\/p>\n<p>&nbsp;<\/p>\n<p>Parution 12 septembre 2019<br \/>\nISBN\u2009: 978-2-919243-30-3<\/p>\n<p>&nbsp;<\/p>\n<p>160 pages<br \/>\n26 x 26\u00a0cm<br \/>\nCouverture rigide en velours<\/p>\n","protected":false},"excerpt":{"rendered":"<p>Edit\u00e9 par Barbier &amp; Mathon &nbsp; \u00c0 l\u2019occasion de l\u2019exposition C comme Cages, Celluloid et Caustic de Dave McKean du 13 septembre au 2 novembre 2019. &nbsp; Tirage limit\u00e9 \u00e0<\/p>\n","protected":false},"featured_media":41201,"template":"","meta":{"_acf_changed":false},"product_cat":[19],"product_tag":[],"exhibition":[96],"artist":[97],"class_list":{"0":"post-10004","1":"product","2":"type-product","3":"status-publish","4":"has-post-thumbnail","6":"product_cat-livres","7":"exhibition-c-comme-cages-celluloid-et-caustic","8":"artist-dave-mckean","10":"first","11":"outofstock","12":"shipping-taxable","13":"purchasable","14":"product-type-simple"},"acf":[],"_links":{"self":[{"href":"https:\/\/3r-prev.com\/gba\/wp-json\/wp\/v2\/product\/10004","targetHints":{"allow":["GET"]}}],"collection":[{"href":"https:\/\/3r-prev.com\/gba\/wp-json\/wp\/v2\/product"}],"about":[{"href":"https:\/\/3r-prev.com\/gba\/wp-json\/wp\/v2\/types\/product"}],"wp:featuredmedia":[{"embeddable":true,"href":"https:\/\/3r-prev.com\/gba\/wp-json\/wp\/v2\/media\/41201"}],"wp:attachment":[{"href":"https:\/\/3r-prev.com\/gba\/wp-json\/wp\/v2\/media?parent=10004"}],"wp:term":[{"taxonomy":"product_cat","embeddable":true,"href":"https:\/\/3r-prev.com\/gba\/wp-json\/wp\/v2\/product_cat?post=10004"},{"taxonomy":"product_tag","embeddable":true,"href":"https:\/\/3r-prev.com\/gba\/wp-json\/wp\/v2\/product_tag?post=10004"},{"taxonomy":"exhibition","embeddable":true,"href":"https:\/\/3r-prev.com\/gba\/wp-json\/wp\/v2\/exhibition?post=10004"},{"taxonomy":"artist","embeddable":true,"href":"https:\/\/3r-prev.com\/gba\/wp-json\/wp\/v2\/artist?post=10004"}],"curies":[{"name":"wp","href":"https:\/\/api.w.org\/{rel}","templated":true}]}}