{"id":9,"date":"2019-04-17T11:51:08","date_gmt":"2019-04-17T11:51:08","guid":{"rendered":"http:\/\/rnbtheme.com\/fifty_two\/?page_id=9"},"modified":"2025-08-28T16:09:44","modified_gmt":"2025-08-28T14:09:44","slug":"fifty-two","status":"publish","type":"page","link":"https:\/\/3r-prev.com\/bm\/","title":{"rendered":"Home"},"content":{"rendered":"<div class=\"wpb-content-wrapper\"><p>[vc_row dfd_row_config=\u00a0\u00bbfull_width_content\u00a0\u00bb][vc_column col_shadow=\u00a0\u00bbbox_shadow_enable:disable|shadow_horizontal:0|shadow_vertical:15|shadow_blur:50|shadow_spread:0|box_shadow_color:rgba(0%2C0%2C0%2C0.35)\u00a0\u00bb col_shadow_hover=\u00a0\u00bbbox_shadow_enable:disable|shadow_horizontal:0|shadow_vertical:15|shadow_blur:50|shadow_spread:0|box_shadow_color:rgba(0%2C0%2C0%2C0.35)\u00a0\u00bb el_class=\u00a0\u00bbbg-custom-class\u00a0\u00bb]<div class=\"dfd-spacer-module\"  data-units=\"px\" data-wide_resolution=\"1280\" data-wide_size=\"60\" data-normal_resolution=\"1024\" data-normal_size=\"60\" data-tablet_resolution=\"800\" data-tablet_size=\"60\" data-mobile_resolution=\"480\" data-mobile_size=\"60\" style=\"height: 60px;\"><\/div><div class=\"dfd-spacer-module\"  data-units=\"px\" data-wide_resolution=\"1280\" data-wide_size=\"60\" data-normal_resolution=\"1024\" data-normal_size=\"60\" data-tablet_resolution=\"800\" data-tablet_size=\"60\" data-mobile_resolution=\"480\" data-mobile_size=\"60\" style=\"height: 60px;\"><\/div>[\/vc_column][\/vc_row][vc_row dfd_enable_overlay=\u00a0\u00bb\u00a0\u00bb el_class=\u00a0\u00bbz-index-class\u00a0\u00bb][vc_column width=\u00a0\u00bb5\/12&Prime; dfd_column_responsive_enable=\u00a0\u00bbdfd-column-responsive-enable\u00a0\u00bb css=\u00a0\u00bb.vc_custom_1556607260766{padding-right: 40px !important;}\u00a0\u00bb col_shadow=\u00a0\u00bbbox_shadow_enable:disable|shadow_horizontal:0|shadow_vertical:15|shadow_blur:50|shadow_spread:0|box_shadow_color:rgba(0%2C0%2C0%2C0.35)\u00a0\u00bb col_shadow_hover=\u00a0\u00bbbox_shadow_enable:disable|shadow_horizontal:0|shadow_vertical:15|shadow_blur:50|shadow_spread:0|box_shadow_color:rgba(0%2C0%2C0%2C0.35)\u00a0\u00bb responsive_styles=\u00a0\u00bbpadding_left_desktop:20|padding_left_tablet:20|padding_right_tablet:20|padding_left_mobile:20|padding_right_mobile:20&Prime; el_class=\u00a0\u00bbdfd_col-tablet-12&Prime; offset=\u00a0\u00bbvc_col-lg-5 vc_col-md-5&Prime;]<div class=\"dfd-spacer-module\"  data-units=\"px\" data-wide_resolution=\"1280\" data-wide_size=\"20\" data-normal_resolution=\"1024\" data-normal_size=\"0\" data-tablet_resolution=\"800\" data-tablet_size=\"20\" data-mobile_resolution=\"480\" data-mobile_size=\"10\" style=\"height: 20px;\"><\/div>[vc_raw_html]JTNDZGl2JTIwY2xhc3MlM0QlMjJiZWEtbWlkLXRpdHJlLXdyYXAlMjIlM0UlMEElMDklM0NoMyUyMGNsYXNzJTNEJTIyYmVhLW1pZC10aXRyZSUyMiUzRUwlMjdhZ2VuY2UlM0MlMkZoMyUzRSUwQSUwOSUzQ2g1JTIwY2xhc3MlM0QlMjJiZWEtbWlkLXNzLXRpdHJlJTIyJTNFQ29tbXVuaWNhdGlvbiUyMGN1bHR1cmVsbGUlM0MlMkZoNSUzRSUwQSUzQyUyRmRpdiUzRQ==[\/vc_raw_html]<div class=\"dfd-spacer-module\"  data-units=\"px\" data-wide_resolution=\"1280\" data-wide_size=\"30\" data-normal_resolution=\"1024\" data-normal_size=\"30\" data-tablet_resolution=\"800\" data-tablet_size=\"30\" data-mobile_resolution=\"480\" data-mobile_size=\"30\" style=\"height: 30px;\"><\/div>[vc_column_text item_animation=\u00a0\u00bbtransition.slideUpBigIn\u00a0\u00bb]<\/p>\n<p style=\"font-size: 0.7em;\">Expertes dans les relations m\u00e9dias et l\u2019influence culturelle, nous accompagnons nos clients dans la conception et la mise en \u0153uvre de leur strat\u00e9gie de communication pour la notori\u00e9t\u00e9 de leurs projets.<\/p>\n<p>[\/vc_column_text]<div class=\"dfd-spacer-module\"  data-units=\"px\" data-wide_resolution=\"1280\" data-wide_size=\"40\" data-normal_resolution=\"1024\" data-normal_size=\"40\" data-tablet_resolution=\"800\" data-tablet_size=\"40\" data-mobile_resolution=\"480\" data-mobile_size=\"40\" style=\"height: 40px;\"><\/div>[vc_row_inner][vc_column_inner css=\u00a0\u00bb.vc_custom_1555592460699{padding-left: 35px !important;}\u00a0\u00bb col_inner_shadow=\u00a0\u00bbbox_shadow_enable:disable|shadow_horizontal:0|shadow_vertical:15|shadow_blur:50|shadow_spread:0|box_shadow_color:rgba(0%2C0%2C0%2C0.35)\u00a0\u00bb col_inner_shadow_hover=\u00a0\u00bbbox_shadow_enable:disable|shadow_horizontal:0|shadow_vertical:15|shadow_blur:50|shadow_spread:0|box_shadow_color:rgba(0%2C0%2C0%2C0.35)\u00a0\u00bb]<div id=\"dfd-icon-list-69d439cbe6e91-1434\" class=\"dfd-icon-list-wrap  style-1   cr-animate-gen\" data-animate-item=\".dfd-list-content\" data-animate-type=\"transition.slideUpBigIn\" ><ul class=\"dfd-icon-list\"><li class=\"\"><div class=\"dfd-list-content clearfix dfd-img-lazy-load\" style=\"padding-bottom:25px;\"><div class=\"dfd-list-icon-block text-center\" style=\"font-size:23px; width:23px; height:23px; \"><img decoding=\"async\" src=\"data:image\/svg+xml;charset=utf-8,%3Csvg xmlns%3D'http%3A%2F%2Fwww.w3.org%2F2000%2Fsvg' viewBox%3D'0 0 23 23'%2F%3E\" data-src=\"https:\/\/3r-prev.com\/bm\/wp-content\/uploads\/2023\/10\/clip-jaune-23x23.png\" alt=\"Image\" \/><\/div><div class=\"dfd-list-content-block content\">Strat\u00e9gie de communication<\/div><\/div><\/li><li class=\"\"><div class=\"dfd-list-content clearfix dfd-img-lazy-load\" style=\"padding-bottom:25px;\"><div class=\"dfd-list-icon-block text-center\" style=\"font-size:23px; width:23px; height:23px; \"><img decoding=\"async\" src=\"data:image\/svg+xml;charset=utf-8,%3Csvg xmlns%3D'http%3A%2F%2Fwww.w3.org%2F2000%2Fsvg' viewBox%3D'0 0 23 23'%2F%3E\" data-src=\"https:\/\/3r-prev.com\/bm\/wp-content\/uploads\/2023\/10\/clip-jaune-23x23.png\" alt=\"Image\" \/><\/div><div class=\"dfd-list-content-block content\">Relations presse<\/div><\/div><\/li><li class=\"\"><div class=\"dfd-list-content clearfix dfd-img-lazy-load\" style=\"padding-bottom:25px;\"><div class=\"dfd-list-icon-block text-center\" style=\"font-size:23px; width:23px; height:23px; \"><img decoding=\"async\" src=\"data:image\/svg+xml;charset=utf-8,%3Csvg xmlns%3D'http%3A%2F%2Fwww.w3.org%2F2000%2Fsvg' viewBox%3D'0 0 23 23'%2F%3E\" data-src=\"https:\/\/3r-prev.com\/bm\/wp-content\/uploads\/2023\/10\/clip-jaune-23x23.png\" alt=\"Image\" \/><\/div><div class=\"dfd-list-content-block content\">Marketing d\u2019influence<\/div><\/div><\/li><\/ul><\/div><script type=\"text\/javascript\">(function($) {$(\"head\").append(\"<style>#dfd-icon-list-69d439cbe6e91-1434 .dfd-icon-list .content {style=&quot;font-family:PT Sans; font-weight:700; font-style:normal; font-size: 20px; color: #272727 !important; line-height: 20px; letter-spacing: 0px; &quot;}<\/style>\");})(jQuery);<\/script>[\/vc_column_inner][\/vc_row_inner]<div class=\"dfd-spacer-module\"  data-units=\"px\" data-wide_resolution=\"1280\" data-wide_size=\"50\" data-normal_resolution=\"1024\" data-normal_size=\"25\" data-tablet_resolution=\"800\" data-tablet_size=\"50\" data-mobile_resolution=\"480\" data-mobile_size=\"25\" style=\"height: 50px;\"><\/div><div id=\"dfd-button-69d439cbe79f9\" class=\"dfd-button-module-wrap dfd-button-69d439cbe79f9\"><div class=\"dfd-button-module  cr-animate-gen style_1 text-left dfd-horizontal dfd-top-to-bottom dfd-button-icon-left dfd-button-icon-hover-simple\"  data-animate-type=\"transition.slideUpBigIn\" ><a href=\"https:\/\/3r-prev.com\/bm\/contact\/\" title=\"Contact\" class=\"dfd-button-link\"><span class=\"dfd-button-inner-cover\"><span class=\"dfd-button-text-main\">Contact<\/span><\/span><\/a><\/div><script type=\"text\/javascript\">\r\n\t\t\t\t\t\t\t\t\t(function($) {$(\"head\").append(\"<style>#dfd-button-69d439cbe79f9.dfd-button-module-wrap .dfd-button-module .dfd-button-link .dfd-button-inner-cover .dfd-button-text-main,.dfd-button-69d439cbe79f9.dfd-button-module-wrap .dfd-button-module .dfd-button-link .dfd-button-inner-cover .dfd-button-text-main {color: #ffffff}#dfd-button-69d439cbe79f9.dfd-button-module-wrap .dfd-button-module .dfd-button-link .dfd-button-inner-cover,.dfd-button-69d439cbe79f9.dfd-button-module-wrap .dfd-button-module .dfd-button-link .dfd-button-border-decoration,.dfd-button-69d439cbe79f9.dfd-button-module-wrap .dfd-button-module .dfd-button-link .dfd-button-inner-cover {border-radius:0px;}#dfd-button-69d439cbe79f9.dfd-button-module-wrap .dfd-button-module:not(.style_4) .dfd-button-link .dfd-button-inner-cover:before,#dfd-button-69d439cbe79f9.dfd-button-module-wrap .dfd-button-module.style_4 .dfd-button-link .dfd-button-inner-cover:after,#dfd-button-69d439cbe79f9.dfd-button-module-wrap .dfd-button-module.style_6 .dfd-button-link .dfd-button-inner-cover .dfd-button-text-main,.dfd-button-69d439cbe79f9.dfd-button-module-wrap .dfd-button-module:not(.style_4) .dfd-button-link .dfd-button-inner-cover:before,.dfd-button-69d439cbe79f9.dfd-button-module-wrap .dfd-button-module.style_4 .dfd-button-link .dfd-button-inner-cover:after,.dfd-button-69d439cbe79f9.dfd-button-module-wrap .dfd-button-module.style_6 .dfd-button-link .dfd-button-inner-cover .dfd-button-text-main {background: #ffc000;border-style:solid;border-width:0px;border-radius:0px;border-color:#1b1b1b;}#dfd-button-69d439cbe79f9.dfd-button-module-wrap .dfd-button-module:not(.style_6) .dfd-button-link:hover .dfd-button-inner-cover .dfd-button-text-main,#dfd-button-69d439cbe79f9.dfd-button-module-wrap .dfd-button-module .dfd-button-link .dfd-button-inner-cover .dfd-button-text-hover,.dfd-button-69d439cbe79f9.dfd-button-module-wrap .dfd-button-module:not(.style_6) .dfd-button-link:hover .dfd-button-inner-cover .dfd-button-text-main,.dfd-button-69d439cbe79f9.dfd-button-module-wrap .dfd-button-module .dfd-button-link .dfd-button-inner-cover .dfd-button-text-hover {color: #ffffff;}#dfd-button-69d439cbe79f9.dfd-button-module-wrap .dfd-button-module .dfd-button-link:hover .dfd-button-inner-cover,.dfd-button-69d439cbe79f9.dfd-button-module-wrap .dfd-button-module .dfd-button-link:hover .dfd-button-border-decoration,.dfd-button-69d439cbe79f9.dfd-button-module-wrap .dfd-button-module .dfd-button-link:hover .dfd-button-inner-cover {border-radius:0px;}#dfd-button-69d439cbe79f9.dfd-button-module-wrap .dfd-button-module:not(.style_4) .dfd-button-link .dfd-button-inner-cover:after,#dfd-button-69d439cbe79f9.dfd-button-module-wrap .dfd-button-module.style_4 .dfd-button-link .dfd-button-inner-cover:before,#dfd-button-69d439cbe79f9.dfd-button-module-wrap .dfd-button-module .dfd-button-link .dfd-button-inner-cover .dfd-button-text-hover .dfd-button-69d439cbe79f9.dfd-button-module-wrap .dfd-button-module:not(.style_4) .dfd-button-link .dfd-button-inner-cover:after,.dfd-button-69d439cbe79f9.dfd-button-module-wrap .dfd-button-module.style_4 .dfd-button-link .dfd-button-inner-cover:before,.dfd-button-69d439cbe79f9.dfd-button-module-wrap .dfd-button-module .dfd-button-link .dfd-button-inner-cover .dfd-button-text-hover {background: #272727;border-style:solid;border-width:0px;border-radius:0px;border-color:#c39f76;}#dfd-button-69d439cbe79f9.dfd-button-module-wrap .dfd-button-module.style_3 .dfd-button-link:hover .dfd-button-inner-cover:before,#dfd-button-69d439cbe79f9.dfd-button-module-wrap .dfd-button-module.style_4 .dfd-button-link:hover .dfd-button-inner-cover:before,.dfd-button-69d439cbe79f9.dfd-button-module-wrap .dfd-button-module.style_3 .dfd-button-link:hover .dfd-button-inner-cover:before,.dfd-button-69d439cbe79f9.dfd-button-module-wrap .dfd-button-module.style_4 .dfd-button-link:hover .dfd-button-inner-cover:before {border-style:solid;border-width:0px;border-radius:0px;border-color:#c39f76;}<\/style>\")\r\n\t\t\t\t\t\t\t\t\t})(jQuery);\r\n\t\t\t\t\t\t\t\t<\/script><\/div>[\/vc_column][\/vc_row][vc_row dfd_bg_style=\u00a0\u00bbimage\u00a0\u00bb dfd_bg_image_new=\u00a0\u00bb1437&Prime; dfd_bg_image_repeat=\u00a0\u00bbno-repeat\u00a0\u00bb dfd_bg_image_position=\u00a0\u00bbcenter center\u00a0\u00bb dfd_enable_overlay=\u00a0\u00bb\u00a0\u00bb dfd_row_responsive_enable=\u00a0\u00bbdfd-row-responsive-enable\u00a0\u00bb responsive_styles=\u00a0\u00bbmargin_top_mobile:-50&Prime;][vc_column dfd_column_responsive_enable=\u00a0\u00bbdfd-column-responsive-enable\u00a0\u00bb css=\u00a0\u00bb.vc_custom_1556796223168{padding-right: 16% !important;padding-left: 16% !important;}\u00a0\u00bb col_shadow=\u00a0\u00bbbox_shadow_enable:disable|shadow_horizontal:0|shadow_vertical:15|shadow_blur:50|shadow_spread:0|box_shadow_color:rgba(0%2C0%2C0%2C0.35)\u00a0\u00bb col_shadow_hover=\u00a0\u00bbbox_shadow_enable:disable|shadow_horizontal:0|shadow_vertical:15|shadow_blur:50|shadow_spread:0|box_shadow_color:rgba(0%2C0%2C0%2C0.35)\u00a0\u00bb responsive_styles=\u00a0\u00bbpadding_left_tablet:20|padding_right_tablet:20|padding_left_mobile:20|padding_right_mobile:20&Prime;]<div class=\"dfd-spacer-module\"  data-units=\"px\" data-wide_resolution=\"1280\" data-wide_size=\"180\" data-normal_resolution=\"1024\" data-normal_size=\"180\" data-tablet_resolution=\"800\" data-tablet_size=\"180\" data-mobile_resolution=\"480\" data-mobile_size=\"160\" style=\"height: 180px;\"><\/div><div class=\"dfd-heading-shortcode\"><div class=\"dfd-heading-module-wrap  text-center style_02 cr-animate-gen dfd-heading-69d439cbe7a80 dfd-disable-resposive-headings\" id=\"dfd-heading-69d439cbe7a80\" data-animate-type = \"transition.slideUpBigIn\" ><div class=\"inline-block\"><div class=\"dfd-heading-module\"><h6 class=\"widget-sub-title dfd-sub-title \" style=\"font-size: 30px; color: #ffffff !important; line-height: 30px; letter-spacing: 0px; \">Notre identit\u00e9<\/h6><h5 class=\"widget-title dfd-title \" style=\"font-size: 120px; font-family: BebasNeueRegular; color: #ffffff !important; line-height: 193px; letter-spacing: 0px; \"><span style=\"font-weight: 400;\">Nos valeurs<\/span><\/h5><\/div><\/div><\/div><script type=\"text\/javascript\">\r\n\t\t\t\t\t\t\t\t\t(function($) {\r\n\t\t\t\t\t\t\t\t\t\t$(\"head\").append(\"<style>.dfd-heading-69d439cbe7a80.dfd-heading-module-wrap .dfd-heading-module .dfd-heading-delimiter {margin-top:10px;margin-bottom:10px;}@media (max-width: 799px){.dfd-heading-69d439cbe7a80 .dfd-title{font-size: 100px !important;line-height: 150px !important;}}<\/style>\");\r\n\t\t\t\t\t\t\t\t\t})(jQuery);\r\n\t\t\t\t\t\t\t\t<\/script><\/div>[vc_column_text item_animation=\u00a0\u00bbtransition.slideUpBigIn\u00a0\u00bb]<\/p>\n<p style=\"color: #ffead2; line-height: 30px; text-align: center;\">L\u2019agence B\u00e9atrice Martini RP accompagne les entreprises culturelles \u00e0 r\u00e9inventer leur communication m\u00e9diatique de fa\u00e7on engageante et performante dans le but d\u2019accroitre leur visibilit\u00e9 aupr\u00e8s des publics, de mani\u00e8re qualitative et positive.<\/p>\n<p style=\"text-align: center;\">Nous voulons permettre \u00e0 nos clients de r\u00e9ussir leur transformation m\u00e9diatique et digitale pour se d\u00e9velopper sur leur march\u00e9.<br \/>\nNotre philosophie, aux antipodes des solutions standardis\u00e9es, nous positionne comme un accompagnateur engag\u00e9 et positif. Notre vision innovante, notre motivation sans faille et nos actions adapt\u00e9es, d\u00e9finissent les valeurs de notre agence.[\/vc_column_text]<div class=\"dfd-spacer-module\"  data-units=\"px\" data-wide_resolution=\"1280\" data-wide_size=\"80\" data-normal_resolution=\"1024\" data-normal_size=\"80\" data-tablet_resolution=\"800\" data-tablet_size=\"80\" data-mobile_resolution=\"480\" data-mobile_size=\"80\" style=\"height: 80px;\"><\/div><div id=\"dfd-button-69d439cbe7c8f\" class=\"dfd-button-module-wrap dfd-button-69d439cbe7c8f\"><div class=\"dfd-button-module  cr-animate-gen style_1 text-center dfd-horizontal dfd-top-to-bottom dfd-button-icon-left dfd-button-icon-hover-simple\"  data-animate-type=\"transition.slideUpBigIn\" ><a href=\"mailto:info@beatricemartini.com\" class=\"dfd-button-link\"><span class=\"dfd-button-inner-cover\"><span class=\"dfd-button-text-main\">Contact<\/span><\/span><\/a><\/div><script type=\"text\/javascript\">\r\n\t\t\t\t\t\t\t\t\t(function($) {$(\"head\").append(\"<style>#dfd-button-69d439cbe7c8f.dfd-button-module-wrap .dfd-button-module .dfd-button-link .dfd-button-inner-cover .dfd-button-text-main,.dfd-button-69d439cbe7c8f.dfd-button-module-wrap .dfd-button-module .dfd-button-link .dfd-button-inner-cover .dfd-button-text-main {color: #ffffff}#dfd-button-69d439cbe7c8f.dfd-button-module-wrap .dfd-button-module .dfd-button-link .dfd-button-inner-cover,.dfd-button-69d439cbe7c8f.dfd-button-module-wrap .dfd-button-module .dfd-button-link .dfd-button-border-decoration,.dfd-button-69d439cbe7c8f.dfd-button-module-wrap .dfd-button-module .dfd-button-link .dfd-button-inner-cover {border-radius:0px;}#dfd-button-69d439cbe7c8f.dfd-button-module-wrap .dfd-button-module:not(.style_4) .dfd-button-link .dfd-button-inner-cover:before,#dfd-button-69d439cbe7c8f.dfd-button-module-wrap .dfd-button-module.style_4 .dfd-button-link .dfd-button-inner-cover:after,#dfd-button-69d439cbe7c8f.dfd-button-module-wrap .dfd-button-module.style_6 .dfd-button-link .dfd-button-inner-cover .dfd-button-text-main,.dfd-button-69d439cbe7c8f.dfd-button-module-wrap .dfd-button-module:not(.style_4) .dfd-button-link .dfd-button-inner-cover:before,.dfd-button-69d439cbe7c8f.dfd-button-module-wrap .dfd-button-module.style_4 .dfd-button-link .dfd-button-inner-cover:after,.dfd-button-69d439cbe7c8f.dfd-button-module-wrap .dfd-button-module.style_6 .dfd-button-link .dfd-button-inner-cover .dfd-button-text-main {background: #1b1b1b;border-style:solid;border-width:0px;border-radius:0px;border-color:#1b1b1b;}#dfd-button-69d439cbe7c8f.dfd-button-module-wrap .dfd-button-module:not(.style_6) .dfd-button-link:hover .dfd-button-inner-cover .dfd-button-text-main,#dfd-button-69d439cbe7c8f.dfd-button-module-wrap .dfd-button-module .dfd-button-link .dfd-button-inner-cover .dfd-button-text-hover,.dfd-button-69d439cbe7c8f.dfd-button-module-wrap .dfd-button-module:not(.style_6) .dfd-button-link:hover .dfd-button-inner-cover .dfd-button-text-main,.dfd-button-69d439cbe7c8f.dfd-button-module-wrap .dfd-button-module .dfd-button-link .dfd-button-inner-cover .dfd-button-text-hover {color: #272727;}#dfd-button-69d439cbe7c8f.dfd-button-module-wrap .dfd-button-module .dfd-button-link:hover .dfd-button-inner-cover,.dfd-button-69d439cbe7c8f.dfd-button-module-wrap .dfd-button-module .dfd-button-link:hover .dfd-button-border-decoration,.dfd-button-69d439cbe7c8f.dfd-button-module-wrap .dfd-button-module .dfd-button-link:hover .dfd-button-inner-cover {border-radius:0px;}#dfd-button-69d439cbe7c8f.dfd-button-module-wrap .dfd-button-module:not(.style_4) .dfd-button-link .dfd-button-inner-cover:after,#dfd-button-69d439cbe7c8f.dfd-button-module-wrap .dfd-button-module.style_4 .dfd-button-link .dfd-button-inner-cover:before,#dfd-button-69d439cbe7c8f.dfd-button-module-wrap .dfd-button-module .dfd-button-link .dfd-button-inner-cover .dfd-button-text-hover .dfd-button-69d439cbe7c8f.dfd-button-module-wrap .dfd-button-module:not(.style_4) .dfd-button-link .dfd-button-inner-cover:after,.dfd-button-69d439cbe7c8f.dfd-button-module-wrap .dfd-button-module.style_4 .dfd-button-link .dfd-button-inner-cover:before,.dfd-button-69d439cbe7c8f.dfd-button-module-wrap .dfd-button-module .dfd-button-link .dfd-button-inner-cover .dfd-button-text-hover {background: #ffffff;border-style:solid;border-width:0px;border-radius:0px;border-color:#c39f76;}#dfd-button-69d439cbe7c8f.dfd-button-module-wrap .dfd-button-module.style_3 .dfd-button-link:hover .dfd-button-inner-cover:before,#dfd-button-69d439cbe7c8f.dfd-button-module-wrap .dfd-button-module.style_4 .dfd-button-link:hover .dfd-button-inner-cover:before,.dfd-button-69d439cbe7c8f.dfd-button-module-wrap .dfd-button-module.style_3 .dfd-button-link:hover .dfd-button-inner-cover:before,.dfd-button-69d439cbe7c8f.dfd-button-module-wrap .dfd-button-module.style_4 .dfd-button-link:hover .dfd-button-inner-cover:before {border-style:solid;border-width:0px;border-radius:0px;border-color:#c39f76;}<\/style>\")\r\n\t\t\t\t\t\t\t\t\t})(jQuery);\r\n\t\t\t\t\t\t\t\t<\/script><\/div><div class=\"dfd-spacer-module\"  data-units=\"px\" data-wide_resolution=\"1280\" data-wide_size=\"165\" data-normal_resolution=\"1024\" data-normal_size=\"165\" data-tablet_resolution=\"800\" data-tablet_size=\"165\" data-mobile_resolution=\"480\" data-mobile_size=\"110\" style=\"height: 165px;\"><\/div>[\/vc_column][\/vc_row]<\/p>\n<\/div>","protected":false},"excerpt":{"rendered":"<p>[vc_row dfd_row_config=\u00a0\u00bbfull_width_content\u00a0\u00bb][vc_column col_shadow=\u00a0\u00bbbox_shadow_enable:disable|shadow_horizontal:0|shadow_vertical:15|shadow_blur:50|shadow_spread:0|box_shadow_color:rgba(0%2C0%2C0%2C0.35)\u00a0\u00bb col_shadow_hover=\u00a0\u00bbbox_shadow_enable:disable|shadow_horizontal:0|shadow_vertical:15|shadow_blur:50|shadow_spread:0|box_shadow_color:rgba(0%2C0%2C0%2C0.35)\u00a0\u00bb el_class=\u00a0\u00bbbg-custom-class\u00a0\u00bb][\/vc_column][\/vc_row][vc_row dfd_enable_overlay=\u00a0\u00bb\u00a0\u00bb el_class=\u00a0\u00bbz-index-class\u00a0\u00bb][vc_column width=\u00a0\u00bb5\/12&Prime; dfd_column_responsive_enable=\u00a0\u00bbdfd-column-responsive-enable\u00a0\u00bb css=\u00a0\u00bb.vc_custom_1556607260766{padding-right: 40px !important;}\u00a0\u00bb col_shadow=\u00a0\u00bbbox_shadow_enable:disable|shadow_horizontal:0|shadow_vertical:15|shadow_blur:50|shadow_spread:0|box_shadow_color:rgba(0%2C0%2C0%2C0.35)\u00a0\u00bb col_shadow_hover=\u00a0\u00bbbox_shadow_enable:disable|shadow_horizontal:0|shadow_vertical:15|shadow_blur:50|shadow_spread:0|box_shadow_color:rgba(0%2C0%2C0%2C0.35)\u00a0\u00bb responsive_styles=\u00a0\u00bbpadding_left_desktop:20|padding_left_tablet:20|padding_right_tablet:20|padding_left_mobile:20|padding_right_mobile:20&Prime; el_class=\u00a0\u00bbdfd_col-tablet-12&Prime; offset=\u00a0\u00bbvc_col-lg-5 vc_col-md-5&Prime;][vc_raw_html]JTNDZGl2JTIwY2xhc3MlM0QlMjJiZWEtbWlkLXRpdHJlLXdyYXAlMjIlM0UlMEElMDklM0NoMyUyMGNsYXNzJTNEJTIyYmVhLW1pZC10aXRyZSUyMiUzRUwlMjdhZ2VuY2UlM0MlMkZoMyUzRSUwQSUwOSUzQ2g1JTIwY2xhc3MlM0QlMjJiZWEtbWlkLXNzLXRpdHJlJTIyJTNFQ29tbXVuaWNhdGlvbiUyMGN1bHR1cmVsbGUlM0MlMkZoNSUzRSUwQSUzQyUyRmRpdiUzRQ==[\/vc_raw_html][vc_column_text item_animation=\u00a0\u00bbtransition.slideUpBigIn\u00a0\u00bb] Expertes dans les relations m\u00e9dias et l\u2019influence culturelle, nous accompagnons nos<\/p>\n","protected":false},"author":2,"featured_media":0,"parent":0,"menu_order":0,"comment_status":"closed","ping_status":"closed","template":"page-accueil.php","meta":{"_acf_changed":false,"footnotes":""},"class_list":["post-9","page","type-page","status-publish","hentry"],"acf":[],"_links":{"self":[{"href":"https:\/\/3r-prev.com\/bm\/wp-json\/wp\/v2\/pages\/9","targetHints":{"allow":["GET"]}}],"collection":[{"href":"https:\/\/3r-prev.com\/bm\/wp-json\/wp\/v2\/pages"}],"about":[{"href":"https:\/\/3r-prev.com\/bm\/wp-json\/wp\/v2\/types\/page"}],"author":[{"embeddable":true,"href":"https:\/\/3r-prev.com\/bm\/wp-json\/wp\/v2\/users\/2"}],"replies":[{"embeddable":true,"href":"https:\/\/3r-prev.com\/bm\/wp-json\/wp\/v2\/comments?post=9"}],"version-history":[{"count":39,"href":"https:\/\/3r-prev.com\/bm\/wp-json\/wp\/v2\/pages\/9\/revisions"}],"predecessor-version":[{"id":1654,"href":"https:\/\/3r-prev.com\/bm\/wp-json\/wp\/v2\/pages\/9\/revisions\/1654"}],"wp:attachment":[{"href":"https:\/\/3r-prev.com\/bm\/wp-json\/wp\/v2\/media?parent=9"}],"curies":[{"name":"wp","href":"https:\/\/api.w.org\/{rel}","templated":true}]}}