{"id":17,"date":"2019-04-17T12:11:09","date_gmt":"2019-04-17T12:11:09","guid":{"rendered":"http:\/\/rnbtheme.com\/fifty_two\/?page_id=17"},"modified":"2025-05-20T15:13:50","modified_gmt":"2025-05-20T13:13:50","slug":"contact","status":"publish","type":"page","link":"https:\/\/3r-prev.com\/bm\/contact\/","title":{"rendered":"Contact"},"content":{"rendered":"<div class=\"wpb-content-wrapper\"><p>[vc_row dfd_bg_style=\u00a0\u00bbimage\u00a0\u00bb dfd_bg_image_new=\u00a0\u00bb1410&Prime; dfd_bg_image_repeat=\u00a0\u00bbno-repeat\u00a0\u00bb dfd_bg_image_size=\u00a0\u00bbinitial\u00a0\u00bb dfd_bg_image_position=\u00a0\u00bbtop right\u00a0\u00bb dfd_bg_image_repeat_mobile=\u00a0\u00bbno-repeat\u00a0\u00bb dfd_enable_overlay=\u00a0\u00bb\u00a0\u00bb dfd_row_config=\u00a0\u00bbfull_width_content\u00a0\u00bb dfd_bg_image_new_responsive=\u00a0\u00bb337&Prime; dfd_bg_resolution=\u00a0\u00bb1024&Prime;][vc_column]<div class=\"dfd-spacer-module\"  data-units=\"px\" data-wide_resolution=\"1280\" data-wide_size=\"185\" data-normal_resolution=\"1024\" data-normal_size=\"185\" data-tablet_resolution=\"800\" data-tablet_size=\"185\" data-mobile_resolution=\"480\" data-mobile_size=\"100\" style=\"height: 185px;\"><\/div>[\/vc_column][vc_column width=\u00a0\u00bb1\/2&Prime; dfd_column_responsive_enable=\u00a0\u00bbdfd-column-responsive-enable\u00a0\u00bb css=\u00a0\u00bb.vc_custom_1556801186123{padding-left: 130px !important;}\u00a0\u00bb col_shadow=\u00a0\u00bbbox_shadow_enable:disable|shadow_horizontal:0|shadow_vertical:15|shadow_blur:50|shadow_spread:0|box_shadow_color:rgba(0%2C0%2C0%2C0.35)\u00a0\u00bb col_shadow_hover=\u00a0\u00bbbox_shadow_enable:disable|shadow_horizontal:0|shadow_vertical:15|shadow_blur:50|shadow_spread:0|box_shadow_color:rgba(0%2C0%2C0%2C0.35)\u00a0\u00bb responsive_styles=\u00a0\u00bbpadding_left_desktop:30|padding_right_desktop:30|padding_left_tablet:30|padding_right_tablet:30|padding_left_mobile:20|padding_right_mobile:20&Prime; offset=\u00a0\u00bbvc_col-lg-6 vc_col-md-12 vc_col-xs-12&Prime; el_class=\u00a0\u00bbdfd_col-tablet-12&Prime;]<div class=\"dfd-spacer-module\"  data-units=\"px\" data-wide_resolution=\"1280\" data-wide_size=\"20\" data-normal_resolution=\"1024\" data-normal_size=\"20\" data-tablet_resolution=\"800\" data-tablet_size=\"20\" data-mobile_resolution=\"480\" data-mobile_size=\"20\" style=\"height: 20px;\"><\/div>[vc_raw_html]JTNDZGl2JTIwY2xhc3MlM0QlMjJiZWEtbWlkLXRpdHJlLXdyYXAlMjIlM0UlMEElMDklM0NoMyUyMGNsYXNzJTNEJTIyYmVhLW1pZC10aXRyZSUyMiUzRU5vdXMlMjBjb250YWN0ZXIlM0MlMkZoMyUzRSUwQSUwOSUzQ2g1JTIwY2xhc3MlM0QlMjJiZWEtbWlkLXNzLXRpdHJlJTIyJTNFTGV0JUUyJTgwJTk5cyUyMGtlZXAlMjBpbiUyMHRvdWNoJTNDJTJGaDUlM0UlMEElM0MlMkZkaXYlM0U=[\/vc_raw_html]<div class=\"dfd-spacer-module\"  data-units=\"px\" data-wide_resolution=\"1280\" data-wide_size=\"80\" data-normal_resolution=\"1024\" data-normal_size=\"80\" data-tablet_resolution=\"800\" data-tablet_size=\"80\" data-mobile_resolution=\"480\" data-mobile_size=\"100\" style=\"height: 80px;\"><\/div>[\/vc_column][vc_column width=\u00a0\u00bb1\/2&Prime; offset=\u00a0\u00bbvc_col-lg-6 vc_hidden-md vc_hidden-sm vc_hidden-xs\u00a0\u00bb col_shadow=\u00a0\u00bbbox_shadow_enable:disable|shadow_horizontal:0|shadow_vertical:15|shadow_blur:50|shadow_spread:0|box_shadow_color:rgba(0%2C0%2C0%2C0.35)\u00a0\u00bb col_shadow_hover=\u00a0\u00bbbox_shadow_enable:disable|shadow_horizontal:0|shadow_vertical:15|shadow_blur:50|shadow_spread:0|box_shadow_color:rgba(0%2C0%2C0%2C0.35)\u00a0\u00bb][\/vc_column][vc_column][vc_row_inner el_class=\u00a0\u00bbcustom-flex-class\u00a0\u00bb][vc_column_inner el_class=\u00a0\u00bbdfd_col-tablet-12&Prime; width=\u00a0\u00bb5\/12&Prime; dfd_column_responsive_enable=\u00a0\u00bbdfd-column-responsive-enable\u00a0\u00bb offset=\u00a0\u00bbvc_col-lg-5 vc_col-md-5 vc_col-xs-12&Prime; col_inner_shadow=\u00a0\u00bbbox_shadow_enable:disable|shadow_horizontal:0|shadow_vertical:15|shadow_blur:50|shadow_spread:0|box_shadow_color:rgba(0%2C0%2C0%2C0.35)\u00a0\u00bb col_inner_shadow_hover=\u00a0\u00bbbox_shadow_enable:disable|shadow_horizontal:0|shadow_vertical:15|shadow_blur:50|shadow_spread:0|box_shadow_color:rgba(0%2C0%2C0%2C0.35)\u00a0\u00bb responsive_styles=\u00a0\u00bbpadding_left_mobile:0|padding_right_mobile:0&Prime;][vc_raw_html]JTNDaWZyYW1lJTIwc3R5bGUlM0QlMjIlMjAlMjAlMjAlMjB3aWR0aCUzQSUyMDEwMCUyNSUzQiUyMiUyMHNyYyUzRCUyMmh0dHBzJTNBJTJGJTJGd3d3Lmdvb2dsZS5jb20lMkZtYXBzJTJGZW1iZWQlM0ZwYiUzRCUyMTFtMTglMjExbTEyJTIxMW0zJTIxMWQyNjI0LjM0MDA2MTYyMjA1OCUyMTJkMi4zMjYyOTI5OTk5OTk5OTk3JTIxM2Q0OC44NzA3OTM0OTk5OTk5OSUyMTJtMyUyMTFmMCUyMTJmMCUyMTNmMCUyMTNtMiUyMTFpMTAyNCUyMTJpNzY4JTIxNGYxMy4xJTIxM20zJTIxMW0yJTIxMXMweDQ3ZTY2ZTMzOWJlNDlhN2QlMjUzQTB4NTY2ZjdiOTEzMDM1NzA4NiUyMTJzMTIlMjUyMFJ1ZSUyNTIwVmlnbm9uJTI1MkMlMjUyMDc1MDA5JTI1MjBQYXJpcyUyMTVlMCUyMTNtMiUyMTFzZnIlMjEyc2ZyJTIxNHYxNjk2NDI0MzA4NTU0JTIxNW0yJTIxMXNmciUyMTJzZnIlMjIlMjB3aWR0aCUzRCUyMjYwMCUyMiUyMGhlaWdodCUzRCUyMjQ1MCUyMiUyMHN0eWxlJTNEJTIyYm9yZGVyJTNBMCUzQiUyMiUyMGFsbG93ZnVsbHNjcmVlbiUzRCUyMiUyMiUyMGxvYWRpbmclM0QlMjJsYXp5JTIyJTIwcmVmZXJyZXJwb2xpY3klM0QlMjJuby1yZWZlcnJlci13aGVuLWRvd25ncmFkZSUyMiUzRSUzQyUyRmlmcmFtZSUzRQ==[\/vc_raw_html]<div class=\"dfd-spacer-module\"  data-units=\"px\" data-wide_resolution=\"1280\" data-wide_size=\"0\" data-normal_resolution=\"1024\" data-normal_size=\"0\" data-tablet_resolution=\"800\" data-tablet_size=\"50\" data-mobile_resolution=\"480\" data-mobile_size=\"50\" style=\"height: 0px;\"><\/div>[\/vc_column_inner][vc_column_inner el_class=\u00a0\u00bbdfd_col-tablet-6&Prime; width=\u00a0\u00bb1\/4&Prime; dfd_column_responsive_enable=\u00a0\u00bbdfd-column-responsive-enable\u00a0\u00bb css=\u00a0\u00bb.vc_custom_1556780593509{padding-right: 70px !important;padding-left: 70px !important;}\u00a0\u00bb col_inner_shadow=\u00a0\u00bbbox_shadow_enable:disable|shadow_horizontal:0|shadow_vertical:15|shadow_blur:50|shadow_spread:0|box_shadow_color:rgba(0%2C0%2C0%2C0.35)\u00a0\u00bb col_inner_shadow_hover=\u00a0\u00bbbox_shadow_enable:disable|shadow_horizontal:0|shadow_vertical:15|shadow_blur:50|shadow_spread:0|box_shadow_color:rgba(0%2C0%2C0%2C0.35)\u00a0\u00bb responsive_styles=\u00a0\u00bbpadding_left_desktop:10|padding_right_desktop:10|padding_left_tablet:30|padding_right_tablet:20|padding_left_mobile:20|padding_right_mobile:20&Prime; offset=\u00a0\u00bbvc_col-lg-3 vc_col-md-3&Prime;][vc_column_text item_animation=\u00a0\u00bbtransition.slideUpBigIn\u00a0\u00bb]B\u00e9atrice Martini Communication est une agence sp\u00e9cialis\u00e9e en Conseil et Strat\u00e9gies de Relations presse et Marketing d\u2019influence. Nous accompagnons les marques, les institutions culturelles et projets artistiques au niveau r\u00e9gional, national et international.[\/vc_column_text]<div class=\"dfd-spacer-module\"  data-units=\"px\" data-wide_resolution=\"1280\" data-wide_size=\"40\" data-normal_resolution=\"1024\" data-normal_size=\"40\" data-tablet_resolution=\"800\" data-tablet_size=\"40\" data-mobile_resolution=\"480\" data-mobile_size=\"40\" style=\"height: 40px;\"><\/div><div id=\"dfd-button-69d4539a24368\" class=\"dfd-button-module-wrap dfd-button-69d4539a24368\"><div class=\"dfd-button-module  cr-animate-gen style_1 text-left dfd-horizontal dfd-top-to-bottom dfd-button-icon-left dfd-button-icon-hover-simple\"  data-animate-type=\"transition.slideUpBigIn\" ><a href=\"mailto:info@beatricemartini.com\" class=\"dfd-button-link\"><span class=\"dfd-button-inner-cover\"><span class=\"dfd-button-text-main\">Travaillons ensemble!<\/span><\/span><\/a><\/div><script type=\"text\/javascript\">\r\n\t\t\t\t\t\t\t\t\t(function($) {$(\"head\").append(\"<style>#dfd-button-69d4539a24368.dfd-button-module-wrap .dfd-button-module .dfd-button-link .dfd-button-inner-cover .dfd-button-text-main,.dfd-button-69d4539a24368.dfd-button-module-wrap .dfd-button-module .dfd-button-link .dfd-button-inner-cover .dfd-button-text-main {color: #ffffff}#dfd-button-69d4539a24368.dfd-button-module-wrap .dfd-button-module .dfd-button-link .dfd-button-inner-cover,.dfd-button-69d4539a24368.dfd-button-module-wrap .dfd-button-module .dfd-button-link .dfd-button-border-decoration,.dfd-button-69d4539a24368.dfd-button-module-wrap .dfd-button-module .dfd-button-link .dfd-button-inner-cover {border-radius:0px;}#dfd-button-69d4539a24368.dfd-button-module-wrap .dfd-button-module:not(.style_4) .dfd-button-link .dfd-button-inner-cover:before,#dfd-button-69d4539a24368.dfd-button-module-wrap .dfd-button-module.style_4 .dfd-button-link .dfd-button-inner-cover:after,#dfd-button-69d4539a24368.dfd-button-module-wrap .dfd-button-module.style_6 .dfd-button-link .dfd-button-inner-cover .dfd-button-text-main,.dfd-button-69d4539a24368.dfd-button-module-wrap .dfd-button-module:not(.style_4) .dfd-button-link .dfd-button-inner-cover:before,.dfd-button-69d4539a24368.dfd-button-module-wrap .dfd-button-module.style_4 .dfd-button-link .dfd-button-inner-cover:after,.dfd-button-69d4539a24368.dfd-button-module-wrap .dfd-button-module.style_6 .dfd-button-link .dfd-button-inner-cover .dfd-button-text-main {background: #ffc000;border-style:solid;border-width:0px;border-radius:0px;border-color:#1b1b1b;}#dfd-button-69d4539a24368.dfd-button-module-wrap .dfd-button-module:not(.style_6) .dfd-button-link:hover .dfd-button-inner-cover .dfd-button-text-main,#dfd-button-69d4539a24368.dfd-button-module-wrap .dfd-button-module .dfd-button-link .dfd-button-inner-cover .dfd-button-text-hover,.dfd-button-69d4539a24368.dfd-button-module-wrap .dfd-button-module:not(.style_6) .dfd-button-link:hover .dfd-button-inner-cover .dfd-button-text-main,.dfd-button-69d4539a24368.dfd-button-module-wrap .dfd-button-module .dfd-button-link .dfd-button-inner-cover .dfd-button-text-hover {color: #ffffff;}#dfd-button-69d4539a24368.dfd-button-module-wrap .dfd-button-module .dfd-button-link:hover .dfd-button-inner-cover,.dfd-button-69d4539a24368.dfd-button-module-wrap .dfd-button-module .dfd-button-link:hover .dfd-button-border-decoration,.dfd-button-69d4539a24368.dfd-button-module-wrap .dfd-button-module .dfd-button-link:hover .dfd-button-inner-cover {border-radius:2px;}#dfd-button-69d4539a24368.dfd-button-module-wrap .dfd-button-module:not(.style_4) .dfd-button-link .dfd-button-inner-cover:after,#dfd-button-69d4539a24368.dfd-button-module-wrap .dfd-button-module.style_4 .dfd-button-link .dfd-button-inner-cover:before,#dfd-button-69d4539a24368.dfd-button-module-wrap .dfd-button-module .dfd-button-link .dfd-button-inner-cover .dfd-button-text-hover .dfd-button-69d4539a24368.dfd-button-module-wrap .dfd-button-module:not(.style_4) .dfd-button-link .dfd-button-inner-cover:after,.dfd-button-69d4539a24368.dfd-button-module-wrap .dfd-button-module.style_4 .dfd-button-link .dfd-button-inner-cover:before,.dfd-button-69d4539a24368.dfd-button-module-wrap .dfd-button-module .dfd-button-link .dfd-button-inner-cover .dfd-button-text-hover {background: #272727;border-style:none;border-width:1px;border-radius:2px;border-color:#c39f76;}#dfd-button-69d4539a24368.dfd-button-module-wrap .dfd-button-module.style_3 .dfd-button-link:hover .dfd-button-inner-cover:before,#dfd-button-69d4539a24368.dfd-button-module-wrap .dfd-button-module.style_4 .dfd-button-link:hover .dfd-button-inner-cover:before,.dfd-button-69d4539a24368.dfd-button-module-wrap .dfd-button-module.style_3 .dfd-button-link:hover .dfd-button-inner-cover:before,.dfd-button-69d4539a24368.dfd-button-module-wrap .dfd-button-module.style_4 .dfd-button-link:hover .dfd-button-inner-cover:before {border-style:none;border-width:1px;border-radius:2px;border-color:#c39f76;}<\/style>\")\r\n\t\t\t\t\t\t\t\t\t})(jQuery);\r\n\t\t\t\t\t\t\t\t<\/script><\/div>[\/vc_column_inner][vc_column_inner el_class=\u00a0\u00bbdfd_col-tablet-6&Prime; width=\u00a0\u00bb1\/3&Prime; dfd_column_responsive_enable=\u00a0\u00bbdfd-column-responsive-enable\u00a0\u00bb css=\u00a0\u00bb.vc_custom_1556780548450{margin-top: -383px !important;padding-right: 130px !important;}\u00a0\u00bb col_inner_shadow=\u00a0\u00bbbox_shadow_enable:disable|shadow_horizontal:0|shadow_vertical:15|shadow_blur:50|shadow_spread:0|box_shadow_color:rgba(0%2C0%2C0%2C0.35)\u00a0\u00bb col_inner_shadow_hover=\u00a0\u00bbbox_shadow_enable:disable|shadow_horizontal:0|shadow_vertical:15|shadow_blur:50|shadow_spread:0|box_shadow_color:rgba(0%2C0%2C0%2C0.35)\u00a0\u00bb responsive_styles=\u00a0\u00bbmargin_top_desktop:0|padding_right_desktop:30|margin_top_tablet:0|padding_left_tablet:0|padding_right_tablet:30|margin_top_mobile:0|padding_left_mobile:0|padding_right_mobile:0&Prime; offset=\u00a0\u00bbvc_col-lg-4 vc_col-md-4&Prime;]<div class=\"dfd-spacer-module\"  data-units=\"px\" data-wide_resolution=\"1280\" data-wide_size=\"0\" data-normal_resolution=\"1024\" data-normal_size=\"0\" data-tablet_resolution=\"800\" data-tablet_size=\"0\" data-mobile_resolution=\"480\" data-mobile_size=\"50\" style=\"height: 0px;\"><\/div><div class=\"dfd-spacer-module\"  data-units=\"px\" data-wide_resolution=\"1700\" data-wide_size=\"0\" data-normal_resolution=\"1280\" data-normal_size=\"10\" data-tablet_resolution=\"800\" data-tablet_size=\"0\" data-mobile_resolution=\"480\" data-mobile_size=\"0\" style=\"height: 0px;\"><\/div>[\/vc_column_inner][\/vc_row_inner][\/vc_column][vc_column]<div class=\"dfd-spacer-module\"  data-units=\"px\" data-wide_resolution=\"1280\" data-wide_size=\"160\" data-normal_resolution=\"1024\" data-normal_size=\"160\" data-tablet_resolution=\"800\" data-tablet_size=\"160\" data-mobile_resolution=\"480\" data-mobile_size=\"100\" style=\"height: 160px;\"><\/div>[\/vc_column][\/vc_row][vc_row dfd_bg_style=\u00a0\u00bbimage\u00a0\u00bb dfd_bg_image_new=\u00a0\u00bb723&Prime; dfd_bg_image_repeat=\u00a0\u00bbno-repeat\u00a0\u00bb dfd_bg_image_position=\u00a0\u00bbcenter center\u00a0\u00bb dfd_bg_image_repeat_mobile=\u00a0\u00bbno-repeat\u00a0\u00bb dfd_enable_overlay=\u00a0\u00bb\u00a0\u00bb disable_element=\u00a0\u00bbyes\u00a0\u00bb dfd_bg_image_new_responsive=\u00a0\u00bb1300&Prime; dfd_bg_resolution=\u00a0\u00bb480&Prime;][vc_column dfd_column_responsive_enable=\u00a0\u00bbdfd-column-responsive-enable\u00a0\u00bb css=\u00a0\u00bb.vc_custom_1556801111061{padding-right: 180px !important;padding-left: 180px !important;}\u00a0\u00bb col_shadow=\u00a0\u00bbbox_shadow_enable:disable|shadow_horizontal:0|shadow_vertical:15|shadow_blur:50|shadow_spread:0|box_shadow_color:rgba(0%2C0%2C0%2C0.35)\u00a0\u00bb col_shadow_hover=\u00a0\u00bbbox_shadow_enable:disable|shadow_horizontal:0|shadow_vertical:15|shadow_blur:50|shadow_spread:0|box_shadow_color:rgba(0%2C0%2C0%2C0.35)\u00a0\u00bb responsive_styles=\u00a0\u00bbpadding_left_desktop:20|padding_right_desktop:20|padding_left_tablet:20|padding_right_tablet:20|padding_left_mobile:20|padding_right_mobile:20&Prime;]<div class=\"dfd-spacer-module\"  data-units=\"px\" data-wide_resolution=\"1280\" data-wide_size=\"235\" data-normal_resolution=\"1024\" data-normal_size=\"235\" data-tablet_resolution=\"800\" data-tablet_size=\"235\" data-mobile_resolution=\"480\" data-mobile_size=\"100\" style=\"height: 235px;\"><\/div><div class=\"dfd-heading-shortcode\"><div class=\"dfd-heading-module-wrap  text-center style_02 cr-animate-gen dfd-heading-69d4539a2446f dfd-disable-resposive-headings\" id=\"dfd-heading-69d4539a2446f\" data-animate-type = \"transition.slideUpBigIn\" ><div class=\"inline-block\"><div class=\"dfd-heading-module\"><h5 class=\"widget-sub-title dfd-sub-title \" style=\"font-size: 30px; color: #ffffff !important; line-height: 70px; letter-spacing: 0px; \">WE ARE HERE TO HELP<\/h5><h3 class=\"widget-title dfd-title \" style=\"font-size: 70px; font-family: BebasNeueRegular; color: #ffffff !important; line-height: 90px; letter-spacing: 0px; \"><span style=\"font-weight: 400;\">Our Customer Service Department is at your complete disposal for any questions<\/span><\/h3><\/div><\/div><\/div><script type=\"text\/javascript\">\r\n\t\t\t\t\t\t\t\t\t(function($) {\r\n\t\t\t\t\t\t\t\t\t\t$(\"head\").append(\"<style>.dfd-heading-69d4539a2446f.dfd-heading-module-wrap .dfd-heading-module .dfd-heading-delimiter {margin-top:10px;margin-bottom:10px;}@media (max-width: 799px){.dfd-heading-69d4539a2446f .dfd-title{font-size: 50px !important;line-height: 70px !important;}}<\/style>\");\r\n\t\t\t\t\t\t\t\t\t})(jQuery);\r\n\t\t\t\t\t\t\t\t<\/script><\/div><div class=\"dfd-spacer-module\"  data-units=\"px\" data-wide_resolution=\"1280\" data-wide_size=\"50\" data-normal_resolution=\"1024\" data-normal_size=\"50\" data-tablet_resolution=\"800\" data-tablet_size=\"50\" data-mobile_resolution=\"480\" data-mobile_size=\"50\" style=\"height: 50px;\"><\/div><div id=\"dfd-single-image-module69d4539a314d6-8169\" class=\"dfd-single-image-module  image-center  cr-animate-gen dfd-img-lazy-load\" data-animate-type = \"transition.slideUpBigIn\" ><img loading=\"lazy\" decoding=\"async\" src=\"data:image\/svg+xml;charset=utf-8,%3Csvg xmlns%3D'http%3A%2F%2Fwww.w3.org%2F2000%2Fsvg' viewBox%3D'0 0 57 32'%2F%3E\" data-src=\"https:\/\/3r-prev.com\/bm\/wp-content\/uploads\/2019\/04\/single-img-9-1x.png\" width=\"57\" height=\"32\" data-retina-img=\"https:\/\/3r-prev.com\/bm\/wp-content\/uploads\/2019\/04\/single-img-9-2x.png\" alt=\"Image module\" \/><\/div><div class=\"dfd-spacer-module\"  data-units=\"px\" data-wide_resolution=\"1280\" data-wide_size=\"160\" data-normal_resolution=\"1024\" data-normal_size=\"160\" data-tablet_resolution=\"800\" data-tablet_size=\"160\" data-mobile_resolution=\"480\" data-mobile_size=\"100\" style=\"height: 160px;\"><\/div>[\/vc_column][\/vc_row][vc_row dfd_row_config=\u00a0\u00bbdefault_row_small_paddings\u00a0\u00bb][vc_column][vc_column_text]\t\t<div id=\"sbi_mod_error\" >\n\t\t\t<span>Ce message d\u2019erreur n\u2019est visible que pour les administrateurs de WordPress<\/span><br\/>\n\t\t\t<p><strong>Erreur\u00a0:  aucun flux avec l\u2019ID 2 n\u2019a \u00e9t\u00e9 trouv\u00e9.<\/strong>\n\t\t\t<p>Veuillez aller sur la page de r\u00e9glages d\u2018Instagram Feed pour connecter votre compte.<\/p>\n\t\t<\/div>\n\t\t[\/vc_column_text][\/vc_column][\/vc_row][vc_row dfd_row_config=\u00a0\u00bbdefault_row_small_paddings\u00a0\u00bb][vc_column][vc_column_text]<strong>INFORMATIONS LEGALES<\/strong><\/p>\n<p>BEATRICE MARTINI RP<br \/>\n12 rue Vignon 75009 Paris<br \/>\nT\u00e9l. 09 81 04 45 59<\/p>\n<p><strong>REPR\u00c9SENTANT L\u00c9GAL<\/strong><br \/>\nB\u00e9atrice Martini, Attach\u00e9e de presse professionnelle<br \/>\n(Carte Officielle n\u00b0831)\u00a0Membre SYNAP, Administratrice<br \/>\nSASU \u2013 N\u00b0SIRET : 834 814 048 00023<\/p>\n<p><strong>DONN\u00c9ES PERSONNELLES<\/strong><br \/>\nLes informations recueillies sur ce formulaire ou par email au nom de l\u2019agence B\u00e9atrice Martini RP sont enregistr\u00e9es dans un fichier informatis\u00e9 par B\u00e9atrice Martini pour recevoir les actualit\u00e9s de l\u2019agence ou \u00e9changer dans le cadre d\u2019une collaboration.<\/p>\n<p>Elles sont conserv\u00e9es pendant la dur\u00e9e souhait\u00e9e par le client\/prospect\/journaliste et sont destin\u00e9es aux \u00e9quipes de l\u2019agence B\u00e9atrice Martini RP.<\/p>\n<p>Conform\u00e9ment \u00e0 la loi \u00ab informatique et libert\u00e9s \u00bb, vous pouvez exercer votre droit d\u2019acc\u00e8s aux donn\u00e9es vous concernant et les faire rectifier en contactant : B\u00e9atrice Martini[\/vc_column_text][\/vc_column][\/vc_row][vc_row][vc_column]<div class=\"dfd-spacer-module\"  data-units=\"px\" data-wide_resolution=\"1280\" data-wide_size=\"110\" data-normal_resolution=\"1024\" data-normal_size=\"110\" data-tablet_resolution=\"800\" data-tablet_size=\"110\" data-mobile_resolution=\"480\" data-mobile_size=\"0\" style=\"height: 110px;\"><\/div>[\/vc_column][\/vc_row]<\/p>\n<\/div>","protected":false},"excerpt":{"rendered":"<p>[vc_row dfd_bg_style=\u00a0\u00bbimage\u00a0\u00bb dfd_bg_image_new=\u00a0\u00bb1410&Prime; dfd_bg_image_repeat=\u00a0\u00bbno-repeat\u00a0\u00bb dfd_bg_image_size=\u00a0\u00bbinitial\u00a0\u00bb dfd_bg_image_position=\u00a0\u00bbtop right\u00a0\u00bb dfd_bg_image_repeat_mobile=\u00a0\u00bbno-repeat\u00a0\u00bb dfd_enable_overlay=\u00a0\u00bb\u00a0\u00bb dfd_row_config=\u00a0\u00bbfull_width_content\u00a0\u00bb dfd_bg_image_new_responsive=\u00a0\u00bb337&Prime; dfd_bg_resolution=\u00a0\u00bb1024&Prime;][vc_column][\/vc_column][vc_column width=\u00a0\u00bb1\/2&Prime; dfd_column_responsive_enable=\u00a0\u00bbdfd-column-responsive-enable\u00a0\u00bb css=\u00a0\u00bb.vc_custom_1556801186123{padding-left: 130px !important;}\u00a0\u00bb col_shadow=\u00a0\u00bbbox_shadow_enable:disable|shadow_horizontal:0|shadow_vertical:15|shadow_blur:50|shadow_spread:0|box_shadow_color:rgba(0%2C0%2C0%2C0.35)\u00a0\u00bb col_shadow_hover=\u00a0\u00bbbox_shadow_enable:disable|shadow_horizontal:0|shadow_vertical:15|shadow_blur:50|shadow_spread:0|box_shadow_color:rgba(0%2C0%2C0%2C0.35)\u00a0\u00bb responsive_styles=\u00a0\u00bbpadding_left_desktop:30|padding_right_desktop:30|padding_left_tablet:30|padding_right_tablet:30|padding_left_mobile:20|padding_right_mobile:20&Prime; offset=\u00a0\u00bbvc_col-lg-6 vc_col-md-12 vc_col-xs-12&Prime; el_class=\u00a0\u00bbdfd_col-tablet-12&Prime;][vc_raw_html]JTNDZGl2JTIwY2xhc3MlM0QlMjJiZWEtbWlkLXRpdHJlLXdyYXAlMjIlM0UlMEElMDklM0NoMyUyMGNsYXNzJTNEJTIyYmVhLW1pZC10aXRyZSUyMiUzRU5vdXMlMjBjb250YWN0ZXIlM0MlMkZoMyUzRSUwQSUwOSUzQ2g1JTIwY2xhc3MlM0QlMjJiZWEtbWlkLXNzLXRpdHJlJTIyJTNFTGV0JUUyJTgwJTk5cyUyMGtlZXAlMjBpbiUyMHRvdWNoJTNDJTJGaDUlM0UlMEElM0MlMkZkaXYlM0U=[\/vc_raw_html][\/vc_column][vc_column width=\u00a0\u00bb1\/2&Prime; offset=\u00a0\u00bbvc_col-lg-6 vc_hidden-md vc_hidden-sm vc_hidden-xs\u00a0\u00bb col_shadow=\u00a0\u00bbbox_shadow_enable:disable|shadow_horizontal:0|shadow_vertical:15|shadow_blur:50|shadow_spread:0|box_shadow_color:rgba(0%2C0%2C0%2C0.35)\u00a0\u00bb<\/p>\n","protected":false},"author":2,"featured_media":0,"parent":0,"menu_order":0,"comment_status":"closed","ping_status":"closed","template":"page-custom.php","meta":{"_acf_changed":false,"footnotes":""},"class_list":["post-17","page","type-page","status-publish","hentry"],"acf":[],"_links":{"self":[{"href":"https:\/\/3r-prev.com\/bm\/wp-json\/wp\/v2\/pages\/17","targetHints":{"allow":["GET"]}}],"collection":[{"href":"https:\/\/3r-prev.com\/bm\/wp-json\/wp\/v2\/pages"}],"about":[{"href":"https:\/\/3r-prev.com\/bm\/wp-json\/wp\/v2\/types\/page"}],"author":[{"embeddable":true,"href":"https:\/\/3r-prev.com\/bm\/wp-json\/wp\/v2\/users\/2"}],"replies":[{"embeddable":true,"href":"https:\/\/3r-prev.com\/bm\/wp-json\/wp\/v2\/comments?post=17"}],"version-history":[{"count":19,"href":"https:\/\/3r-prev.com\/bm\/wp-json\/wp\/v2\/pages\/17\/revisions"}],"predecessor-version":[{"id":1836,"href":"https:\/\/3r-prev.com\/bm\/wp-json\/wp\/v2\/pages\/17\/revisions\/1836"}],"wp:attachment":[{"href":"https:\/\/3r-prev.com\/bm\/wp-json\/wp\/v2\/media?parent=17"}],"curies":[{"name":"wp","href":"https:\/\/api.w.org\/{rel}","templated":true}]}}