{"id":1492,"date":"2023-10-09T14:41:59","date_gmt":"2023-10-09T12:41:59","guid":{"rendered":"https:\/\/3r-prev.com\/bm\/?page_id=1492"},"modified":"2025-07-09T16:04:03","modified_gmt":"2025-07-09T14:04:03","slug":"expertise","status":"publish","type":"page","link":"https:\/\/3r-prev.com\/bm\/expertise\/","title":{"rendered":"Expertise"},"content":{"rendered":"<div class=\"wpb-content-wrapper\"><p>[vc_row][vc_column]<div class=\"dfd-spacer-module\"  data-units=\"px\" data-wide_resolution=\"1280\" data-wide_size=\"170\" data-normal_resolution=\"1024\" data-normal_size=\"170\" data-tablet_resolution=\"800\" data-tablet_size=\"170\" data-mobile_resolution=\"480\" data-mobile_size=\"100\" style=\"height: 170px;\"><\/div>[vc_raw_html]JTNDZGl2JTIwY2xhc3MlM0QlMjJiZWEtdGl0cmUtd3JhcCUyMiUzRSUwQSUwOSUzQ2gxJTIwY2xhc3MlM0QlMjJiZWEtdGl0cmUlMjIlM0VOb3RyZSUyMGFwcHJvY2hlJTNDJTJGaDElM0UlMEElMDklM0NoNSUyMGNsYXNzJTNEJTIyYmVhLXNzLXRpdHJlJTIyJTNFSW1wYWN0YW50ZSUyQyUyMGVuZ2FnJUMzJUE5ZSUyMGV0JTIwcGx1cmllbGxlJTNDJTJGaDUlM0UlMEElM0MlMkZkaXYlM0U=[\/vc_raw_html][\/vc_column][\/vc_row][vc_row][vc_column width=\u00a0\u00bb1\/2&Prime;][vc_raw_html]JTNDZGl2JTIwY2xhc3MlM0QlMjJiZWEtaW50cm8tcGFyYWctd3JhcCUyMiUzRSUwQSUwOSUzQ3AlM0VQb3VyJTIwY2hhcXVlJTIwcHJvamV0JTIwcXVpJTIwbm91cyUyMGVzdCUyMGNvbmZpJUMzJUE5JTJDJTIwbm91cyUyMGNvbnN0aXR1b25zJTIwdW5lJTIwJUMzJUE5cXVpcGUlMjBhZGFwdCVDMyVBOWUlMkMlMjBjb21wb3MlQzMlQTllJTIwZGUlMjBjb25zdWx0YW50LmVzJTIwZXhwZXJ0LmVzJTIwZW4lMjBSZWxhdGlvbnMlMjBwcmVzc2UlMjBldCUyME1hcmtldGluZyUyMGQlRTIlODAlOTlpbmZsdWVuY2UuJTBBRGVzJTIwcHJvZmlscyUyMHZhcmklQzMlQTlzJTJDJTIwZGVzJTIwcGFyY291cnMlMjBkaWZmJUMzJUE5cmVudHMlMkMlMjBkZXMlMjBwYXNzaW9ucyUyMG11bHRpcGxlcyVFMiU4MCVBNiUyMHBvdXIlMjB1biUyMHNldWwlMjBvYmplY3RpZiUyMCUzQSUyMHIlQzMlQTlwb25kcmUlMjBhdXglMjBlbmpldXglMjBzdHJhdCVDMyVBOWdpcXVlcyUyMGRlJTIwbm9zJTIwcHJvamV0cy4lMEElM0MlMkZwJTNFJTBBJTNDJTJGZGl2JTNF[\/vc_raw_html][\/vc_column][vc_column width=\u00a0\u00bb1\/2&Prime;][\/vc_column][\/vc_row][vc_row][vc_column]<div class=\"dfd-spacer-module\"  data-units=\"px\" data-wide_resolution=\"1280\" data-wide_size=\"50\" data-normal_resolution=\"1024\" data-normal_size=\"50\" data-tablet_resolution=\"800\" data-tablet_size=\"50\" data-mobile_resolution=\"480\" data-mobile_size=\"50\" style=\"height: 50px;\"><\/div>[vc_raw_html]JTNDZGl2JTIwY2xhc3MlM0QlMjJiZWEtdGVhbS13cmFwJTIyJTNFJTBBJTA5JTNDZGl2JTIwY2xhc3MlM0QlMjJjb2xsYWItaXRlbSUyMiUzRSUwQSUwOSUwOSUzQ2ltZyUyMHNyYyUzRCUyMmh0dHBzJTNBJTJGJTJGM3ItcHJldi5jb20lMkZibSUyRndwLWNvbnRlbnQlMkZ1cGxvYWRzJTJGMjAyMyUyRjEwJTJGMS0xLnBuZyUyMiUyMGFsdCUzRCUyMiUyMiUzRSUwQSUwOSUwOSUzQ2g1JTIwY2xhc3MlM0QlMjJiZWEtdGVhbS10aXRsZSUyMiUzRUIlQzMlQTlhdHJpY2UlMjBNYXJ0aW5pJTNDJTJGaDUlM0UlMEElMDklMDklM0NzcGFuJTIwY2xhc3MlM0QlMjJiZWEtdGVhbS1wb3N0ZSUyMiUzRURpcmVjdHJpY2UlMjBnJUMzJUE5biVDMyVBOXJhbGUlM0MlMkZzcGFuJTNFJTBBJTA5JTNDJTJGZGl2JTNFJTBBJTBBJTA5JTNDZGl2JTIwY2xhc3MlM0QlMjJjb2xsYWItaXRlbSUyMiUzRSUwQSUwOSUwOSUzQ2ltZyUyMHNyYyUzRCUyMmh0dHBzJTNBJTJGJTJGM3ItcHJldi5jb20lMkZibSUyRndwLWNvbnRlbnQlMkZ1cGxvYWRzJTJGMjAyMyUyRjEwJTJGMi5wbmclMjIlMjBhbHQlM0QlMjIlMjIlM0UlMEElMDklMDklM0NoNSUyMGNsYXNzJTNEJTIyYmVhLXRlYW0tdGl0bGUlMjIlM0VDYW1pbGxlJTIwRGVsb3J5JTNDJTJGaDUlM0UlMEElMDklMDklM0NzcGFuJTIwY2xhc3MlM0QlMjJiZWEtdGVhbS1wb3N0ZSUyMiUzRVJlc3BvbnNhYmxlJTIwZHUlMjBQJUMzJUI0bGUlMjBSUCUzQyUyRnNwYW4lM0UlMEElMDklM0MlMkZkaXYlM0UlMEElMEElM0NkaXYlMjBjbGFzcyUzRCUyMmNvbGxhYi1pdGVtJTIyJTNFJTBBJTA5JTA5JTNDaW1nJTIwc3JjJTNEJTIyaHR0cHMlM0ElMkYlMkYzci1wcmV2LmNvbSUyRmJtJTJGd3AtY29udGVudCUyRnVwbG9hZHMlMkYyMDIzJTJGMTAlMkY0LTEucG5nJTIyJTIwYWx0JTNEJTIyJTIyJTNFJTBBJTA5JTA5JTNDaDUlMjBjbGFzcyUzRCUyMmJlYS10ZWFtLXRpdGxlJTIyJTNFQ2xhcmElMjBIaW9sbGUlM0MlMkZoNSUzRSUwQSUwOSUwOSUzQ3NwYW4lMjBjbGFzcyUzRCUyMmJlYS10ZWFtLXBvc3RlJTIyJTNFQXNzaXN0YW50ZSUyMENvbW11bmljYXRpb24lM0MlMkZzcGFuJTNFJTBBJTA5JTNDJTJGZGl2JTNFJTBBJTBBJTA5JTNDZGl2JTIwY2xhc3MlM0QlMjJjb2xsYWItaXRlbSUyMiUzRSUwQSUwOSUwOSUzQ2ltZyUyMHNyYyUzRCUyMmh0dHBzJTNBJTJGJTJGM3ItcHJldi5jb20lMkZibSUyRndwLWNvbnRlbnQlMkZ1cGxvYWRzJTJGMjAyMyUyRjEwJTJGMy5wbmclMjIlMjBhbHQlM0QlMjIlMjIlM0UlMEElMDklMDklM0NoNSUyMGNsYXNzJTNEJTIyYmVhLXRlYW0tdGl0bGUlMjIlM0VKdWxpZSUyMENhbXBvcyUzQyUyRmg1JTNFJTBBJTA5JTA5JTNDc3BhbiUyMGNsYXNzJTNEJTIyYmVhLXRlYW0tcG9zdGUlMjIlM0VSZXNwb25zYWJsZSUyMFAlQzMlQjRsZSUyMEluZmx1ZW5jZSUzQyUyRnNwYW4lM0UlMEElMDklM0MlMkZkaXYlM0UlMEElMEElM0NkaXYlMjBjbGFzcyUzRCUyMmNvbGxhYi1pdGVtJTIyJTNFJTBBJTA5JTA5JTNDaW1nJTIwc3JjJTNEJTIyaHR0cHMlM0ElMkYlMkYzci1wcmV2LmNvbSUyRmJtJTJGd3AtY29udGVudCUyRnVwbG9hZHMlMkYyMDIzJTJGMTAlMkY0LTEucG5nJTIyJTIwYWx0JTNEJTIyJTIyJTNFJTBBJTA5JTA5JTNDaDUlMjBjbGFzcyUzRCUyMmJlYS10ZWFtLXRpdGxlJTIyJTNFTWljaGFsaW5hJTIwQmFydG9zenluc2thJTNDJTJGaDUlM0UlMEElMDklMDklM0NzcGFuJTIwY2xhc3MlM0QlMjJiZWEtdGVhbS1wb3N0ZSUyMiUzRUFzc2lzdGFudGUlMjBDb21tdW5pY2F0aW9uJTNDJTJGc3BhbiUzRSUwQSUwOSUzQyUyRmRpdiUzRSUwQSUwQSUzQyUyRmRpdiUzRQ==[\/vc_raw_html][\/vc_column][\/vc_row][vc_row force_equal_height_columns=\u00a0\u00bbmain_row\u00a0\u00bb][vc_column][vc_raw_html]JTNDZGl2JTIwY2xhc3MlM0QlMjJiZWEtdGl0bGUtbGluZS13cmFwJTIyJTNFJTBBJTA5JTNDaDMlMjBjbGFzcyUzRCUyMmJlYS10aXRsZS1saW5lJTIyJTNFRXhwZXJ0aXNlJTNDJTJGaDMlM0UlMEElM0MlMkZkaXYlM0U=[\/vc_raw_html][\/vc_column][\/vc_row][vc_row force_equal_height_columns=\u00a0\u00bbmain_row\u00a0\u00bb][vc_column width=\u00a0\u00bb1\/2&Prime;][vc_column_text]<strong>Relations presse<\/strong><\/p>\n<p>Presse \u00e9crite, audiovisuelle, sans oublier les plateformes digitales, l\u2019agence planifie l\u2019ensemble de la strat\u00e9gie RP des \u00e9v\u00e8nements qui lui sont confi\u00e9s.<\/p>\n<p>Penser, cr\u00e9er et valoriser vos messages en fonction de l\u2019actualit\u00e9 et de vos attentes. Travailler sur une strat\u00e9gie de contenu efficace est la cl\u00e9 d\u2019une production \u00e9ditoriale r\u00e9ussie et de retomb\u00e9es m\u00e9diatiques.<\/p>\n<p>&nbsp;<\/p>\n<p><strong>Mobilisation d\u2019influenceurs<\/strong><\/p>\n<p>Les Relations Presse ont consid\u00e9rablement \u00e9volu\u00e9. Cons\u00e9quence naturelle d\u2019une large d\u00e9multiplication des m\u00e9dias : celle des relais d\u2019opinion prescripteurs.<\/p>\n<p>Nous organisons r\u00e9guli\u00e8rement pour nos clients des visites Influenceurs ou des d\u00e9placements sp\u00e9cifiques afin de leur organiser un programme sp\u00e9cial.<\/p>\n<p>&nbsp;<\/p>\n<p><strong>Contenus originaux<\/strong><\/p>\n<p>Infographies, images et m\u00eames vid\u00e9os. Nous en sommes convaincus, les journalistes ont de moins en moins de temps pour lire des dossiers de presse de plus de 20 pages\u2026 Il faut capter leur attention plus rapidement.<\/p>\n<p>Les contenus originaux que nous cr\u00e9ons font partie de nos communications \u00e0 destination des m\u00e9dias et cr\u00e9ateurs de contenus, et ainsi nous faisons la diff\u00e9rence.[\/vc_column_text][\/vc_column][vc_column width=\u00a0\u00bb1\/2&Prime;][vc_single_image image=\u00a0\u00bb1797&Prime; img_size=\u00a0\u00bbfull\u00a0\u00bb css=\u00a0\u00bb.vc_custom_1726825395815{background-image: url(https:\/\/3r-prev.com\/bm\/wp-content\/uploads\/2023\/10\/Groupe-4.png?id=1506) !important;background-position: center !important;background-repeat: no-repeat !important;background-size: contain !important;}\u00a0\u00bb][\/vc_column][\/vc_row][vc_row][vc_column][vc_raw_html]JTNDZGl2JTIwY2xhc3MlM0QlMjJiZWEtdGl0bGUtbGluZS13cmFwJTIyJTNFJTBBJTA5JTNDaDMlMjBjbGFzcyUzRCUyMmJlYS10aXRsZS1saW5lJTIyJTNFTm9zJTIwdmFsZXVycyUzQyUyRmgzJTNFJTBBJTNDJTJGZGl2JTNF[\/vc_raw_html][\/vc_column][\/vc_row][vc_row][vc_column width=\u00a0\u00bb1\/2&Prime;][vc_column_text]<strong>Que faisons-nous ?<\/strong><br \/>\nL\u2019agence B\u00e9atrice Martini RP accompagne les entreprises culturelles \u00e0 r\u00e9inventer leur communication m\u00e9diatique de fa\u00e7on engageante et performante dans le but d\u2019accroitre leur visibilit\u00e9 aupr\u00e8s des publics, de mani\u00e8re qualitative et positive.<\/p>\n<p><strong>Comment le faisons-nous ?<\/strong><br \/>\nNous intervenons en 4 temps : Diagnostic, Conseil, Op\u00e9rationnel et Analyse et nous nous fixons un seul objectif : obtenir une couverture m\u00e9diatique omnicanale 100% qualitative et positive.<\/p>\n<p><strong>Pour qui le faisons-nous ?<br \/>\n<\/strong>Les entreprises artistiques et culturelles (mus\u00e9es, centres d\u2019art, festivals, galeries d\u2019art, foires et salons) ayant l\u2019audace de remettre en cause leur vision de la communication m\u00e9diatique pour se r\u00e9inventer autrement sur leur march\u00e9.<\/p>\n<p><strong>Pourquoi le faisons-nous ?<br \/>\n<\/strong>Nous voulons permettre \u00e0 nos clients de r\u00e9ussir leur transformation m\u00e9diatique et digitale pour se d\u00e9velopper sur leur march\u00e9.<\/p>\n<p>&nbsp;<\/p>\n<p><strong>Quelles valeurs nous apportons ?<\/strong><br \/>\nNotre philosophie, aux antipodes des solutions standardis\u00e9es, nous positionne comme un accompagnateur engag\u00e9 et positif. Notre vision innovante, notre motivation sans faille et nos actions adapt\u00e9es, d\u00e9finissent les valeurs de notre agence.<\/p>\n<p>Nous avan\u00e7ons en toute transparence et soutenons durablement les entreprises d\u00e9sireuses de r\u00e9ussir leur communication m\u00e9diatique de fa\u00e7on p\u00e9renne, efficiente et rentable.[\/vc_column_text][\/vc_column][vc_column width=\u00a0\u00bb1\/2&Prime;][\/vc_column][\/vc_row][vc_row][vc_column]<div class=\"dfd-spacer-module\"  data-units=\"px\" data-wide_resolution=\"1280\" data-wide_size=\"110\" data-normal_resolution=\"1024\" data-normal_size=\"110\" data-tablet_resolution=\"800\" data-tablet_size=\"110\" data-mobile_resolution=\"480\" data-mobile_size=\"110\" style=\"height: 110px;\"><\/div>[\/vc_column][\/vc_row]<\/p>\n<\/div>","protected":false},"excerpt":{"rendered":"<p>[vc_row][vc_column][vc_raw_html]JTNDZGl2JTIwY2xhc3MlM0QlMjJiZWEtdGl0cmUtd3JhcCUyMiUzRSUwQSUwOSUzQ2gxJTIwY2xhc3MlM0QlMjJiZWEtdGl0cmUlMjIlM0VOb3RyZSUyMGFwcHJvY2hlJTNDJTJGaDElM0UlMEElMDklM0NoNSUyMGNsYXNzJTNEJTIyYmVhLXNzLXRpdHJlJTIyJTNFSW1wYWN0YW50ZSUyQyUyMGVuZ2FnJUMzJUE5ZSUyMGV0JTIwcGx1cmllbGxlJTNDJTJGaDUlM0UlMEElM0MlMkZkaXYlM0U=[\/vc_raw_html][\/vc_column][\/vc_row][vc_row][vc_column width=\u00a0\u00bb1\/2&Prime;][vc_raw_html]JTNDZGl2JTIwY2xhc3MlM0QlMjJiZWEtaW50cm8tcGFyYWctd3JhcCUyMiUzRSUwQSUwOSUzQ3AlM0VQb3VyJTIwY2hhcXVlJTIwcHJvamV0JTIwcXVpJTIwbm91cyUyMGVzdCUyMGNvbmZpJUMzJUE5JTJDJTIwbm91cyUyMGNvbnN0aXR1b25zJTIwdW5lJTIwJUMzJUE5cXVpcGUlMjBhZGFwdCVDMyVBOWUlMkMlMjBjb21wb3MlQzMlQTllJTIwZGUlMjBjb25zdWx0YW50LmVzJTIwZXhwZXJ0LmVzJTIwZW4lMjBSZWxhdGlvbnMlMjBwcmVzc2UlMjBldCUyME1hcmtldGluZyUyMGQlRTIlODAlOTlpbmZsdWVuY2UuJTBBRGVzJTIwcHJvZmlscyUyMHZhcmklQzMlQTlzJTJDJTIwZGVzJTIwcGFyY291cnMlMjBkaWZmJUMzJUE5cmVudHMlMkMlMjBkZXMlMjBwYXNzaW9ucyUyMG11bHRpcGxlcyVFMiU4MCVBNiUyMHBvdXIlMjB1biUyMHNldWwlMjBvYmplY3RpZiUyMCUzQSUyMHIlQzMlQTlwb25kcmUlMjBhdXglMjBlbmpldXglMjBzdHJhdCVDMyVBOWdpcXVlcyUyMGRlJTIwbm9zJTIwcHJvamV0cy4lMEElM0MlMkZwJTNFJTBBJTNDJTJGZGl2JTNF[\/vc_raw_html][\/vc_column][vc_column width=\u00a0\u00bb1\/2&Prime;][\/vc_column][\/vc_row][vc_row][vc_column][vc_raw_html]JTNDZGl2JTIwY2xhc3MlM0QlMjJiZWEtdGVhbS13cmFwJTIyJTNFJTBBJTA5JTNDZGl2JTIwY2xhc3MlM0QlMjJjb2xsYWItaXRlbSUyMiUzRSUwQSUwOSUwOSUzQ2ltZyUyMHNyYyUzRCUyMmh0dHBzJTNBJTJGJTJGM3ItcHJldi5jb20lMkZibSUyRndwLWNvbnRlbnQlMkZ1cGxvYWRzJTJGMjAyMyUyRjEwJTJGMS0xLnBuZyUyMiUyMGFsdCUzRCUyMiUyMiUzRSUwQSUwOSUwOSUzQ2g1JTIwY2xhc3MlM0QlMjJiZWEtdGVhbS10aXRsZSUyMiUzRUIlQzMlQTlhdHJpY2UlMjBNYXJ0aW5pJTNDJTJGaDUlM0UlMEElMDklMDklM0NzcGFuJTIwY2xhc3MlM0QlMjJiZWEtdGVhbS1wb3N0ZSUyMiUzRURpcmVjdHJpY2UlMjBnJUMzJUE5biVDMyVBOXJhbGUlM0MlMkZzcGFuJTNFJTBBJTA5JTNDJTJGZGl2JTNFJTBBJTBBJTA5JTNDZGl2JTIwY2xhc3MlM0QlMjJjb2xsYWItaXRlbSUyMiUzRSUwQSUwOSUwOSUzQ2ltZyUyMHNyYyUzRCUyMmh0dHBzJTNBJTJGJTJGM3ItcHJldi5jb20lMkZibSUyRndwLWNvbnRlbnQlMkZ1cGxvYWRzJTJGMjAyMyUyRjEwJTJGMi5wbmclMjIlMjBhbHQlM0QlMjIlMjIlM0UlMEElMDklMDklM0NoNSUyMGNsYXNzJTNEJTIyYmVhLXRlYW0tdGl0bGUlMjIlM0VDYW1pbGxlJTIwRGVsb3J5JTNDJTJGaDUlM0UlMEElMDklMDklM0NzcGFuJTIwY2xhc3MlM0QlMjJiZWEtdGVhbS1wb3N0ZSUyMiUzRVJlc3BvbnNhYmxlJTIwZHUlMjBQJUMzJUI0bGUlMjBSUCUzQyUyRnNwYW4lM0UlMEElMDklM0MlMkZkaXYlM0UlMEElMEElM0NkaXYlMjBjbGFzcyUzRCUyMmNvbGxhYi1pdGVtJTIyJTNFJTBBJTA5JTA5JTNDaW1nJTIwc3JjJTNEJTIyaHR0cHMlM0ElMkYlMkYzci1wcmV2LmNvbSUyRmJtJTJGd3AtY29udGVudCUyRnVwbG9hZHMlMkYyMDIzJTJGMTAlMkY0LTEucG5nJTIyJTIwYWx0JTNEJTIyJTIyJTNFJTBBJTA5JTA5JTNDaDUlMjBjbGFzcyUzRCUyMmJlYS10ZWFtLXRpdGxlJTIyJTNFQ2xhcmElMjBIaW9sbGUlM0MlMkZoNSUzRSUwQSUwOSUwOSUzQ3NwYW4lMjBjbGFzcyUzRCUyMmJlYS10ZWFtLXBvc3RlJTIyJTNFQXNzaXN0YW50ZSUyMENvbW11bmljYXRpb24lM0MlMkZzcGFuJTNFJTBBJTA5JTNDJTJGZGl2JTNFJTBBJTBBJTA5JTNDZGl2JTIwY2xhc3MlM0QlMjJjb2xsYWItaXRlbSUyMiUzRSUwQSUwOSUwOSUzQ2ltZyUyMHNyYyUzRCUyMmh0dHBzJTNBJTJGJTJGM3ItcHJldi5jb20lMkZibSUyRndwLWNvbnRlbnQlMkZ1cGxvYWRzJTJGMjAyMyUyRjEwJTJGMy5wbmclMjIlMjBhbHQlM0QlMjIlMjIlM0UlMEElMDklMDklM0NoNSUyMGNsYXNzJTNEJTIyYmVhLXRlYW0tdGl0bGUlMjIlM0VKdWxpZSUyMENhbXBvcyUzQyUyRmg1JTNFJTBBJTA5JTA5JTNDc3BhbiUyMGNsYXNzJTNEJTIyYmVhLXRlYW0tcG9zdGUlMjIlM0VSZXNwb25zYWJsZSUyMFAlQzMlQjRsZSUyMEluZmx1ZW5jZSUzQyUyRnNwYW4lM0UlMEElMDklM0MlMkZkaXYlM0UlMEElMEElM0NkaXYlMjBjbGFzcyUzRCUyMmNvbGxhYi1pdGVtJTIyJTNFJTBBJTA5JTA5JTNDaW1nJTIwc3JjJTNEJTIyaHR0cHMlM0ElMkYlMkYzci1wcmV2LmNvbSUyRmJtJTJGd3AtY29udGVudCUyRnVwbG9hZHMlMkYyMDIzJTJGMTAlMkY0LTEucG5nJTIyJTIwYWx0JTNEJTIyJTIyJTNFJTBBJTA5JTA5JTNDaDUlMjBjbGFzcyUzRCUyMmJlYS10ZWFtLXRpdGxlJTIyJTNFTWljaGFsaW5hJTIwQmFydG9zenluc2thJTNDJTJGaDUlM0UlMEElMDklMDklM0NzcGFuJTIwY2xhc3MlM0QlMjJiZWEtdGVhbS1wb3N0ZSUyMiUzRUFzc2lzdGFudGUlMjBDb21tdW5pY2F0aW9uJTNDJTJGc3BhbiUzRSUwQSUwOSUzQyUyRmRpdiUzRSUwQSUwQSUzQyUyRmRpdiUzRQ==[\/vc_raw_html][\/vc_column][\/vc_row][vc_row force_equal_height_columns=\u00a0\u00bbmain_row\u00a0\u00bb][vc_column][vc_raw_html]JTNDZGl2JTIwY2xhc3MlM0QlMjJiZWEtdGl0bGUtbGluZS13cmFwJTIyJTNFJTBBJTA5JTNDaDMlMjBjbGFzcyUzRCUyMmJlYS10aXRsZS1saW5lJTIyJTNFRXhwZXJ0aXNlJTNDJTJGaDMlM0UlMEElM0MlMkZkaXYlM0U=[\/vc_raw_html][\/vc_column][\/vc_row][vc_row force_equal_height_columns=\u00a0\u00bbmain_row\u00a0\u00bb][vc_column width=\u00a0\u00bb1\/2&Prime;][vc_column_text]Relations presse Presse \u00e9crite, audiovisuelle, sans oublier les plateformes digitales, l\u2019agence planifie l\u2019ensemble de la strat\u00e9gie RP des \u00e9v\u00e8nements qui lui sont confi\u00e9s. Penser, cr\u00e9er<\/p>\n","protected":false},"author":1,"featured_media":0,"parent":0,"menu_order":0,"comment_status":"closed","ping_status":"closed","template":"page-custom.php","meta":{"_acf_changed":false,"footnotes":""},"class_list":["post-1492","page","type-page","status-publish","hentry"],"acf":[],"_links":{"self":[{"href":"https:\/\/3r-prev.com\/bm\/wp-json\/wp\/v2\/pages\/1492","targetHints":{"allow":["GET"]}}],"collection":[{"href":"https:\/\/3r-prev.com\/bm\/wp-json\/wp\/v2\/pages"}],"about":[{"href":"https:\/\/3r-prev.com\/bm\/wp-json\/wp\/v2\/types\/page"}],"author":[{"embeddable":true,"href":"https:\/\/3r-prev.com\/bm\/wp-json\/wp\/v2\/users\/1"}],"replies":[{"embeddable":true,"href":"https:\/\/3r-prev.com\/bm\/wp-json\/wp\/v2\/comments?post=1492"}],"version-history":[{"count":29,"href":"https:\/\/3r-prev.com\/bm\/wp-json\/wp\/v2\/pages\/1492\/revisions"}],"predecessor-version":[{"id":1847,"href":"https:\/\/3r-prev.com\/bm\/wp-json\/wp\/v2\/pages\/1492\/revisions\/1847"}],"wp:attachment":[{"href":"https:\/\/3r-prev.com\/bm\/wp-json\/wp\/v2\/media?parent=1492"}],"curies":[{"name":"wp","href":"https:\/\/api.w.org\/{rel}","templated":true}]}}